 
{"id":91,"date":"2022-12-19T01:53:48","date_gmt":"2022-12-18T18:53:48","guid":{"rendered":"http:\/\/nt12.chonweb.vn\/?post_type=product&#038;p=91"},"modified":"2025-12-02T20:43:41","modified_gmt":"2025-12-02T13:43:41","slug":"du-lich-chau-au-duc-ha-lan-bi-phap-thuy-si","status":"publish","type":"product","link":"https:\/\/asahivietlife.tokyo\/vi\/tour\/du-lich-chau-au-duc-ha-lan-bi-phap-thuy-si\/","title":{"rendered":"C\u0110V_L\u00e0ng c\u1ed5 Shirakawago_T\u1eeb Osaka"},"content":{"rendered":"<p><strong>OSAKA &#8211; KYOTO &#8211; SHIRAKAWAGO &#8211; TAKAYAMA &#8211; PH\u00da S\u0128 &#8211; TOKYO<\/strong><\/p>\n<p><strong><em>NO SHOPPING<\/em><\/strong><\/p>\n<ul>\n<li><strong> Th\u1eddi gian: 6 ng\u00e0y 5 \u0111\u00eam ( 1 ng\u00e0y m\u00e1y bay)<\/strong><\/li>\n<li><strong> Ph\u01b0\u01a1ng ti\u1ec7n: H\u00e0ng kh\u00f4ng, \u00f4 t\u00f4 ch\u1ea5t l\u01b0\u1ee3ng cao<\/strong><\/li>\n<\/ul>\n<p>&nbsp;<\/p>\n<p><strong>\u0110I\u1ec2M N\u1ed4I B\u1eacT C\u1ee6A CH\u01af\u01a0NG TR\u00ccNH:<\/strong><\/p>\n<ul>\n<li>Bay th\u1eb3ng <strong>Vietnam Airlines &#8211; VietJet Air<\/strong>\u00a0chuy\u1ebfn v\u1ec1 chi\u1ec1u, h\u00e0nh tr\u00ecnh h\u1ee3p l\u00fd, t\u1ed1i \u01b0u th\u1eddi gian tham quan, mua s\u1eafm\u2026<\/li>\n<li>Tham quan <strong>Ch\u00f9a V\u00e0ng<\/strong> \u2013 ki\u1ec7t t\u00e1c ki\u1ebfn tr\u00fac d\u00e1t v\u00e0ng, di s\u1ea3n v\u0103n h\u00f3a th\u1ebf gi\u1edbi t\u1ea1i Kyoto<\/li>\n<li>Tham quan <strong>L\u00e0ng c\u1ed5 Shirakawa-go<\/strong> \u0111\u01b0\u1ee3c UNESCO c\u00f4ng nh\u1eadn l\u00e0 Di s\u1ea3n Th\u1ebf gi\u1edbi \u2013 ng\u00f4i l\u00e0ng v\u1edbi v\u1ebb \u0111\u1eb9p th\u1ea7n ti\u00ean nh\u01b0 b\u01b0\u1edbc ra t\u1eeb truy\u1ec7n c\u1ed5<\/li>\n<li>Tham quan <strong>Ph\u1ed1 c\u1ed5 Takayama <\/strong>c\u00f2n \u0111\u01b0\u1ee3c m\u1ec7nh danh l\u00e0 \u201cTi\u1ec3u Kyoto\u201d, n\u01a1i l\u01b0u gi\u1eef ki\u1ebfn tr\u00fac truy\u1ec1n th\u1ed1ng v\u00e0 kh\u00f4ng kh\u00ed Nh\u1eadt B\u1ea3n x\u01b0a<\/li>\n<li>Tham quan <strong>L\u00e2u \u0111\u00e0i Matsumoto<\/strong> c\u1ed5 k\u00ednh v\u00e0 \u0111\u1eb9p n\u1ed5i ti\u1ebfng nh\u1ea5t \u0111\u1ea5t n\u01b0\u1edbc M\u1eb7t Tr\u1eddi M\u1ecdc<\/li>\n<li>Tham quan <strong>Ch\u00f9a Asakusa Kannon<\/strong>, bi\u1ec3u t\u01b0\u1ee3ng t\u00e2m linh linh thi\u00eang v\u00e0 l\u00e2u \u0111\u1eddi nh\u1ea5t c\u1ee7a Tokyo<\/li>\n<li>Th\u01b0\u1edfng th\u1ee9c \u0111\u1eb7c s\u1ea3n <strong>th\u1ecbt b\u00f2 Hida<\/strong> tr\u1ee9 danh Nh\u1eadt B\u1ea3n<\/li>\n<li>Tr\u1ea3i nghi\u1ec7m <strong>t\u1eafm onsen<\/strong><\/li>\n<li><strong>Ch\u01b0\u01a1ng tr\u00ecnh No Shopping \u2013 kh\u00f4ng v\u00e0o \u0111i\u1ec3m mua s\u1eafm b\u1eaft bu\u1ed9c<\/strong><\/li>\n<\/ul>\n","protected":false},"excerpt":{"rendered":"<p data-path-to-node=\"3\">H\u00e0nh tr\u00ecnh 6 ng\u00e0y \u0111\u01b0\u1ee3c thi\u1ebft k\u1ebf khoa h\u1ecdc, \u0111\u01b0a Qu\u00fd kh\u00e1ch kh\u00e1m ph\u00e1 c\u00e1c Di s\u1ea3n Th\u1ebf gi\u1edbi, L\u00e2u \u0111\u00e0i c\u1ed5 k\u00ednh v\u00e0 nh\u1eefng trung t\u00e2m \u0111\u00f4 th\u1ecb hi\u1ec7n \u0111\u1ea1i, di chuy\u1ec3n li\u1ec1n m\u1ea1ch t\u1eeb Osaka \u0111\u1ebfn Tokyo.<\/p>\n<table data-path-to-node=\"4\">\n<thead>\n<tr>\n<td><strong>Ng\u00e0y<\/strong><\/td>\n<td><strong>Khu v\u1ef1c Ch\u00ednh<\/strong><\/td>\n<td><strong>\u0110i\u1ec3m nh\u1ea5n Tr\u1ea3i nghi\u1ec7m<\/strong><\/td>\n<\/tr>\n<\/thead>\n<tbody>\n<tr>\n<td><span data-path-to-node=\"4,1,0,0\"><b>NG\u00c0Y 1<\/b><\/span><\/td>\n<td><span data-path-to-node=\"4,1,1,0\"><b>KANSAI \u2192 KYOTO \u2192 GIFU<\/b><\/span><\/td>\n<td><span data-path-to-node=\"4,1,2,0\">? H\u1ea1 c\u00e1nh S\u00e2n bay Kansai (KIX). Tham quan <b>L\u00e2u \u0111\u00e0i Osaka<\/b> (ngo\u00e0i) v\u00e0 <b>Ch\u00f9a Kinkakuji (Ch\u00f9a V\u00e0ng)<\/b> t\u1ea1i Kyoto. Ngh\u1ec9 \u0111\u00eam t\u1ea1i Gifu.<\/span><\/td>\n<\/tr>\n<tr>\n<td><span data-path-to-node=\"4,2,0,0\"><b>NG\u00c0Y 2<\/b><\/span><\/td>\n<td><span data-path-to-node=\"4,2,1,0\"><b>DI S\u1ea2N V\u0102N H\u00d3A<\/b><\/span><\/td>\n<td><span data-path-to-node=\"4,2,2,0\">? Kh\u00e1m ph\u00e1 <b>Di s\u1ea3n Th\u1ebf gi\u1edbi Shirakawa-go<\/b> v\u1edbi nh\u00e0 c\u1ed5 m\u00e1i d\u1ed1c Gassho-zukuri \u0111\u1ed9c \u0111\u00e1o. D\u1ea1o b\u01b0\u1edbc t\u1ea1i <b>Ph\u1ed1 c\u1ed5 Takayama<\/b> (&#8220;Kyoto thu nh\u1ecf&#8221;).<\/span><\/td>\n<\/tr>\n<tr>\n<td><span data-path-to-node=\"4,3,0,0\"><b>NG\u00c0Y 3<\/b><\/span><\/td>\n<td><span data-path-to-node=\"4,3,1,0\"><b>MATSUMOTO \u2192 PH\u00da S\u0128<\/b><\/span><\/td>\n<td><span data-path-to-node=\"4,3,2,0\">? Chi\u00eam ng\u01b0\u1ee1ng <b>L\u00e2u \u0111\u00e0i Matsumoto<\/b> (&#8220;Qu\u1ea1 \u0110en&#8221;) c\u1ed5 k\u00ednh. Th\u0103m <b>\u0110\u1ec1n Fuji Sengen<\/b> v\u00e0 <b>L\u00e0ng c\u1ed5 Oshino Hakkai<\/b> d\u01b0\u1edbi ch\u00e2n n\u00fai Ph\u00fa S\u0129. Th\u01b0 gi\u00e3n v\u1edbi tr\u1ea3i nghi\u1ec7m <b>t\u1eafm Onsen<\/b>.<\/span><\/td>\n<\/tr>\n<tr>\n<td><span data-path-to-node=\"4,4,0,0\"><b>NG\u00c0Y 4<\/b><\/span><\/td>\n<td><span data-path-to-node=\"4,4,1,0\"><b>PH\u00da S\u0128 \u2192 TOKYO<\/b><\/span><\/td>\n<td><span data-path-to-node=\"4,4,2,0\">? Chi\u00eam ng\u01b0\u1ee1ng c\u1ea3nh quan l\u00e3ng m\u1ea1n t\u1ea1i <b>\u0110\u01b0\u1eddng h\u1ea7m l\u00e1 phong (Momiji Kairo)<\/b> (t\u00f9y m\u00f9a). Quay v\u1ec1 Tokyo, th\u0103m <b>Ch\u00f9a Asakusa Kannon<\/b> v\u00e0 ng\u1eafm <b>Tokyo Sky Tree<\/b>.<\/span><\/td>\n<\/tr>\n<tr>\n<td><span data-path-to-node=\"4,5,0,0\"><b>NG\u00c0Y 5<\/b><\/span><\/td>\n<td><span data-path-to-node=\"4,5,1,0\"><b>TOKYO HI\u1ec6N \u0110\u1ea0I<\/b><\/span><\/td>\n<td><span data-path-to-node=\"4,5,2,0\">? Tham quan <b>Ho\u00e0ng cung Nh\u1eadt B\u1ea3n<\/b> (ngo\u00e0i). Kh\u00e1m ph\u00e1 khu gi\u1ea3i tr\u00ed v\u00e0 mua s\u1eafm t\u1ea1i <b>V\u1ecbnh Odaiba<\/b>. Mua s\u1eafm t\u1ea1i Akihabara (n\u1ebfu th\u1eddi gian cho ph\u00e9p).<\/span><\/td>\n<\/tr>\n<tr>\n<td><span data-path-to-node=\"4,6,0,0\"><b>NG\u00c0Y 6<\/b><\/span><\/td>\n<td><span data-path-to-node=\"4,6,1,0\"><b>TOKYO \u2192 V\u1ec0 N\u01af\u1edaC<\/b><\/span><\/td>\n<td><span data-path-to-node=\"4,6,2,0\">\u2708\ufe0f D\u00f9ng b\u1eefa s\u00e1ng cu\u1ed1i c\u00f9ng. Di chuy\u1ec3n ra <b>S\u00e2n bay Haneda (HND)<\/b>, \u0111\u00e1p chuy\u1ebfn bay v\u1ec1 H\u00e0 N\u1ed9i, k\u1ebft th\u00fac h\u00e0nh tr\u00ecnh.<\/span><\/td>\n<\/tr>\n<\/tbody>\n<\/table>\n<hr data-path-to-node=\"5\" \/>\n<p data-path-to-node=\"6\"><b>Asahi VietLife<\/b> \u0111\u1ea3m b\u1ea3o m\u1ed9t h\u00e0nh tr\u00ecnh tr\u1ecdn v\u1eb9n, k\u1ebft h\u1ee3p h\u00e0i h\u00f2a gi\u1eefa l\u1ecbch s\u1eed, thi\u00ean nhi\u00ean v\u00e0 v\u0103n h\u00f3a hi\u1ec7n \u0111\u1ea1i c\u1ee7a Nh\u1eadt B\u1ea3n.<\/p>\n","protected":false},"featured_media":440,"comment_status":"open","ping_status":"closed","template":"","meta":[],"product_cat":[20,21,77,78],"product_tag":[],"class_list":["post-91","product","type-product","status-publish","has-post-thumbnail","hentry","diem-den-nhat-ban","phuong-tien-moving-by-car","product_cat-multi-day-tours","product_cat-city-tours-nhat-ban","product_cat-du-lich-nhat-ban","product_cat-du-lich-van-hoa-thien-nhien-nhat-ban"],"yoast_head":"<!-- This site is optimized with the Yoast SEO plugin v14.3 - https:\/\/yoast.com\/wordpress\/plugins\/seo\/ -->\n<title>C\u0110V_L\u00e0ng c\u1ed5 Shirakawago_T\u1eeb Osaka - Japan Travel - Asahi VietLife<\/title>\n<meta name=\"robots\" content=\"index, follow\" \/>\n<meta name=\"googlebot\" content=\"index, follow, max-snippet:-1, max-image-preview:large, max-video-preview:-1\" \/>\n<meta name=\"bingbot\" content=\"index, follow, max-snippet:-1, max-image-preview:large, max-video-preview:-1\" \/>\n<link rel=\"canonical\" href=\"https:\/\/asahijapantours.com\/tour\/du-lich-chau-au-duc-ha-lan-bi-phap-thuy-si\/\" \/>\n<meta property=\"og:locale\" content=\"vi_VN\" \/>\n<meta property=\"og:type\" content=\"article\" \/>\n<meta property=\"og:title\" content=\"C\u0110V_L\u00e0ng c\u1ed5 Shirakawago_T\u1eeb Osaka - Japan Travel - Asahi VietLife\" \/>\n<meta property=\"og:description\" content=\"H\u00e0nh tr\u00ecnh 6 ng\u00e0y \u0111\u01b0\u1ee3c thi\u1ebft k\u1ebf khoa h\u1ecdc, \u0111\u01b0a Qu\u00fd kh\u00e1ch kh\u00e1m ph\u00e1 c\u00e1c Di s\u1ea3n Th\u1ebf gi\u1edbi, L\u00e2u \u0111\u00e0i c\u1ed5 k\u00ednh v\u00e0 nh\u1eefng trung t\u00e2m \u0111\u00f4 th\u1ecb hi\u1ec7n \u0111\u1ea1i, di chuy\u1ec3n li\u1ec1n m\u1ea1ch t\u1eeb Osaka \u0111\u1ebfn Tokyo.     Ng\u00e0y Khu v\u1ef1c Ch\u00ednh \u0110i\u1ec3m nh\u1ea5n Tr\u1ea3i nghi\u1ec7m     NG\u00c0Y 1 KANSAI \u2192 KYOTO \u2192 GIFU ? H\u1ea1 c\u00e1nh S\u00e2n bay Kansai (KIX). Tham quan L\u00e2u \u0111\u00e0i Osaka (ngo\u00e0i) v\u00e0 Ch\u00f9a Kinkakuji (Ch\u00f9a V\u00e0ng) t\u1ea1i Kyoto. Ngh\u1ec9 \u0111\u00eam t\u1ea1i Gifu.   NG\u00c0Y 2 DI S\u1ea2N V\u0102N H\u00d3A ? Kh\u00e1m ph\u00e1 Di s\u1ea3n Th\u1ebf gi\u1edbi Shirakawa-go v\u1edbi nh\u00e0 c\u1ed5 m\u00e1i d\u1ed1c Gassho-zukuri \u0111\u1ed9c \u0111\u00e1o. D\u1ea1o b\u01b0\u1edbc t\u1ea1i Ph\u1ed1 c\u1ed5 Takayama (&quot;Kyoto thu nh\u1ecf&quot;).   NG\u00c0Y 3 MATSUMOTO \u2192 PH\u00da S\u0128 ? Chi\u00eam ng\u01b0\u1ee1ng L\u00e2u \u0111\u00e0i Matsumoto (&quot;Qu\u1ea1 \u0110en&quot;) c\u1ed5 k\u00ednh. Th\u0103m \u0110\u1ec1n Fuji Sengen v\u00e0 L\u00e0ng c\u1ed5 Oshino Hakkai d\u01b0\u1edbi ch\u00e2n n\u00fai Ph\u00fa S\u0129. Th\u01b0 gi\u00e3n v\u1edbi tr\u1ea3i nghi\u1ec7m t\u1eafm Onsen.   NG\u00c0Y 4 PH\u00da S\u0128 \u2192 TOKYO ? Chi\u00eam ng\u01b0\u1ee1ng c\u1ea3nh quan l\u00e3ng m\u1ea1n t\u1ea1i \u0110\u01b0\u1eddng h\u1ea7m l\u00e1 phong (Momiji Kairo) (t\u00f9y m\u00f9a). Quay v\u1ec1 Tokyo, th\u0103m Ch\u00f9a Asakusa Kannon v\u00e0 ng\u1eafm Tokyo Sky Tree.   NG\u00c0Y 5 TOKYO HI\u1ec6N \u0110\u1ea0I ? Tham quan Ho\u00e0ng cung Nh\u1eadt B\u1ea3n (ngo\u00e0i). Kh\u00e1m ph\u00e1 khu gi\u1ea3i tr\u00ed v\u00e0 mua s\u1eafm t\u1ea1i V\u1ecbnh Odaiba. Mua s\u1eafm t\u1ea1i Akihabara (n\u1ebfu th\u1eddi gian cho ph\u00e9p).   NG\u00c0Y 6 TOKYO \u2192 V\u1ec0 N\u01af\u1edaC \u2708\ufe0f D\u00f9ng b\u1eefa s\u00e1ng cu\u1ed1i c\u00f9ng. Di chuy\u1ec3n ra S\u00e2n bay Haneda (HND), \u0111\u00e1p chuy\u1ebfn bay v\u1ec1 H\u00e0 N\u1ed9i, k\u1ebft th\u00fac h\u00e0nh tr\u00ecnh.      Asahi VietLife \u0111\u1ea3m b\u1ea3o m\u1ed9t h\u00e0nh tr\u00ecnh tr\u1ecdn v\u1eb9n, k\u1ebft h\u1ee3p h\u00e0i h\u00f2a gi\u1eefa l\u1ecbch s\u1eed, thi\u00ean nhi\u00ean v\u00e0 v\u0103n h\u00f3a hi\u1ec7n \u0111\u1ea1i c\u1ee7a Nh\u1eadt B\u1ea3n.\" \/>\n<meta property=\"og:url\" content=\"https:\/\/asahijapantours.com\/tour\/du-lich-chau-au-duc-ha-lan-bi-phap-thuy-si\/\" \/>\n<meta property=\"og:site_name\" content=\"Japan Travel - Asahi VietLife\" \/>\n<meta property=\"article:modified_time\" content=\"2025-12-02T13:43:41+00:00\" \/>\n<meta property=\"og:image\" content=\"https:\/\/asahivietlife.tokyo\/wp-content\/uploads\/2022\/12\/1586509952_maxresdefault.jpg\" \/>\n\t<meta property=\"og:image:width\" content=\"1280\" \/>\n\t<meta property=\"og:image:height\" content=\"720\" \/>\n<meta name=\"twitter:card\" content=\"summary\" \/>\n<script type=\"application\/ld+json\" class=\"yoast-schema-graph\">{\"@context\":\"https:\/\/schema.org\",\"@graph\":[{\"@type\":\"WebSite\",\"@id\":\"https:\/\/asahivietlife.tokyo\/vi\/#website\",\"url\":\"https:\/\/asahivietlife.tokyo\/vi\/\",\"name\":\"Japan Travel - Asahi VietLife\",\"description\":\"Japan Tour Packages\",\"potentialAction\":[{\"@type\":\"SearchAction\",\"target\":\"https:\/\/asahivietlife.tokyo\/vi\/?s={search_term_string}\",\"query-input\":\"required name=search_term_string\"}],\"inLanguage\":\"vi\"},{\"@type\":\"ImageObject\",\"@id\":\"https:\/\/asahijapantours.com\/tour\/du-lich-chau-au-duc-ha-lan-bi-phap-thuy-si\/#primaryimage\",\"inLanguage\":\"vi\",\"url\":\"https:\/\/asahivietlife.tokyo\/wp-content\/uploads\/2022\/12\/1586509952_maxresdefault.jpg\",\"width\":1280,\"height\":720},{\"@type\":\"WebPage\",\"@id\":\"https:\/\/asahijapantours.com\/tour\/du-lich-chau-au-duc-ha-lan-bi-phap-thuy-si\/#webpage\",\"url\":\"https:\/\/asahijapantours.com\/tour\/du-lich-chau-au-duc-ha-lan-bi-phap-thuy-si\/\",\"name\":\"C\\u0110V_L\\u00e0ng c\\u1ed5 Shirakawago_T\\u1eeb Osaka - Japan Travel - Asahi VietLife\",\"isPartOf\":{\"@id\":\"https:\/\/asahivietlife.tokyo\/vi\/#website\"},\"primaryImageOfPage\":{\"@id\":\"https:\/\/asahijapantours.com\/tour\/du-lich-chau-au-duc-ha-lan-bi-phap-thuy-si\/#primaryimage\"},\"datePublished\":\"2022-12-18T18:53:48+00:00\",\"dateModified\":\"2025-12-02T13:43:41+00:00\",\"breadcrumb\":{\"@id\":\"https:\/\/asahijapantours.com\/tour\/du-lich-chau-au-duc-ha-lan-bi-phap-thuy-si\/#breadcrumb\"},\"inLanguage\":\"vi\",\"potentialAction\":[{\"@type\":\"ReadAction\",\"target\":[\"https:\/\/asahijapantours.com\/tour\/du-lich-chau-au-duc-ha-lan-bi-phap-thuy-si\/\"]}]},{\"@type\":\"BreadcrumbList\",\"@id\":\"https:\/\/asahijapantours.com\/tour\/du-lich-chau-au-duc-ha-lan-bi-phap-thuy-si\/#breadcrumb\",\"itemListElement\":[{\"@type\":\"ListItem\",\"position\":1,\"item\":{\"@type\":\"WebPage\",\"@id\":\"https:\/\/asahivietlife.tokyo\/\",\"url\":\"https:\/\/asahivietlife.tokyo\/\",\"name\":\"AsahiVietLife-Explore Japan\"}},{\"@type\":\"ListItem\",\"position\":2,\"item\":{\"@type\":\"WebPage\",\"@id\":\"https:\/\/asahivietlife.tokyo\/gio-hang\/\",\"url\":\"https:\/\/asahivietlife.tokyo\/gio-hang\/\",\"name\":\"Cart\"}},{\"@type\":\"ListItem\",\"position\":3,\"item\":{\"@type\":\"WebPage\",\"@id\":\"https:\/\/asahijapantours.com\/tour\/du-lich-chau-au-duc-ha-lan-bi-phap-thuy-si\/\",\"url\":\"https:\/\/asahijapantours.com\/tour\/du-lich-chau-au-duc-ha-lan-bi-phap-thuy-si\/\",\"name\":\"C\\u0110V_L\\u00e0ng c\\u1ed5 Shirakawago_T\\u1eeb Osaka\"}}]}]}<\/script>\n<!-- \/ Yoast SEO plugin. -->","_links":{"self":[{"href":"https:\/\/asahivietlife.tokyo\/vi\/wp-json\/wp\/v2\/product\/91","targetHints":{"allow":["GET"]}}],"collection":[{"href":"https:\/\/asahivietlife.tokyo\/vi\/wp-json\/wp\/v2\/product"}],"about":[{"href":"https:\/\/asahivietlife.tokyo\/vi\/wp-json\/wp\/v2\/types\/product"}],"replies":[{"embeddable":true,"href":"https:\/\/asahivietlife.tokyo\/vi\/wp-json\/wp\/v2\/comments?post=91"}],"wp:featuredmedia":[{"embeddable":true,"href":"https:\/\/asahivietlife.tokyo\/vi\/wp-json\/wp\/v2\/media\/440"}],"wp:attachment":[{"href":"https:\/\/asahivietlife.tokyo\/vi\/wp-json\/wp\/v2\/media?parent=91"}],"wp:term":[{"taxonomy":"product_cat","embeddable":true,"href":"https:\/\/asahivietlife.tokyo\/vi\/wp-json\/wp\/v2\/product_cat?post=91"},{"taxonomy":"product_tag","embeddable":true,"href":"https:\/\/asahivietlife.tokyo\/vi\/wp-json\/wp\/v2\/product_tag?post=91"}],"curies":[{"name":"wp","href":"https:\/\/api.w.org\/{rel}","templated":true}]}}