 
{"id":89,"date":"2022-12-17T01:48:05","date_gmt":"2022-12-16T18:48:05","guid":{"rendered":"http:\/\/nt12.chonweb.vn\/?post_type=product&#038;p=89"},"modified":"2025-12-02T20:32:40","modified_gmt":"2025-12-02T13:32:40","slug":"tour-du-lich-cho-ky-nghi-dai-10-ngay_loai-1","status":"publish","type":"product","link":"https:\/\/asahivietlife.tokyo\/vi\/tour\/tour-du-lich-cho-ky-nghi-dai-10-ngay_loai-1\/","title":{"rendered":"Tour du l\u1ecbch cho k\u1ef3 ngh\u1ec9 d\u00e0i 10 Ng\u00e0y_Lo\u1ea1i 1_T\u1eeb Osaka"},"content":{"rendered":"<div class=\"prod_description\">\n<h1 data-path-to-node=\"2\"><b>\u0110\u1ea0I TOUR NH\u1eacT B\u1ea2N: Tr\u1ea3i Nghi\u1ec7m 10 Ng\u00e0y \u0110\u1ed9c Quy\u1ec1n C\u00f9ng Asahi VietLife<\/b><\/h1>\n<h2 data-path-to-node=\"3\">? <b>C\u1ea3m Nh\u1eadn Nh\u1eadt B\u1ea3n Ch\u00e2n Th\u1ef1c, An T\u00e2m Tuy\u1ec7t \u0110\u1ed1i (10 Ng\u00e0y \/ 9 \u0110\u00eam)<\/b><\/h2>\n<p data-path-to-node=\"4\">Ch\u00e0o m\u1eebng Qu\u00fd kh\u00e1ch \u0111\u1ebfn v\u1edbi h\u00e0nh tr\u00ecnh <b>10 ng\u00e0y, 9 \u0111\u00eam<\/b> \u0111\u01b0\u1ee3c thi\u1ebft k\u1ebf \u0111\u1ec3 mang l\u1ea1i tr\u1ea3i nghi\u1ec7m <b>H\u00d2A M\u00ccNH S\u00c2U S\u1eaeC<\/b>, kh\u00f4ng ch\u1ec9 \u0111\u01a1n thu\u1ea7n l\u00e0 tham quan.<\/p>\n<p data-path-to-node=\"5\">L\u00e0 c\u00f4ng ty l\u1eef h\u00e0nh uy t\u00edn c\u00f3 tr\u1ee5 s\u1edf ngay t\u1ea1i Nh\u1eadt B\u1ea3n, <b>Asahi VietLife<\/b> cam k\u1ebft mang \u0111\u1ebfn s\u1ef1 <b>Chuy\u00ean Nghi\u1ec7p<\/b> v\u00e0 s\u1ef1 <b>An T\u00e2m Tuy\u1ec7t \u0110\u1ed1i<\/b> trong t\u1eebng b\u01b0\u1edbc \u0111i c\u1ee7a Qu\u00fd kh\u00e1ch.<\/p>\n<hr data-path-to-node=\"6\" \/>\n<h3 data-path-to-node=\"7\"><b>\u00a0\u0110i\u1ec3m \u0110\u1eb7c Bi\u1ec7t T\u1ea1o N\u00ean S\u1ef1 Kh\u00e1c Bi\u1ec7t:<\/b><\/h3>\n<ul data-path-to-node=\"8\">\n<li>\n<p data-path-to-node=\"8,0,0\"><b>Chuy\u00ean Gia V\u0103n H\u00f3a \u0110\u1ed3ng H\u00e0nh:<\/b> \u0110\u1ed9i ng\u0169 H\u01b0\u1edbng d\u1eabn vi\u00ean <b>th\u00f4ng th\u1ea1o ti\u1ebfng Vi\u1ec7t &#8211;\u00a0 Anh &#8211; Nh\u1eadt<\/b>\u00a0kh\u00f4ng ch\u1ec9 l\u00e0 ng\u01b0\u1eddi d\u1eabn \u0111\u01b0\u1eddng, m\u00e0 c\u00f2n l\u00e0 chuy\u00ean gia v\u0103n h\u00f3a am hi\u1ec3u s\u00e2u s\u1eafc v\u1ec1 \u0110\u1ea5t n\u01b0\u1edbc M\u1eb7t tr\u1eddi m\u1ecdc.<\/p>\n<\/li>\n<li>\n<p data-path-to-node=\"8,1,0\"><b>X\u00f3a B\u1ecf R\u00e0o C\u1ea3n:<\/b> H\u1ecd s\u1ebd x\u1eed l\u00fd m\u1ecdi chi ti\u1ebft, chia s\u1ebb nh\u1eefng c\u00e2u chuy\u1ec7n th\u00fa v\u1ecb, v\u00e0 gi\u00fap Qu\u00fd kh\u00e1ch k\u1ebft n\u1ed1i tr\u1ecdn v\u1eb9n v\u1edbi v\u0103n h\u00f3a \u0111\u1ecba ph\u01b0\u01a1ng.<\/p>\n<\/li>\n<li>\n<p data-path-to-node=\"8,2,0\"><b>Ch\u0103m S\u00f3c T\u1eadn T\u00e2m:<\/b> M\u1ecdi kho\u1ea3nh kh\u1eafc c\u1ee7a chuy\u1ebfn \u0111i \u0111\u1ec1u \u0111\u01b0\u1ee3c <b>ch\u0103m s\u00f3c b\u1edfi nh\u1eefng ng\u01b0\u1eddi am hi\u1ec3u Nh\u1eadt B\u1ea3n nh\u1ea5t<\/b>.<\/p>\n<\/li>\n<\/ul>\n<h3 data-path-to-node=\"9\">?\ufe0f <b>H\u00e0nh Tr\u00ecnh \u0110\u1ec9nh Cao:<\/b><\/h3>\n<p data-path-to-node=\"10\">T\u1eeb l\u00e2u \u0111\u00e0i c\u1ed5 k\u00ednh c\u1ee7a <b>Kyoto<\/b> v\u00e0 <b>Osaka<\/b>, \u0111\u1ebfn v\u1ebb \u0111\u1eb9p h\u00f9ng v\u0129 c\u1ee7a <b>N\u00fai Ph\u00fa S\u0129<\/b>, v\u00e0 n\u0103ng l\u01b0\u1ee3ng s\u00f4i \u0111\u1ed9ng c\u1ee7a <b>Tokyo<\/b> hi\u1ec7n \u0111\u1ea1i.<\/p>\n<blockquote data-path-to-node=\"11\">\n<p data-path-to-node=\"11,0\"><b>Asahi VietLife<\/b> l\u00e0 \u0111\u1ed1i t\u00e1c \u0111\u00e1ng tin c\u1eady, bi\u1ebfn chuy\u1ebfn \u0111i Nh\u1eadt B\u1ea3n c\u1ee7a Qu\u00fd kh\u00e1ch th\u00e0nh m\u1ed9t <b>K\u00fd \u1ee8c KH\u00d4NG TH\u1ec2 N\u00c0O QU\u00caN!<\/b><\/p>\n<\/blockquote>\n<\/div>\n","protected":false},"excerpt":{"rendered":"<h2 data-path-to-node=\"2\"><b>T\u1ed4NG H\u1ee2P TOUR \u0110\u1ea0I NH\u1eacT B\u1ea2N 10 NG\u00c0Y: D\u1ec4 \u0110\u1eccC &amp; TR\u1ef0C QUAN<\/b><\/h2>\n<p data-path-to-node=\"3\">H\u00e0nh tr\u00ecnh 10 ng\u00e0y \u0111\u01b0a b\u1ea1n kh\u00e1m ph\u00e1 nh\u1eefng \u0111i\u1ec3m n\u1ed5i b\u1eadt nh\u1ea5t c\u1ee7a Nh\u1eadt B\u1ea3n, chia th\u00e0nh c\u00e1c v\u00f9ng tr\u1ea3i nghi\u1ec7m ch\u00ednh:<\/p>\n<ul data-path-to-node=\"4\">\n<li>\n<p data-path-to-node=\"4,0,0\"><b>V\u0103n H\u00f3a C\u1ed5 (Osaka, Himeji, Nara &amp; Kyoto):<\/b><\/p>\n<ul data-path-to-node=\"4,0,1\">\n<li>\n<p data-path-to-node=\"4,0,1,0,0\"><b>Osaka:<\/b> Kh\u1edfi \u0111\u1ea7u v\u1edbi L\u00e2u \u0111\u00e0i Osaka v\u00e0 khu \u1ea9m th\u1ef1c Dotonbori.<\/p>\n<\/li>\n<li>\n<p data-path-to-node=\"4,0,1,1,0\"><b>Himeji:<\/b> Tham quan &#8220;L\u00e2u \u0111\u00e0i Di\u1ec7c Tr\u1eafng&#8221; n\u1ed5i ti\u1ebfng.<\/p>\n<\/li>\n<li>\n<p data-path-to-node=\"4,0,1,2,0\"><b>Nara:<\/b> G\u1eb7p g\u1ee1 h\u01b0\u01a1u th\u00e2n thi\u1ec7n v\u00e0 chi\u00eam ng\u01b0\u1ee1ng t\u01b0\u1ee3ng Ph\u1eadt kh\u1ed5ng l\u1ed3.<\/p>\n<\/li>\n<li>\n<p data-path-to-node=\"4,0,1,3,0\"><b>Kyoto:<\/b> Kh\u00e1m ph\u00e1 Ch\u00f9a V\u00e0ng, R\u1eebng tre Arashiyama, v\u00e0 h\u00e0ng ng\u00e0n c\u1ed5ng <i>torii<\/i> Fushimi Inari.<\/p>\n<\/li>\n<\/ul>\n<\/li>\n<li>\n<p data-path-to-node=\"4,1,0\"><b>Hi\u1ec7n \u0110\u1ea1i &amp; Thi\u00ean Nhi\u00ean (Nagoya &amp; Ph\u00fa S\u0129):<\/b><\/p>\n<ul data-path-to-node=\"4,1,1\">\n<li>\n<p data-path-to-node=\"4,1,1,0,0\"><b>Nagoya:<\/b> Th\u0103m L\u00e2u \u0111\u00e0i Nagoya, B\u1ea3o t\u00e0ng Toyota v\u00e0 chi\u00eam ng\u01b0\u1ee1ng L\u1ec5 h\u1ed9i \u00c1nh s\u00e1ng \u1ea5n t\u01b0\u1ee3ng.<\/p>\n<\/li>\n<li>\n<p data-path-to-node=\"4,1,1,1,0\"><b>N\u00fai Ph\u00fa S\u0129:<\/b> L\u00ean Tr\u1ea1m 5 ng\u1eafm c\u1ea3nh v\u00e0 tr\u1ea3i nghi\u1ec7m c\u00e1p treo, th\u01b0 gi\u00e3n b\u00ean H\u1ed3 Kawaguchiko.<\/p>\n<\/li>\n<\/ul>\n<\/li>\n<li>\n<p data-path-to-node=\"4,2,0\"><b>Th\u1ee7 \u0110\u00f4 S\u00f4i \u0110\u1ed9ng (Tokyo &amp; Nikko):<\/b><\/p>\n<ul data-path-to-node=\"4,2,1\">\n<li>\n<p data-path-to-node=\"4,2,1,0,0\"><b>Tokyo:<\/b> Kh\u00e1m ph\u00e1 \u0110\u1ec1n Meiji, ngh\u1ec7 thu\u1eadt TeamLab, ng\u00e3 t\u01b0 Shibuya v\u00e0 c\u00e1c bi\u1ec3u t\u01b0\u1ee3ng nh\u01b0 Th\u00e1p Tokyo.<\/p>\n<\/li>\n<li>\n<p data-path-to-node=\"4,2,1,1,0\"><b>Nikko:<\/b> Du ngo\u1ea1n trong ng\u00e0y \u0111\u1ebfn Nikko \u0111\u1ec3 th\u0103m \u0110\u1ec1n th\u1edd Toshogu v\u00e0 ng\u1eafm Th\u00e1c n\u01b0\u1edbc h\u00f9ng v\u0129.<\/p>\n<\/li>\n<\/ul>\n<\/li>\n<\/ul>\n<p data-path-to-node=\"5\"><b>K\u1ebft th\u00fac:<\/b> H\u00e0nh tr\u00ecnh ho\u00e0n h\u1ea3o, k\u1ebft h\u1ee3p gi\u1eefa l\u1ecbch s\u1eed, thi\u00ean nhi\u00ean v\u00e0 c\u00f4ng ngh\u1ec7 hi\u1ec7n \u0111\u1ea1i.<\/p>\n","protected":false},"featured_media":334,"comment_status":"open","ping_status":"closed","template":"","meta":[],"product_cat":[15,20,21,34,35],"product_tag":[],"class_list":["post-89","product","type-product","status-publish","has-post-thumbnail","hentry","product_cat-chua-phan-loai","product_cat-multi-day-tours","product_cat-city-tours-nhat-ban","product_cat-tokyo-kanto","product_cat-tour-ngan-ngay"],"yoast_head":"<!-- This site is optimized with the Yoast SEO plugin v14.3 - https:\/\/yoast.com\/wordpress\/plugins\/seo\/ -->\n<title>Tour du l\u1ecbch cho k\u1ef3 ngh\u1ec9 d\u00e0i 10 Ng\u00e0y_Lo\u1ea1i 1_T\u1eeb Osaka - Japan Travel - Asahi VietLife<\/title>\n<meta name=\"robots\" content=\"index, follow\" \/>\n<meta name=\"googlebot\" content=\"index, follow, max-snippet:-1, max-image-preview:large, max-video-preview:-1\" \/>\n<meta name=\"bingbot\" content=\"index, follow, max-snippet:-1, max-image-preview:large, max-video-preview:-1\" \/>\n<link rel=\"canonical\" href=\"https:\/\/asahijapantours.com\/tour\/tour-du-lich-cho-ky-nghi-dai-10-ngay_loai-1\/\" \/>\n<meta property=\"og:locale\" content=\"vi_VN\" \/>\n<meta property=\"og:type\" content=\"article\" \/>\n<meta property=\"og:title\" content=\"Tour du l\u1ecbch cho k\u1ef3 ngh\u1ec9 d\u00e0i 10 Ng\u00e0y_Lo\u1ea1i 1_T\u1eeb Osaka - Japan Travel - Asahi VietLife\" \/>\n<meta property=\"og:description\" content=\"T\u1ed4NG H\u1ee2P TOUR \u0110\u1ea0I NH\u1eacT B\u1ea2N 10 NG\u00c0Y: D\u1ec4 \u0110\u1eccC &amp; TR\u1ef0C QUAN H\u00e0nh tr\u00ecnh 10 ng\u00e0y \u0111\u01b0a b\u1ea1n kh\u00e1m ph\u00e1 nh\u1eefng \u0111i\u1ec3m n\u1ed5i b\u1eadt nh\u1ea5t c\u1ee7a Nh\u1eadt B\u1ea3n, chia th\u00e0nh c\u00e1c v\u00f9ng tr\u1ea3i nghi\u1ec7m ch\u00ednh:     V\u0103n H\u00f3a C\u1ed5 (Osaka, Himeji, Nara &amp; Kyoto):     Osaka: Kh\u1edfi \u0111\u1ea7u v\u1edbi L\u00e2u \u0111\u00e0i Osaka v\u00e0 khu \u1ea9m th\u1ef1c Dotonbori.    Himeji: Tham quan &quot;L\u00e2u \u0111\u00e0i Di\u1ec7c Tr\u1eafng&quot; n\u1ed5i ti\u1ebfng.    Nara: G\u1eb7p g\u1ee1 h\u01b0\u01a1u th\u00e2n thi\u1ec7n v\u00e0 chi\u00eam ng\u01b0\u1ee1ng t\u01b0\u1ee3ng Ph\u1eadt kh\u1ed5ng l\u1ed3.    Kyoto: Kh\u00e1m ph\u00e1 Ch\u00f9a V\u00e0ng, R\u1eebng tre Arashiyama, v\u00e0 h\u00e0ng ng\u00e0n c\u1ed5ng torii Fushimi Inari.      Hi\u1ec7n \u0110\u1ea1i &amp; Thi\u00ean Nhi\u00ean (Nagoya &amp; Ph\u00fa S\u0129):     Nagoya: Th\u0103m L\u00e2u \u0111\u00e0i Nagoya, B\u1ea3o t\u00e0ng Toyota v\u00e0 chi\u00eam ng\u01b0\u1ee1ng L\u1ec5 h\u1ed9i \u00c1nh s\u00e1ng \u1ea5n t\u01b0\u1ee3ng.    N\u00fai Ph\u00fa S\u0129: L\u00ean Tr\u1ea1m 5 ng\u1eafm c\u1ea3nh v\u00e0 tr\u1ea3i nghi\u1ec7m c\u00e1p treo, th\u01b0 gi\u00e3n b\u00ean H\u1ed3 Kawaguchiko.      Th\u1ee7 \u0110\u00f4 S\u00f4i \u0110\u1ed9ng (Tokyo &amp; Nikko):     Tokyo: Kh\u00e1m ph\u00e1 \u0110\u1ec1n Meiji, ngh\u1ec7 thu\u1eadt TeamLab, ng\u00e3 t\u01b0 Shibuya v\u00e0 c\u00e1c bi\u1ec3u t\u01b0\u1ee3ng nh\u01b0 Th\u00e1p Tokyo.    Nikko: Du ngo\u1ea1n trong ng\u00e0y \u0111\u1ebfn Nikko \u0111\u1ec3 th\u0103m \u0110\u1ec1n th\u1edd Toshogu v\u00e0 ng\u1eafm Th\u00e1c n\u01b0\u1edbc h\u00f9ng v\u0129.     K\u1ebft th\u00fac: H\u00e0nh tr\u00ecnh ho\u00e0n h\u1ea3o, k\u1ebft h\u1ee3p gi\u1eefa l\u1ecbch s\u1eed, thi\u00ean nhi\u00ean v\u00e0 c\u00f4ng ngh\u1ec7 hi\u1ec7n \u0111\u1ea1i.\" \/>\n<meta property=\"og:url\" content=\"https:\/\/asahijapantours.com\/tour\/tour-du-lich-cho-ky-nghi-dai-10-ngay_loai-1\/\" \/>\n<meta property=\"og:site_name\" content=\"Japan Travel - Asahi VietLife\" \/>\n<meta property=\"article:modified_time\" content=\"2025-12-02T13:32:40+00:00\" \/>\n<meta property=\"og:image\" content=\"https:\/\/asahivietlife.tokyo\/wp-content\/uploads\/2025\/05\/Ch\u00f9a-v\u00e0ng-Kyoto-scaled.jpg\" \/>\n\t<meta property=\"og:image:width\" content=\"1920\" \/>\n\t<meta property=\"og:image:height\" content=\"2560\" \/>\n<meta name=\"twitter:card\" content=\"summary\" \/>\n<script type=\"application\/ld+json\" class=\"yoast-schema-graph\">{\"@context\":\"https:\/\/schema.org\",\"@graph\":[{\"@type\":\"WebSite\",\"@id\":\"https:\/\/asahivietlife.tokyo\/vi\/#website\",\"url\":\"https:\/\/asahivietlife.tokyo\/vi\/\",\"name\":\"Japan Travel - Asahi VietLife\",\"description\":\"Japan Tour Packages\",\"potentialAction\":[{\"@type\":\"SearchAction\",\"target\":\"https:\/\/asahivietlife.tokyo\/vi\/?s={search_term_string}\",\"query-input\":\"required name=search_term_string\"}],\"inLanguage\":\"vi\"},{\"@type\":\"ImageObject\",\"@id\":\"https:\/\/asahijapantours.com\/tour\/tour-du-lich-cho-ky-nghi-dai-10-ngay_loai-1\/#primaryimage\",\"inLanguage\":\"vi\",\"url\":\"https:\/\/asahivietlife.tokyo\/wp-content\/uploads\/2025\/05\/Ch\\u00f9a-v\\u00e0ng-Kyoto-scaled.jpg\",\"width\":1920,\"height\":2560},{\"@type\":\"WebPage\",\"@id\":\"https:\/\/asahijapantours.com\/tour\/tour-du-lich-cho-ky-nghi-dai-10-ngay_loai-1\/#webpage\",\"url\":\"https:\/\/asahijapantours.com\/tour\/tour-du-lich-cho-ky-nghi-dai-10-ngay_loai-1\/\",\"name\":\"Tour du l\\u1ecbch cho k\\u1ef3 ngh\\u1ec9 d\\u00e0i 10 Ng\\u00e0y_Lo\\u1ea1i 1_T\\u1eeb Osaka - Japan Travel - Asahi VietLife\",\"isPartOf\":{\"@id\":\"https:\/\/asahivietlife.tokyo\/vi\/#website\"},\"primaryImageOfPage\":{\"@id\":\"https:\/\/asahijapantours.com\/tour\/tour-du-lich-cho-ky-nghi-dai-10-ngay_loai-1\/#primaryimage\"},\"datePublished\":\"2022-12-16T18:48:05+00:00\",\"dateModified\":\"2025-12-02T13:32:40+00:00\",\"breadcrumb\":{\"@id\":\"https:\/\/asahijapantours.com\/tour\/tour-du-lich-cho-ky-nghi-dai-10-ngay_loai-1\/#breadcrumb\"},\"inLanguage\":\"vi\",\"potentialAction\":[{\"@type\":\"ReadAction\",\"target\":[\"https:\/\/asahijapantours.com\/tour\/tour-du-lich-cho-ky-nghi-dai-10-ngay_loai-1\/\"]}]},{\"@type\":\"BreadcrumbList\",\"@id\":\"https:\/\/asahijapantours.com\/tour\/tour-du-lich-cho-ky-nghi-dai-10-ngay_loai-1\/#breadcrumb\",\"itemListElement\":[{\"@type\":\"ListItem\",\"position\":1,\"item\":{\"@type\":\"WebPage\",\"@id\":\"https:\/\/asahivietlife.tokyo\/\",\"url\":\"https:\/\/asahivietlife.tokyo\/\",\"name\":\"AsahiVietLife-Explore Japan\"}},{\"@type\":\"ListItem\",\"position\":2,\"item\":{\"@type\":\"WebPage\",\"@id\":\"https:\/\/asahivietlife.tokyo\/gio-hang\/\",\"url\":\"https:\/\/asahivietlife.tokyo\/gio-hang\/\",\"name\":\"Cart\"}},{\"@type\":\"ListItem\",\"position\":3,\"item\":{\"@type\":\"WebPage\",\"@id\":\"https:\/\/asahijapantours.com\/tour\/tour-du-lich-cho-ky-nghi-dai-10-ngay_loai-1\/\",\"url\":\"https:\/\/asahijapantours.com\/tour\/tour-du-lich-cho-ky-nghi-dai-10-ngay_loai-1\/\",\"name\":\"Tour du l\\u1ecbch cho k\\u1ef3 ngh\\u1ec9 d\\u00e0i 10 Ng\\u00e0y_Lo\\u1ea1i 1_T\\u1eeb Osaka\"}}]}]}<\/script>\n<!-- \/ Yoast SEO plugin. -->","_links":{"self":[{"href":"https:\/\/asahivietlife.tokyo\/vi\/wp-json\/wp\/v2\/product\/89","targetHints":{"allow":["GET"]}}],"collection":[{"href":"https:\/\/asahivietlife.tokyo\/vi\/wp-json\/wp\/v2\/product"}],"about":[{"href":"https:\/\/asahivietlife.tokyo\/vi\/wp-json\/wp\/v2\/types\/product"}],"replies":[{"embeddable":true,"href":"https:\/\/asahivietlife.tokyo\/vi\/wp-json\/wp\/v2\/comments?post=89"}],"wp:featuredmedia":[{"embeddable":true,"href":"https:\/\/asahivietlife.tokyo\/vi\/wp-json\/wp\/v2\/media\/334"}],"wp:attachment":[{"href":"https:\/\/asahivietlife.tokyo\/vi\/wp-json\/wp\/v2\/media?parent=89"}],"wp:term":[{"taxonomy":"product_cat","embeddable":true,"href":"https:\/\/asahivietlife.tokyo\/vi\/wp-json\/wp\/v2\/product_cat?post=89"},{"taxonomy":"product_tag","embeddable":true,"href":"https:\/\/asahivietlife.tokyo\/vi\/wp-json\/wp\/v2\/product_tag?post=89"}],"curies":[{"name":"wp","href":"https:\/\/api.w.org\/{rel}","templated":true}]}}