 
{"id":395,"date":"2025-08-14T14:03:02","date_gmt":"2025-08-14T07:03:02","guid":{"rendered":"https:\/\/asahijapantours.com\/?post_type=product&#038;p=395"},"modified":"2025-12-04T06:37:07","modified_gmt":"2025-12-03T23:37:07","slug":"japan-cherry-blossom","status":"publish","type":"product","link":"https:\/\/asahivietlife.tokyo\/vi\/tour\/japan-cherry-blossom\/","title":{"rendered":"Tour M\u00f9a_Hoa Anh \u0110\u00e0o_Th\u00e1ng 3"},"content":{"rendered":"<div class=\"day active\">\n<div class=\"titDay\">\n<p><strong>TOKYO \u2013 PH\u00da S\u0128 \u2013<\/strong><strong> HAKONE <\/strong><strong>\u2013<\/strong> <strong>KYOTO \u2013<\/strong><strong> NARA <\/strong><strong>\u2013 OSAKA<\/strong>\u00a0 \u00a0(<strong><em>NO SHOP)<\/em><\/strong><\/p>\n<ul>\n<li><strong> Th\u1eddi gian: 6<\/strong><strong> ng\u00e0y 5<\/strong><strong> \u0111\u00eam<\/strong><strong> ( 1 ng\u00e0y bay)<\/strong><\/li>\n<li><strong> Ph\u01b0\u01a1ng ti\u1ec7n: H\u00e0ng kh\u00f4ng Vietjet Air, \u00f4 t\u00f4 ch\u1ea5t l\u01b0\u1ee3ng cao<\/strong><\/li>\n<\/ul>\n<p><strong>\u00a0<\/strong><strong>\u0110I\u1ec2M N\u1ed4I B\u1eacT C\u1ee6A CH\u01af\u01a0NG TR\u00ccNH:<\/strong><\/p>\n<ul>\n<li><strong>NO SHOP, kh\u00f4ng v\u00e0o \u0111i\u1ec3m mua s\u1eafm b\u1eaft bu\u1ed9c<\/strong><\/li>\n<li><strong>T\u1eb7ng tr\u1ea3i nghi\u1ec7m <\/strong><strong>v\u0103n h\u00f3a<\/strong><strong> truy\u1ec1n th\u1ed1ng Nh\u1eadt B\u1ea3n<\/strong><\/li>\n<li>Leo n\u00fai v\u1edbi c\u00e1p treo ng\u1eafm to\u00e0n c\u1ea3nh n\u00fai PH\u00da S\u0128<\/li>\n<li>Th\u0103m <strong>Oshino Hakkai \u2013 ng\u00f4i l\u00e0ng c\u1ed5 h\u01a1n 300 n\u0103m tu\u1ed5i<\/strong> l\u00e2u \u0111\u1eddi nh\u1ea5t Nh\u1eadt B\u1ea3n c\u00f2n l\u01b0u g\u1eef phong c\u00e1ch l\u00e0ng m\u1ea1c th\u1eddi xa x\u01b0a, \u0111\u1eb9p nh\u01b0 trong gi\u1ea5c m\u01a1 c\u1ed5 t\u00edch.<\/li>\n<li>Tham quan v\u00e3n c\u1ea3nh t\u1ea1i <strong>\u00a0ch\u00f9a Thanh Th\u1ee7y,<\/strong> checkin <strong>Fushimi Inari Taisha<\/strong>, \u0111\u1ec1n th\u1edd th\u1ea7n \u0111\u1ea1o hay c\u00f2n g\u1ecdi l\u00e0 \u0111\u1ec1n ng\u00e0n c\u1ed5ng n\u1ed5i ti\u1ebfng<\/li>\n<li><strong>Tr\u1ea3i nghi\u1ec7m t\u1eafm onsen<\/strong> ph\u1ee5c h\u1ed3i s\u1ee9c kho\u1ebb<\/li>\n<li>Bay th\u1eb3ng c\u00f9ng Vietjet Air, <strong>v\u1ec1 chuy\u1ebfn chi\u1ec1u<\/strong> <strong>tr\u1ecdn v\u1eb9n ng\u00e0y cu\u1ed1i t\u1ea1i Nh\u1eadt<\/strong><\/li>\n<li><strong>Th\u01b0\u1edfng th\u1ee9c c\u00e1c m\u00f3n \u0103n \u0111\u1eb7c s\u1eafc, n\u1ed5i ti\u1ebfng \u1edf Nh\u1eadt B\u1ea3n<\/strong> nh\u01b0 l\u1ea9u Shabushabu, th\u1ecbt n\u01b0\u1edbng BBQ, Sushi, Sashimi, Tempura\u2026<\/li>\n<li><strong>Tho\u1ea3 s\u1ee9c mua s\u1eafm h\u00e0ng n\u1ed9i \u0111\u1ecba Nh\u1eadt B\u1ea3n ch\u1ea5t l\u01b0\u1ee3ng cao<\/strong> t\u1ea1i c\u00e1c trung t\u00e2m th\u01b0\u01a1ng m\u1ea1i s\u1ea7m u\u1ea5t, n\u1ed5i ti\u1ebfn<\/li>\n<\/ul>\n<\/div>\n<\/div>\n","protected":false},"excerpt":{"rendered":"<h2>? Tour Ng\u1eafm Hoa Anh \u0110\u00e0o Nh\u1eadt B\u1ea3n: H\u00e0nh Tr\u00ecnh 6 Ng\u00e0y Kh\u00e1m Ph\u00e1 Tuy\u1ebfn \u0110\u01b0\u1eddng V\u00e0ng<\/h2>\n<p data-path-to-node=\"3\">H\u00e3y tr\u1ea3i nghi\u1ec7m s\u1ef1 <b>k\u1ef3 di\u1ec7u<\/b> c\u1ee7a Tour Ng\u1eafm Hoa Anh \u0110\u00e0o Nh\u1eadt B\u1ea3n. H\u00e0nh tr\u00ecnh n\u00e0y s\u1ebd \u0111\u01b0a Qu\u00fd kh\u00e1ch \u0111i d\u1ecdc theo <b>Tuy\u1ebfn \u0110\u01b0\u1eddng V\u00e0ng (Golden Route)<\/b> n\u1ed5i ti\u1ebfng, n\u01a1i h\u00f2a quy\u1ec7n ho\u00e0n h\u1ea3o gi\u1eefa truy\u1ec1n th\u1ed1ng c\u1ed5 x\u01b0a v\u00e0 s\u1ef1 \u0111\u1ed5i m\u1edbi hi\u1ec7n \u0111\u1ea1i.<\/p>\n<p data-path-to-node=\"4\">Chuy\u1ebfn \u0111i c\u1ee7a Qu\u00fd kh\u00e1ch b\u1eaft \u0111\u1ea7u t\u1ea1i <b>Tokyo<\/b>, n\u01a1i Qu\u00fd kh\u00e1ch s\u1ebd kh\u00e1m ph\u00e1 c\u00e1c \u0111\u1ecba danh mang t\u00ednh bi\u1ec3u t\u01b0\u1ee3ng v\u00e0 nh\u1eefng c\u00f4ng vi\u00ean hoa anh \u0111\u00e0o r\u1ef1c r\u1ee1. Sau \u0111\u00f3, h\u00e0nh tr\u00ecnh s\u1ebd \u0111\u01b0a Qu\u00fd kh\u00e1ch \u0111\u1ebfn c\u00e1c ng\u00f4i l\u00e0ng thanh b\u00ecnh d\u01b0\u1edbi ch\u00e2n <b>N\u00fai Ph\u00fa S\u0129<\/b> \u0111\u1ec3 chi\u00eam ng\u01b0\u1ee1ng c\u1ea3nh quan thi\u00ean nhi\u00ean tuy\u1ec7t \u0111\u1eb9p v\u00e0 t\u1eadn h\u01b0\u1edfng tr\u1ea3i nghi\u1ec7m t\u1eafm su\u1ed1i n\u01b0\u1edbc n\u00f3ng <i>onsen<\/i> th\u01b0 gi\u00e3n. Cu\u1ed9c phi\u00eau l\u01b0u ti\u1ebfp t\u1ee5c v\u1edbi c\u1ea3m gi\u00e1c ph\u1ea5n kh\u00edch tr\u00ean t\u00e0u cao t\u1ed1c <b>Shinkansen<\/b>, d\u1eabn l\u1ed1i Qu\u00fd kh\u00e1ch \u0111\u1ebfn nh\u1eefng ng\u00f4i \u0111\u1ec1n l\u1ecbch s\u1eed t\u1ea1i <b>Kyoto<\/b> v\u00e0 nh\u1eefng con ph\u1ed1 s\u00f4i \u0111\u1ed9ng c\u1ee7a <b>Osaka<\/b>.<\/p>\n<p data-path-to-node=\"5\">Xuy\u00ean su\u1ed1t chuy\u1ebfn \u0111i, Qu\u00fd kh\u00e1ch s\u1ebd \u0111\u01b0\u1ee3c h\u00f2a m\u00ecnh v\u00e0o v\u0103n h\u00f3a Nh\u1eadt B\u1ea3n, t\u1eeb vi\u1ec7c kh\u00e1m ph\u00e1 nh\u1eefng \u0111\u1ec1n th\u1edd linh thi\u00eang, l\u00e2u \u0111\u00e0i c\u1ed5 k\u00ednh cho \u0111\u1ebfn vi\u1ec7c th\u01b0\u1edfng th\u1ee9c \u1ea9m th\u1ef1c \u0111\u1ecba ph\u01b0\u01a1ng h\u1ea5p d\u1eabn. L\u1ecbch tr\u00ecnh n\u00e0y \u0111\u01b0\u1ee3c thi\u1ebft k\u1ebf nh\u1eb1m mang \u0111\u1ebfn cho Qu\u00fd kh\u00e1ch m\u1ed9t tr\u1ea3i nghi\u1ec7m to\u00e0n di\u1ec7n v\u00e0 \u0111\u00e1ng nh\u1edb nh\u1ea5t trong m\u00f9a \u0111\u1eb9p nh\u1ea5t c\u1ee7a Nh\u1eadt B\u1ea3n.<\/p>\n","protected":false},"featured_media":139,"comment_status":"open","ping_status":"closed","template":"","meta":[],"product_cat":[85,86,20,21,31,32,77,78],"product_tag":[],"class_list":["post-395","product","type-product","status-publish","has-post-thumbnail","hentry","product_cat-special-deals","product_cat-tour","product_cat-multi-day-tours","product_cat-city-tours-nhat-ban","product_cat-du-lich-kanto","product_cat-seasonal-tours","product_cat-du-lich-nhat-ban","product_cat-du-lich-van-hoa-thien-nhien-nhat-ban"],"yoast_head":"<!-- This site is optimized with the Yoast SEO plugin v14.3 - https:\/\/yoast.com\/wordpress\/plugins\/seo\/ -->\n<title>Tour M\u00f9a_Hoa Anh \u0110\u00e0o_Th\u00e1ng 3 - Japan Travel - Asahi VietLife<\/title>\n<meta name=\"robots\" content=\"index, follow\" \/>\n<meta name=\"googlebot\" content=\"index, follow, max-snippet:-1, max-image-preview:large, max-video-preview:-1\" \/>\n<meta name=\"bingbot\" content=\"index, follow, max-snippet:-1, max-image-preview:large, max-video-preview:-1\" \/>\n<link rel=\"canonical\" href=\"https:\/\/asahijapantours.com\/tour\/japan-cherry-blossom\/\" \/>\n<meta property=\"og:locale\" content=\"vi_VN\" \/>\n<meta property=\"og:type\" content=\"article\" \/>\n<meta property=\"og:title\" content=\"Tour M\u00f9a_Hoa Anh \u0110\u00e0o_Th\u00e1ng 3 - Japan Travel - Asahi VietLife\" \/>\n<meta property=\"og:description\" content=\"? Tour Ng\u1eafm Hoa Anh \u0110\u00e0o Nh\u1eadt B\u1ea3n: H\u00e0nh Tr\u00ecnh 6 Ng\u00e0y Kh\u00e1m Ph\u00e1 Tuy\u1ebfn \u0110\u01b0\u1eddng V\u00e0ng H\u00e3y tr\u1ea3i nghi\u1ec7m s\u1ef1 k\u1ef3 di\u1ec7u c\u1ee7a Tour Ng\u1eafm Hoa Anh \u0110\u00e0o Nh\u1eadt B\u1ea3n. H\u00e0nh tr\u00ecnh n\u00e0y s\u1ebd \u0111\u01b0a Qu\u00fd kh\u00e1ch \u0111i d\u1ecdc theo Tuy\u1ebfn \u0110\u01b0\u1eddng V\u00e0ng (Golden Route) n\u1ed5i ti\u1ebfng, n\u01a1i h\u00f2a quy\u1ec7n ho\u00e0n h\u1ea3o gi\u1eefa truy\u1ec1n th\u1ed1ng c\u1ed5 x\u01b0a v\u00e0 s\u1ef1 \u0111\u1ed5i m\u1edbi hi\u1ec7n \u0111\u1ea1i. Chuy\u1ebfn \u0111i c\u1ee7a Qu\u00fd kh\u00e1ch b\u1eaft \u0111\u1ea7u t\u1ea1i Tokyo, n\u01a1i Qu\u00fd kh\u00e1ch s\u1ebd kh\u00e1m ph\u00e1 c\u00e1c \u0111\u1ecba danh mang t\u00ednh bi\u1ec3u t\u01b0\u1ee3ng v\u00e0 nh\u1eefng c\u00f4ng vi\u00ean hoa anh \u0111\u00e0o r\u1ef1c r\u1ee1. Sau \u0111\u00f3, h\u00e0nh tr\u00ecnh s\u1ebd \u0111\u01b0a Qu\u00fd kh\u00e1ch \u0111\u1ebfn c\u00e1c ng\u00f4i l\u00e0ng thanh b\u00ecnh d\u01b0\u1edbi ch\u00e2n N\u00fai Ph\u00fa S\u0129 \u0111\u1ec3 chi\u00eam ng\u01b0\u1ee1ng c\u1ea3nh quan thi\u00ean nhi\u00ean tuy\u1ec7t \u0111\u1eb9p v\u00e0 t\u1eadn h\u01b0\u1edfng tr\u1ea3i nghi\u1ec7m t\u1eafm su\u1ed1i n\u01b0\u1edbc n\u00f3ng onsen th\u01b0 gi\u00e3n. Cu\u1ed9c phi\u00eau l\u01b0u ti\u1ebfp t\u1ee5c v\u1edbi c\u1ea3m gi\u00e1c ph\u1ea5n kh\u00edch tr\u00ean t\u00e0u cao t\u1ed1c Shinkansen, d\u1eabn l\u1ed1i Qu\u00fd kh\u00e1ch \u0111\u1ebfn nh\u1eefng ng\u00f4i \u0111\u1ec1n l\u1ecbch s\u1eed t\u1ea1i Kyoto v\u00e0 nh\u1eefng con ph\u1ed1 s\u00f4i \u0111\u1ed9ng c\u1ee7a Osaka. Xuy\u00ean su\u1ed1t chuy\u1ebfn \u0111i, Qu\u00fd kh\u00e1ch s\u1ebd \u0111\u01b0\u1ee3c h\u00f2a m\u00ecnh v\u00e0o v\u0103n h\u00f3a Nh\u1eadt B\u1ea3n, t\u1eeb vi\u1ec7c kh\u00e1m ph\u00e1 nh\u1eefng \u0111\u1ec1n th\u1edd linh thi\u00eang, l\u00e2u \u0111\u00e0i c\u1ed5 k\u00ednh cho \u0111\u1ebfn vi\u1ec7c th\u01b0\u1edfng th\u1ee9c \u1ea9m th\u1ef1c \u0111\u1ecba ph\u01b0\u01a1ng h\u1ea5p d\u1eabn. L\u1ecbch tr\u00ecnh n\u00e0y \u0111\u01b0\u1ee3c thi\u1ebft k\u1ebf nh\u1eb1m mang \u0111\u1ebfn cho Qu\u00fd kh\u00e1ch m\u1ed9t tr\u1ea3i nghi\u1ec7m to\u00e0n di\u1ec7n v\u00e0 \u0111\u00e1ng nh\u1edb nh\u1ea5t trong m\u00f9a \u0111\u1eb9p nh\u1ea5t c\u1ee7a Nh\u1eadt B\u1ea3n.\" \/>\n<meta property=\"og:url\" content=\"https:\/\/asahijapantours.com\/tour\/japan-cherry-blossom\/\" \/>\n<meta property=\"og:site_name\" content=\"Japan Travel - Asahi VietLife\" \/>\n<meta property=\"article:modified_time\" content=\"2025-12-03T23:37:07+00:00\" \/>\n<meta property=\"og:image\" content=\"https:\/\/asahivietlife.tokyo\/wp-content\/uploads\/2017\/04\/img-bv3.jpg\" \/>\n\t<meta property=\"og:image:width\" content=\"430\" \/>\n\t<meta property=\"og:image:height\" content=\"325\" \/>\n<meta name=\"twitter:card\" content=\"summary\" \/>\n<script type=\"application\/ld+json\" class=\"yoast-schema-graph\">{\"@context\":\"https:\/\/schema.org\",\"@graph\":[{\"@type\":\"WebSite\",\"@id\":\"https:\/\/asahivietlife.tokyo\/vi\/#website\",\"url\":\"https:\/\/asahivietlife.tokyo\/vi\/\",\"name\":\"Japan Travel - Asahi VietLife\",\"description\":\"Japan Tour Packages\",\"potentialAction\":[{\"@type\":\"SearchAction\",\"target\":\"https:\/\/asahivietlife.tokyo\/vi\/?s={search_term_string}\",\"query-input\":\"required name=search_term_string\"}],\"inLanguage\":\"vi\"},{\"@type\":\"ImageObject\",\"@id\":\"https:\/\/asahijapantours.com\/tour\/japan-cherry-blossom\/#primaryimage\",\"inLanguage\":\"vi\",\"url\":\"https:\/\/asahivietlife.tokyo\/wp-content\/uploads\/2017\/04\/img-bv3.jpg\",\"width\":430,\"height\":325},{\"@type\":\"WebPage\",\"@id\":\"https:\/\/asahijapantours.com\/tour\/japan-cherry-blossom\/#webpage\",\"url\":\"https:\/\/asahijapantours.com\/tour\/japan-cherry-blossom\/\",\"name\":\"Tour M\\u00f9a_Hoa Anh \\u0110\\u00e0o_Th\\u00e1ng 3 - Japan Travel - Asahi VietLife\",\"isPartOf\":{\"@id\":\"https:\/\/asahivietlife.tokyo\/vi\/#website\"},\"primaryImageOfPage\":{\"@id\":\"https:\/\/asahijapantours.com\/tour\/japan-cherry-blossom\/#primaryimage\"},\"datePublished\":\"2025-08-14T07:03:02+00:00\",\"dateModified\":\"2025-12-03T23:37:07+00:00\",\"breadcrumb\":{\"@id\":\"https:\/\/asahijapantours.com\/tour\/japan-cherry-blossom\/#breadcrumb\"},\"inLanguage\":\"vi\",\"potentialAction\":[{\"@type\":\"ReadAction\",\"target\":[\"https:\/\/asahijapantours.com\/tour\/japan-cherry-blossom\/\"]}]},{\"@type\":\"BreadcrumbList\",\"@id\":\"https:\/\/asahijapantours.com\/tour\/japan-cherry-blossom\/#breadcrumb\",\"itemListElement\":[{\"@type\":\"ListItem\",\"position\":1,\"item\":{\"@type\":\"WebPage\",\"@id\":\"https:\/\/asahivietlife.tokyo\/\",\"url\":\"https:\/\/asahivietlife.tokyo\/\",\"name\":\"AsahiVietLife-Explore Japan\"}},{\"@type\":\"ListItem\",\"position\":2,\"item\":{\"@type\":\"WebPage\",\"@id\":\"https:\/\/asahivietlife.tokyo\/gio-hang\/\",\"url\":\"https:\/\/asahivietlife.tokyo\/gio-hang\/\",\"name\":\"Cart\"}},{\"@type\":\"ListItem\",\"position\":3,\"item\":{\"@type\":\"WebPage\",\"@id\":\"https:\/\/asahijapantours.com\/tour\/japan-cherry-blossom\/\",\"url\":\"https:\/\/asahijapantours.com\/tour\/japan-cherry-blossom\/\",\"name\":\"Tour M\\u00f9a_Hoa Anh \\u0110\\u00e0o_Th\\u00e1ng 3\"}}]}]}<\/script>\n<!-- \/ Yoast SEO plugin. -->","_links":{"self":[{"href":"https:\/\/asahivietlife.tokyo\/vi\/wp-json\/wp\/v2\/product\/395","targetHints":{"allow":["GET"]}}],"collection":[{"href":"https:\/\/asahivietlife.tokyo\/vi\/wp-json\/wp\/v2\/product"}],"about":[{"href":"https:\/\/asahivietlife.tokyo\/vi\/wp-json\/wp\/v2\/types\/product"}],"replies":[{"embeddable":true,"href":"https:\/\/asahivietlife.tokyo\/vi\/wp-json\/wp\/v2\/comments?post=395"}],"wp:featuredmedia":[{"embeddable":true,"href":"https:\/\/asahivietlife.tokyo\/vi\/wp-json\/wp\/v2\/media\/139"}],"wp:attachment":[{"href":"https:\/\/asahivietlife.tokyo\/vi\/wp-json\/wp\/v2\/media?parent=395"}],"wp:term":[{"taxonomy":"product_cat","embeddable":true,"href":"https:\/\/asahivietlife.tokyo\/vi\/wp-json\/wp\/v2\/product_cat?post=395"},{"taxonomy":"product_tag","embeddable":true,"href":"https:\/\/asahivietlife.tokyo\/vi\/wp-json\/wp\/v2\/product_tag?post=395"}],"curies":[{"name":"wp","href":"https:\/\/api.w.org\/{rel}","templated":true}]}}