 
{"id":160,"date":"2022-12-21T03:36:13","date_gmt":"2022-12-20T20:36:13","guid":{"rendered":"http:\/\/localhost\/lvtgroup\/?post_type=product&#038;p=160"},"modified":"2025-12-02T20:49:22","modified_gmt":"2025-12-02T13:49:22","slug":"du-lich-chau-au-phap-thuy-sy-nui-jungfrau-y","status":"publish","type":"product","link":"https:\/\/asahivietlife.tokyo\/vi\/tour\/du-lich-chau-au-phap-thuy-sy-nui-jungfrau-y\/","title":{"rendered":"Cung \u0110\u01b0\u1eddng V\u00e0ng_Ph\u1ed5 Th\u00f4ng_Lo\u1ea1i 2_T\u1eeb Tokyo"},"content":{"rendered":"<div class=\"prod_description\">\n<h2>TOUR CUNG \u0110\u01af\u1edcNG V\u00c0NG 6 NG\u00c0Y 5 \u0110\u00caM: TR\u1eccN V\u1eb8N T\u1eea TOKYO \u0110\u1ebeN OSAKA<\/h2>\n<p data-path-to-node=\"3\">H\u00e0nh tr\u00ecnh 6 ng\u00e0y \u0111\u01b0\u1ee3c thi\u1ebft k\u1ebf khoa h\u1ecdc, t\u1eadn d\u1ee5ng t\u1ed1i \u0111a th\u1eddi gian l\u01b0u tr\u00fa (5 \u0111\u00eam) \u0111\u1ec3 Qu\u00fd kh\u00e1ch kh\u00f4ng ch\u1ec9 th\u0103m quan m\u00e0 c\u00f2n <b>th\u1ef1c s\u1ef1 tr\u1ea3i nghi\u1ec7m<\/b> nh\u1eefng \u0111i\u1ec3m tinh hoa nh\u1ea5t c\u1ee7a Nh\u1eadt B\u1ea3n, t\u1eeb <b>Tokyo hi\u1ec7n \u0111\u1ea1i<\/b> \u0111\u1ebfn <b>Kyoto c\u1ed5 k\u00ednh<\/b> v\u00e0 <b>Osaka s\u00f4i \u0111\u1ed9ng<\/b>.<\/p>\n<table data-path-to-node=\"4\">\n<thead>\n<tr>\n<td><strong>Ng\u00e0y<\/strong><\/td>\n<td><strong>\u0110i\u1ec3m nh\u1ea5n &amp; Ch\u1ee7 \u0111\u1ec1<\/strong><\/td>\n<td><strong>L\u1ee3i \u00edch Kh\u00e1ch h\u00e0ng (Gi\u00e1 tr\u1ecb nh\u1eadn \u0111\u01b0\u1ee3c)<\/strong><\/td>\n<\/tr>\n<\/thead>\n<tbody>\n<tr>\n<td><span data-path-to-node=\"4,1,0,0\"><b>NG\u00c0Y 1<\/b><\/span><\/td>\n<td><span data-path-to-node=\"4,1,1,0\"><b>KH\u1edeI H\u00c0NH \u2192 H\u1ea0 C\u00c1NH TOKYO<\/b><\/span><\/td>\n<td><span data-path-to-node=\"4,1,2,0\"><b>Kh\u00f4ng lo l\u1eafng:<\/b> Xe \u0111\u00f3n ri\u00eang c\u1ee7a Asahi VietLife \u0111\u00e3 s\u1eb5n s\u00e0ng t\u1ea1i S\u00e2n bay Narita (NRT). Qu\u00fd kh\u00e1ch ch\u1ec9 c\u1ea7n v\u1ec1 kh\u00e1ch s\u1ea1n (Tokyo) nh\u1eadn ph\u00f2ng v\u00e0 ngh\u1ec9 ng\u01a1i, ph\u1ee5c h\u1ed3i n\u0103ng l\u01b0\u1ee3ng \u0111\u1ec3 <b>t\u1eadn h\u01b0\u1edfng tr\u1ecdn v\u1eb9n ng\u00e0y \u0111\u1ea7u ti\u00ean<\/b>.<\/span><\/td>\n<\/tr>\n<tr>\n<td><span data-path-to-node=\"4,2,0,0\"><b>NG\u00c0Y 2<\/b><\/span><\/td>\n<td><span data-path-to-node=\"4,2,1,0\"><b>TOKYO R\u1ef0C R\u1ee0 S\u1eaeC HOA<\/b><\/span><\/td>\n<td><span data-path-to-node=\"4,2,2,0\"><b>Kh\u00e1m ph\u00e1 to\u00e0n di\u1ec7n:<\/b> C\u1ea3 ng\u00e0y \u0111\u1ea7u ti\u00ean \u0111\u01b0\u1ee3c d\u00e0nh \u0111\u1ec3 kh\u00e1m ph\u00e1 c\u00e1c bi\u1ec3u t\u01b0\u1ee3ng l\u00e3ng m\u1ea1n (S\u00f4ng Sumida, Ueno Sakura Viewing) v\u00e0 v\u0103n h\u00f3a (\u0110\u1ec1n Sensoji), \u0111\u1ea3m b\u1ea3o kh\u00f4ng b\u1ecf l\u1ee1 kho\u1ea3nh kh\u1eafc hoa anh \u0111\u00e0o tuy\u1ec7t \u0111\u1eb9p.<\/span><\/td>\n<\/tr>\n<tr>\n<td><span data-path-to-node=\"4,3,0,0\"><b>NG\u00c0Y 3<\/b><\/span><\/td>\n<td><span data-path-to-node=\"4,3,1,0\"><b>S\u1eaeC ANH \u0110\u00c0O &amp; T\u0128NH D\u01af\u1ee0NG<\/b><\/span><\/td>\n<td><span data-path-to-node=\"4,3,2,0\"><b>Tr\u1ea3i nghi\u1ec7m s\u00e2u s\u1eafc:<\/b> R\u1eddi Tokyo, chi\u00eam ng\u01b0\u1ee1ng s\u1eafc hoa t\u1ea1i <b>Ho\u00e0ng cung\/Chidorigafuchi<\/b>. Kh\u00e1m ph\u00e1 v\u1ebb \u0111\u1eb9p thanh b\u00ecnh t\u1ea1i <b>L\u00e0ng c\u1ed5 Oshino Hakkai<\/b>. K\u1ebft th\u00fac ng\u00e0y b\u1eb1ng th\u01b0 gi\u00e3n tuy\u1ec7t \u0111\u1ed1i v\u1edbi <b>t\u1eafm Onsen<\/b> truy\u1ec1n th\u1ed1ng.<\/span><\/td>\n<\/tr>\n<tr>\n<td><span data-path-to-node=\"4,4,0,0\"><b>NG\u00c0Y 4<\/b><\/span><\/td>\n<td><span data-path-to-node=\"4,4,1,0\"><b>CHINH PH\u1ee4C V\u00c0 T\u1ed0C \u0110\u1ed8<\/b><\/span><\/td>\n<td><span data-path-to-node=\"4,4,2,0\"><b>K\u1ebft n\u1ed1i si\u00eau t\u1ed1c:<\/b> Chinh ph\u1ee5c <b>Tr\u1ea1m s\u1ed1 5 N\u00fai Ph\u00fa S\u0129<\/b>. Tr\u1ea3i nghi\u1ec7m <b>T\u00e0u Shinkansen<\/b> (t\u1ed1c \u0111\u1ed9 h\u01a1n 300km\/h) \u0111\u1ec3 di chuy\u1ec3n nhanh ch\u00f3ng \u0111\u1ebfn Nagoya, <b>ti\u1ebft ki\u1ec7m th\u1eddi gian<\/b> di chuy\u1ec3n \u0111\u01b0\u1eddng d\u00e0i.<\/span><\/td>\n<\/tr>\n<tr>\n<td><span data-path-to-node=\"4,5,0,0\"><b>NG\u00c0Y 5<\/b><\/span><\/td>\n<td><span data-path-to-node=\"4,5,1,0\"><b>T\u00c2M \u0110I\u1ec2M CUNG \u0110\u01af\u1edcNG V\u00c0NG<\/b><\/span><\/td>\n<td><span data-path-to-node=\"4,5,2,0\"><b>Bao tr\u1ecdn 3 th\u00e0nh ph\u1ed1:<\/b> Th\u0103m <b>Di s\u1ea3n Th\u1ebf gi\u1edbi<\/b> t\u1ea1i Kyoto (Ch\u00f9a Thanh Th\u1ee7y, Con \u0111\u01b0\u1eddng Tri\u1ebft H\u1ecdc) v\u00e0 k\u1ebft th\u00fac t\u1ea1i <b>Osaka<\/b> (L\u00e2u \u0111\u00e0i, Shinsaibashi) \u2013 t\u1eadn h\u01b0\u1edfng v\u0103n h\u00f3a v\u00e0 mua s\u1eafm tr\u01b0\u1edbc khi v\u1ec1 n\u01b0\u1edbc.<\/span><\/td>\n<\/tr>\n<tr>\n<td><span data-path-to-node=\"4,6,0,0\"><b>NG\u00c0Y 6<\/b><\/span><\/td>\n<td><span data-path-to-node=\"4,6,1,0\"><b>T\u1ea0M BI\u1ec6T NH\u1eacT B\u1ea2N<\/b><\/span><\/td>\n<td><span data-path-to-node=\"4,6,2,0\"><b>Ti\u1ec5n kh\u00e1ch chu \u0111\u00e1o:<\/b> D\u00f9ng b\u1eefa s\u00e1ng cu\u1ed1i c\u00f9ng v\u00e0 xe \u0111\u01b0a \u0111o\u00e0n ra S\u00e2n bay Kansai (KIX) l\u00e0m th\u1ee7 t\u1ee5c, k\u1ebft th\u00fac chuy\u1ebfn \u0111i tuy\u1ec7t v\u1eddi \u0111\u01b0\u1ee3c Asahi VietLife thi\u1ebft k\u1ebf t\u1ec9 m\u1ec9.<\/span><\/td>\n<\/tr>\n<\/tbody>\n<\/table>\n<hr data-path-to-node=\"5\" \/>\n<blockquote data-path-to-node=\"6\">\n<p data-path-to-node=\"6,0\"><b>L\u1ee3i \u00edch c\u1ed1t l\u00f5i:<\/b> Qu\u00fd kh\u00e1ch d\u00e0nh <b>5 ng\u00e0y (Day 2 &#8211; Day 5)<\/b> tr\u1ecdn v\u1eb9n t\u1ea1i Nh\u1eadt B\u1ea3n \u0111\u1ec3 tr\u1ea3i nghi\u1ec7m li\u00ean t\u1ee5c, kh\u00f4ng l\u00e3ng ph\u00ed th\u1eddi gian di chuy\u1ec3n nh\u1edd l\u1ecbch tr\u00ecnh \u0111\u01b0\u1ee3c t\u1ed1i \u01b0u h\u00f3a t\u1eeb Tokyo \u0111\u1ebfn Osaka.<\/p>\n<\/blockquote>\n<\/div>\n","protected":false},"excerpt":{"rendered":"<h2>\u00a0H\u00e0nh Tr\u00ecnh 6 Ng\u00e0y Kh\u00e1m Ph\u00e1 Tuy\u1ebfn \u0110\u01b0\u1eddng V\u00e0ng<\/h2>\n<p data-path-to-node=\"3\">H\u00e3y tr\u1ea3i nghi\u1ec7m s\u1ef1 <b>k\u1ef3 di\u1ec7u<\/b> c\u1ee7a Tour Ng\u1eafm Hoa Anh \u0110\u00e0o Nh\u1eadt B\u1ea3n. H\u00e0nh tr\u00ecnh n\u00e0y s\u1ebd \u0111\u01b0a Qu\u00fd kh\u00e1ch \u0111i d\u1ecdc theo <b>Tuy\u1ebfn \u0110\u01b0\u1eddng V\u00e0ng (Golden Route)<\/b> n\u1ed5i ti\u1ebfng, n\u01a1i h\u00f2a quy\u1ec7n ho\u00e0n h\u1ea3o gi\u1eefa truy\u1ec1n th\u1ed1ng c\u1ed5 x\u01b0a v\u00e0 s\u1ef1 \u0111\u1ed5i m\u1edbi hi\u1ec7n \u0111\u1ea1i.<\/p>\n<p data-path-to-node=\"4\">Chuy\u1ebfn \u0111i c\u1ee7a Qu\u00fd kh\u00e1ch b\u1eaft \u0111\u1ea7u t\u1ea1i <b>Tokyo<\/b>, n\u01a1i Qu\u00fd kh\u00e1ch s\u1ebd kh\u00e1m ph\u00e1 c\u00e1c \u0111\u1ecba danh mang t\u00ednh bi\u1ec3u t\u01b0\u1ee3ng v\u00e0 nh\u1eefng c\u00f4ng vi\u00ean hoa anh \u0111\u00e0o r\u1ef1c r\u1ee1. Sau \u0111\u00f3, h\u00e0nh tr\u00ecnh s\u1ebd \u0111\u01b0a Qu\u00fd kh\u00e1ch \u0111\u1ebfn c\u00e1c ng\u00f4i l\u00e0ng thanh b\u00ecnh d\u01b0\u1edbi ch\u00e2n <b>N\u00fai Ph\u00fa S\u0129<\/b> \u0111\u1ec3 chi\u00eam ng\u01b0\u1ee1ng c\u1ea3nh quan thi\u00ean nhi\u00ean tuy\u1ec7t \u0111\u1eb9p v\u00e0 t\u1eadn h\u01b0\u1edfng tr\u1ea3i nghi\u1ec7m t\u1eafm su\u1ed1i n\u01b0\u1edbc n\u00f3ng <i>onsen<\/i> th\u01b0 gi\u00e3n. Cu\u1ed9c phi\u00eau l\u01b0u ti\u1ebfp t\u1ee5c v\u1edbi c\u1ea3m gi\u00e1c ph\u1ea5n kh\u00edch tr\u00ean t\u00e0u cao t\u1ed1c <b>Shinkansen<\/b>, d\u1eabn l\u1ed1i Qu\u00fd kh\u00e1ch \u0111\u1ebfn nh\u1eefng ng\u00f4i \u0111\u1ec1n l\u1ecbch s\u1eed t\u1ea1i <b>Kyoto<\/b> v\u00e0 nh\u1eefng con ph\u1ed1 s\u00f4i \u0111\u1ed9ng c\u1ee7a <b>Osaka<\/b>.<\/p>\n<p data-path-to-node=\"5\">Xuy\u00ean su\u1ed1t chuy\u1ebfn \u0111i, Qu\u00fd kh\u00e1ch s\u1ebd \u0111\u01b0\u1ee3c h\u00f2a m\u00ecnh v\u00e0o v\u0103n h\u00f3a Nh\u1eadt B\u1ea3n, t\u1eeb vi\u1ec7c kh\u00e1m ph\u00e1 nh\u1eefng \u0111\u1ec1n th\u1edd linh thi\u00eang, l\u00e2u \u0111\u00e0i c\u1ed5 k\u00ednh cho \u0111\u1ebfn vi\u1ec7c th\u01b0\u1edfng th\u1ee9c \u1ea9m th\u1ef1c \u0111\u1ecba ph\u01b0\u01a1ng h\u1ea5p d\u1eabn. L\u1ecbch tr\u00ecnh n\u00e0y \u0111\u01b0\u1ee3c thi\u1ebft k\u1ebf nh\u1eb1m mang \u0111\u1ebfn cho Qu\u00fd kh\u00e1ch m\u1ed9t tr\u1ea3i nghi\u1ec7m to\u00e0n di\u1ec7n v\u00e0 \u0111\u00e1ng nh\u1edb nh\u1ea5t trong m\u00f9a \u0111\u1eb9p nh\u1ea5t c\u1ee7a Nh\u1eadt B\u1ea3n.<\/p>\n","protected":false},"featured_media":142,"comment_status":"open","ping_status":"closed","template":"","meta":[],"product_cat":[35,20,21,31,32,34],"product_tag":[68,63,64,65,66,67],"class_list":["post-160","product","type-product","status-publish","has-post-thumbnail","hentry","diem-den-nhat-ban","phuong-tien-moving-by-car","phuong-tien-traveling-by-shinkansen-train","product_cat-tour-ngan-ngay","product_cat-multi-day-tours","product_cat-city-tours-nhat-ban","product_cat-du-lich-kanto","product_cat-seasonal-tours","product_cat-tokyo-kanto","product_tag-japantours","product_tag-tokyo","product_tag-osaka","product_tag-kyoto","product_tag-ueno","product_tag-japantravel"],"yoast_head":"<!-- This site is optimized with the Yoast SEO plugin v14.3 - https:\/\/yoast.com\/wordpress\/plugins\/seo\/ -->\n<title>Cung \u0110\u01b0\u1eddng V\u00e0ng_Ph\u1ed5 Th\u00f4ng_Lo\u1ea1i 2_T\u1eeb Tokyo - Japan Travel - Asahi VietLife<\/title>\n<meta name=\"robots\" content=\"index, follow\" \/>\n<meta name=\"googlebot\" content=\"index, follow, max-snippet:-1, max-image-preview:large, max-video-preview:-1\" \/>\n<meta name=\"bingbot\" content=\"index, follow, max-snippet:-1, max-image-preview:large, max-video-preview:-1\" \/>\n<link rel=\"canonical\" href=\"https:\/\/asahijapantours.com\/tour\/du-lich-chau-au-phap-thuy-sy-nui-jungfrau-y\/\" \/>\n<meta property=\"og:locale\" content=\"vi_VN\" \/>\n<meta property=\"og:type\" content=\"article\" \/>\n<meta property=\"og:title\" content=\"Cung \u0110\u01b0\u1eddng V\u00e0ng_Ph\u1ed5 Th\u00f4ng_Lo\u1ea1i 2_T\u1eeb Tokyo - Japan Travel - Asahi VietLife\" \/>\n<meta property=\"og:description\" content=\"\u00a0H\u00e0nh Tr\u00ecnh 6 Ng\u00e0y Kh\u00e1m Ph\u00e1 Tuy\u1ebfn \u0110\u01b0\u1eddng V\u00e0ng H\u00e3y tr\u1ea3i nghi\u1ec7m s\u1ef1 k\u1ef3 di\u1ec7u c\u1ee7a Tour Ng\u1eafm Hoa Anh \u0110\u00e0o Nh\u1eadt B\u1ea3n. H\u00e0nh tr\u00ecnh n\u00e0y s\u1ebd \u0111\u01b0a Qu\u00fd kh\u00e1ch \u0111i d\u1ecdc theo Tuy\u1ebfn \u0110\u01b0\u1eddng V\u00e0ng (Golden Route) n\u1ed5i ti\u1ebfng, n\u01a1i h\u00f2a quy\u1ec7n ho\u00e0n h\u1ea3o gi\u1eefa truy\u1ec1n th\u1ed1ng c\u1ed5 x\u01b0a v\u00e0 s\u1ef1 \u0111\u1ed5i m\u1edbi hi\u1ec7n \u0111\u1ea1i. Chuy\u1ebfn \u0111i c\u1ee7a Qu\u00fd kh\u00e1ch b\u1eaft \u0111\u1ea7u t\u1ea1i Tokyo, n\u01a1i Qu\u00fd kh\u00e1ch s\u1ebd kh\u00e1m ph\u00e1 c\u00e1c \u0111\u1ecba danh mang t\u00ednh bi\u1ec3u t\u01b0\u1ee3ng v\u00e0 nh\u1eefng c\u00f4ng vi\u00ean hoa anh \u0111\u00e0o r\u1ef1c r\u1ee1. Sau \u0111\u00f3, h\u00e0nh tr\u00ecnh s\u1ebd \u0111\u01b0a Qu\u00fd kh\u00e1ch \u0111\u1ebfn c\u00e1c ng\u00f4i l\u00e0ng thanh b\u00ecnh d\u01b0\u1edbi ch\u00e2n N\u00fai Ph\u00fa S\u0129 \u0111\u1ec3 chi\u00eam ng\u01b0\u1ee1ng c\u1ea3nh quan thi\u00ean nhi\u00ean tuy\u1ec7t \u0111\u1eb9p v\u00e0 t\u1eadn h\u01b0\u1edfng tr\u1ea3i nghi\u1ec7m t\u1eafm su\u1ed1i n\u01b0\u1edbc n\u00f3ng onsen th\u01b0 gi\u00e3n. Cu\u1ed9c phi\u00eau l\u01b0u ti\u1ebfp t\u1ee5c v\u1edbi c\u1ea3m gi\u00e1c ph\u1ea5n kh\u00edch tr\u00ean t\u00e0u cao t\u1ed1c Shinkansen, d\u1eabn l\u1ed1i Qu\u00fd kh\u00e1ch \u0111\u1ebfn nh\u1eefng ng\u00f4i \u0111\u1ec1n l\u1ecbch s\u1eed t\u1ea1i Kyoto v\u00e0 nh\u1eefng con ph\u1ed1 s\u00f4i \u0111\u1ed9ng c\u1ee7a Osaka. Xuy\u00ean su\u1ed1t chuy\u1ebfn \u0111i, Qu\u00fd kh\u00e1ch s\u1ebd \u0111\u01b0\u1ee3c h\u00f2a m\u00ecnh v\u00e0o v\u0103n h\u00f3a Nh\u1eadt B\u1ea3n, t\u1eeb vi\u1ec7c kh\u00e1m ph\u00e1 nh\u1eefng \u0111\u1ec1n th\u1edd linh thi\u00eang, l\u00e2u \u0111\u00e0i c\u1ed5 k\u00ednh cho \u0111\u1ebfn vi\u1ec7c th\u01b0\u1edfng th\u1ee9c \u1ea9m th\u1ef1c \u0111\u1ecba ph\u01b0\u01a1ng h\u1ea5p d\u1eabn. L\u1ecbch tr\u00ecnh n\u00e0y \u0111\u01b0\u1ee3c thi\u1ebft k\u1ebf nh\u1eb1m mang \u0111\u1ebfn cho Qu\u00fd kh\u00e1ch m\u1ed9t tr\u1ea3i nghi\u1ec7m to\u00e0n di\u1ec7n v\u00e0 \u0111\u00e1ng nh\u1edb nh\u1ea5t trong m\u00f9a \u0111\u1eb9p nh\u1ea5t c\u1ee7a Nh\u1eadt B\u1ea3n.\" \/>\n<meta property=\"og:url\" content=\"https:\/\/asahijapantours.com\/tour\/du-lich-chau-au-phap-thuy-sy-nui-jungfrau-y\/\" \/>\n<meta property=\"og:site_name\" content=\"Japan Travel - Asahi VietLife\" \/>\n<meta property=\"article:modified_time\" content=\"2025-12-02T13:49:22+00:00\" \/>\n<meta property=\"og:image\" content=\"https:\/\/asahivietlife.tokyo\/wp-content\/uploads\/2017\/04\/img-bv6.jpg\" \/>\n\t<meta property=\"og:image:width\" content=\"430\" \/>\n\t<meta property=\"og:image:height\" content=\"325\" \/>\n<meta name=\"twitter:card\" content=\"summary\" \/>\n<script type=\"application\/ld+json\" class=\"yoast-schema-graph\">{\"@context\":\"https:\/\/schema.org\",\"@graph\":[{\"@type\":\"WebSite\",\"@id\":\"https:\/\/asahivietlife.tokyo\/vi\/#website\",\"url\":\"https:\/\/asahivietlife.tokyo\/vi\/\",\"name\":\"Japan Travel - Asahi VietLife\",\"description\":\"Japan Tour Packages\",\"potentialAction\":[{\"@type\":\"SearchAction\",\"target\":\"https:\/\/asahivietlife.tokyo\/vi\/?s={search_term_string}\",\"query-input\":\"required name=search_term_string\"}],\"inLanguage\":\"vi\"},{\"@type\":\"ImageObject\",\"@id\":\"https:\/\/asahijapantours.com\/tour\/du-lich-chau-au-phap-thuy-sy-nui-jungfrau-y\/#primaryimage\",\"inLanguage\":\"vi\",\"url\":\"https:\/\/asahivietlife.tokyo\/wp-content\/uploads\/2017\/04\/img-bv6.jpg\",\"width\":430,\"height\":325},{\"@type\":\"WebPage\",\"@id\":\"https:\/\/asahijapantours.com\/tour\/du-lich-chau-au-phap-thuy-sy-nui-jungfrau-y\/#webpage\",\"url\":\"https:\/\/asahijapantours.com\/tour\/du-lich-chau-au-phap-thuy-sy-nui-jungfrau-y\/\",\"name\":\"Cung \\u0110\\u01b0\\u1eddng V\\u00e0ng_Ph\\u1ed5 Th\\u00f4ng_Lo\\u1ea1i 2_T\\u1eeb Tokyo - Japan Travel - Asahi VietLife\",\"isPartOf\":{\"@id\":\"https:\/\/asahivietlife.tokyo\/vi\/#website\"},\"primaryImageOfPage\":{\"@id\":\"https:\/\/asahijapantours.com\/tour\/du-lich-chau-au-phap-thuy-sy-nui-jungfrau-y\/#primaryimage\"},\"datePublished\":\"2022-12-20T20:36:13+00:00\",\"dateModified\":\"2025-12-02T13:49:22+00:00\",\"breadcrumb\":{\"@id\":\"https:\/\/asahijapantours.com\/tour\/du-lich-chau-au-phap-thuy-sy-nui-jungfrau-y\/#breadcrumb\"},\"inLanguage\":\"vi\",\"potentialAction\":[{\"@type\":\"ReadAction\",\"target\":[\"https:\/\/asahijapantours.com\/tour\/du-lich-chau-au-phap-thuy-sy-nui-jungfrau-y\/\"]}]},{\"@type\":\"BreadcrumbList\",\"@id\":\"https:\/\/asahijapantours.com\/tour\/du-lich-chau-au-phap-thuy-sy-nui-jungfrau-y\/#breadcrumb\",\"itemListElement\":[{\"@type\":\"ListItem\",\"position\":1,\"item\":{\"@type\":\"WebPage\",\"@id\":\"https:\/\/asahivietlife.tokyo\/\",\"url\":\"https:\/\/asahivietlife.tokyo\/\",\"name\":\"AsahiVietLife-Explore Japan\"}},{\"@type\":\"ListItem\",\"position\":2,\"item\":{\"@type\":\"WebPage\",\"@id\":\"https:\/\/asahivietlife.tokyo\/gio-hang\/\",\"url\":\"https:\/\/asahivietlife.tokyo\/gio-hang\/\",\"name\":\"Cart\"}},{\"@type\":\"ListItem\",\"position\":3,\"item\":{\"@type\":\"WebPage\",\"@id\":\"https:\/\/asahijapantours.com\/tour\/du-lich-chau-au-phap-thuy-sy-nui-jungfrau-y\/\",\"url\":\"https:\/\/asahijapantours.com\/tour\/du-lich-chau-au-phap-thuy-sy-nui-jungfrau-y\/\",\"name\":\"Cung \\u0110\\u01b0\\u1eddng V\\u00e0ng_Ph\\u1ed5 Th\\u00f4ng_Lo\\u1ea1i 2_T\\u1eeb Tokyo\"}}]}]}<\/script>\n<!-- \/ Yoast SEO plugin. -->","_links":{"self":[{"href":"https:\/\/asahivietlife.tokyo\/vi\/wp-json\/wp\/v2\/product\/160","targetHints":{"allow":["GET"]}}],"collection":[{"href":"https:\/\/asahivietlife.tokyo\/vi\/wp-json\/wp\/v2\/product"}],"about":[{"href":"https:\/\/asahivietlife.tokyo\/vi\/wp-json\/wp\/v2\/types\/product"}],"replies":[{"embeddable":true,"href":"https:\/\/asahivietlife.tokyo\/vi\/wp-json\/wp\/v2\/comments?post=160"}],"wp:featuredmedia":[{"embeddable":true,"href":"https:\/\/asahivietlife.tokyo\/vi\/wp-json\/wp\/v2\/media\/142"}],"wp:attachment":[{"href":"https:\/\/asahivietlife.tokyo\/vi\/wp-json\/wp\/v2\/media?parent=160"}],"wp:term":[{"taxonomy":"product_cat","embeddable":true,"href":"https:\/\/asahivietlife.tokyo\/vi\/wp-json\/wp\/v2\/product_cat?post=160"},{"taxonomy":"product_tag","embeddable":true,"href":"https:\/\/asahivietlife.tokyo\/vi\/wp-json\/wp\/v2\/product_tag?post=160"}],"curies":[{"name":"wp","href":"https:\/\/api.w.org\/{rel}","templated":true}]}}