 
{"id":29,"date":"2020-04-14T06:53:11","date_gmt":"2020-04-14T06:53:11","guid":{"rendered":"http:\/\/nt12.chonweb.vn\/?page_id=29"},"modified":"2026-04-08T10:50:48","modified_gmt":"2026-04-08T03:50:48","slug":"dich-vu","status":"publish","type":"page","link":"https:\/\/asahivietlife.tokyo\/vi\/dich-vu\/","title":{"rendered":"D\u1ecbch v\u1ee5"},"content":{"rendered":"<h1>D\u1ecaCH V\u1ee4 ASAHI VIETLIFE: NG\u01af\u1edcI KI\u1ebeN T\u1ea0O H\u00c0NH TR\u00ccNH HO\u00c0N H\u1ea2O T\u1ea0I NH\u1eacT B\u1ea2N<\/h1>\n<h2>I.\u00a0 TUY\u00caN NG\u00d4N S\u1ee8 M\u1ec6NH: CH\u1ea4T L\u01af\u1ee2NG V\u01af\u1ee2T TR\u1ed8I T\u1eea TR\u1ee4 S\u1ede TOKYO<\/h2>\n<p data-path-to-node=\"4\"><b>Asahi VietLife LLC<\/b>, \u0111\u01b0\u1ee3c th\u00e0nh l\u1eadp v\u00e0 v\u1eadn h\u00e0nh tr\u1ef1c ti\u1ebfp t\u1ea1i Th\u1ee7 \u0111\u00f4 Tokyo, kh\u00f4ng ng\u1eebng ki\u1ebfn t\u1ea1o n\u00ean nh\u1eefng gi\u1ea3i ph\u00e1p du l\u1ecbch v\u00e0 s\u1ef1 ki\u1ec7n chu\u1ea9n m\u1ef1c qu\u1ed1c t\u1ebf. S\u1ee9 m\u1ec7nh c\u1ee7a ch\u00fang t\u00f4i l\u00e0 x\u00f3a b\u1ecf m\u1ecdi kho\u1ea3ng c\u00e1ch, mang l\u1ea1i s\u1ef1 <b>an t\u00e2m tuy\u1ec7t \u0111\u1ed1i<\/b> v\u00e0 <b>tr\u1ea3i nghi\u1ec7m v\u01b0\u1ee3t ngo\u00e0i mong \u0111\u1ee3i<\/b> cho m\u1ecdi Qu\u00fd kh\u00e1ch \u0111\u1eb7t ch\u00e2n \u0111\u1ebfn \u0111\u1ea5t n\u01b0\u1edbc M\u1eb7t tr\u1eddi m\u1ecdc.<\/p>\n<p data-path-to-node=\"5\">S\u1ee9c m\u1ea1nh c\u1ee7a ch\u00fang t\u00f4i \u0111\u1ebfn t\u1eeb <b>Quy\u1ec1n ki\u1ec3m so\u00e1t t\u1ea1i \u0111\u1ecba ph\u01b0\u01a1ng<\/b>, \u0111\u1ea3m b\u1ea3o m\u1ed7i kh\u00e2u d\u1ecbch v\u1ee5 \u0111\u1ec1u tu\u00e2n th\u1ee7 tinh th\u1ea7n <b>Omotenashi<\/b> (tinh th\u1ea7n hi\u1ebfu kh\u00e1ch Nh\u1eadt B\u1ea3n) v\u00e0 \u0111\u01b0\u1ee3c th\u1ef1c hi\u1ec7n v\u1edbi s\u1ef1 ch\u00ednh x\u00e1c tuy\u1ec7t \u0111\u1ed1i.<\/p>\n<hr data-path-to-node=\"6\" \/>\n<h2>II.\u00a0 S\u1ee8C M\u1ea0NH V\u1eacN H\u00c0NH: GI\u1ea2I PH\u00c1P H\u1eacU C\u1ea6N T\u1eea A \u0110\u1ebeN Z<\/h2>\n<p data-path-to-node=\"8\">Ch\u00fang t\u00f4i t\u1ef1 h\u00e0o l\u00e0 \u0111\u01a1n v\u1ecb cung c\u1ea5p gi\u1ea3i ph\u00e1p du l\u1ecbch <b>To\u00e0n di\u1ec7n (Full-Service)<\/b>, \u0111\u1eb7c bi\u1ec7t l\u00e0 kh\u1ea3 n\u0103ng x\u1eed l\u00fd nh\u1eefng y\u00eau c\u1ea7u ph\u1ee9c t\u1ea1p c\u1ee7a c\u00e1c \u0111o\u00e0n l\u1edbn v\u00e0 s\u1ef1 ki\u1ec7n (MICE).<\/p>\n<h3>1. D\u1ecaCH V\u1ee4 T\u1ed4 CH\u1ee8C TOUR V\u00c0 S\u1ef0 KI\u1ec6N CHUY\u00caN BI\u1ec6T<\/h3>\n<table data-path-to-node=\"10\">\n<thead>\n<tr>\n<td><strong>Lo\u1ea1i H\u00ecnh<\/strong><\/td>\n<td><strong>Gi\u00e1 tr\u1ecb Asahi VietLife mang l\u1ea1i<\/strong><\/td>\n<\/tr>\n<\/thead>\n<tbody>\n<tr>\n<td><span data-path-to-node=\"10,1,0,0\"><b>\u0110o\u00e0n L\u1ebb (FIT\/VIP)<\/b><\/span><\/td>\n<td><span data-path-to-node=\"10,1,1,0\">Thi\u1ebft k\u1ebf l\u1ed9 tr\u00ecnh c\u00e1 nh\u00e2n h\u00f3a, \u0111\u1ed9c \u0111\u00e1o, t\u1ed1i \u01b0u h\u00f3a ng\u00e2n s\u00e1ch v\u00e0 th\u1eddi gian d\u1ef1a tr\u00ean <b>am hi\u1ec3u s\u00e2u s\u1eafc \u0111\u1ecba ph\u01b0\u01a1ng<\/b>.<\/span><\/td>\n<\/tr>\n<tr>\n<td><span data-path-to-node=\"10,2,0,0\"><b>\u0110o\u00e0n L\u1edbn\/S\u1ef1 ki\u1ec7n (MICE\/Corporate)<\/b><\/span><\/td>\n<td><span data-path-to-node=\"10,2,1,0\">Chuy\u00ean m\u00f4n h\u00f3a t\u1ed5 ch\u1ee9c Du l\u1ecbch Khen th\u01b0\u1edfng v\u00e0 H\u1ed9i ngh\u1ecb. \u0110\u1ea3m b\u1ea3o t\u00ednh <b>\u0111\u1ed3ng b\u1ed9, qu\u1ea3n l\u00fd r\u1ee7i ro tuy\u1ec7t \u0111\u1ed1i<\/b> v\u00e0 th\u1ef1c hi\u1ec7n s\u1ef1 ki\u1ec7n <b>theo chu\u1ea9n m\u1ef1c cao nh\u1ea5t<\/b> t\u1ea1i c\u00e1c th\u00e0nh ph\u1ed1 l\u1edbn.<\/span><\/td>\n<\/tr>\n<\/tbody>\n<\/table>\n<h3>2. KI\u1ec2M SO\u00c1T LOGISTICS TR\u1ef0C TI\u1ebeP (DIRECT SUPPLIER)<\/h3>\n<ul data-path-to-node=\"12\">\n<li>\n<p data-path-to-node=\"12,0,0\"><b>Cho thu\u00ea H\u01b0\u1edbng d\u1eabn vi\u00ean (HDV):<\/b> Cung c\u1ea5p \u0111\u1ed9i ng\u0169 HDV chuy\u00ean nghi\u1ec7p, c\u00f3 th\u1ebb h\u00e0nh ngh\u1ec1 t\u1ea1i Nh\u1eadt, th\u00f4ng th\u1ea1o ti\u1ebfng Vi\u1ec7t, ti\u1ebfng Anh v\u00e0 \u0111\u01b0\u1ee3c \u0111\u00e0o t\u1ea1o b\u00e0i b\u1ea3n theo <b>chu\u1ea9n m\u1ef1c Omotenashi<\/b>.<\/p>\n<\/li>\n<li>\n<p data-path-to-node=\"12,1,0\"><b>H\u1ec7 th\u1ed1ng V\u1eadn t\u1ea3i (Xe):<\/b> Qu\u1ea3n l\u00fd <b>H\u1ec7 th\u1ed1ng v\u1eadn t\u1ea3i ri\u00eang bi\u1ec7t<\/b> v\u1edbi c\u00e1c lo\u1ea1i xe du l\u1ecbch cao c\u1ea5p \u0111\u1ebfn xe Bus l\u1edbn, \u0111\u1ea3m b\u1ea3o ph\u01b0\u01a1ng ti\u1ec7n lu\u00f4n m\u1edbi, ti\u1ec7n nghi v\u00e0 tu\u00e2n th\u1ee7 c\u00e1c ti\u00eau chu\u1ea9n an to\u00e0n nghi\u00eam ng\u1eb7t c\u1ee7a Nh\u1eadt B\u1ea3n.<\/p>\n<\/li>\n<li>\n<p data-path-to-node=\"12,2,0\"><b>H\u1ed7 tr\u1ee3 \u0110\u1eb7t Kh\u00e1ch s\u1ea1n &amp; Nh\u00e0 h\u00e0ng:<\/b> T\u1eadn d\u1ee5ng <b>ngu\u1ed3n \u0111\u1ed1i t\u00e1c tr\u1ef1c ti\u1ebfp<\/b> (kh\u00f4ng qua trung gian) v\u1edbi h\u1ec7 th\u1ed1ng kh\u00e1ch s\u1ea1n, <i>Ryokan<\/i> v\u00e0 nh\u00e0 h\u00e0ng ch\u1ea5t l\u01b0\u1ee3ng cao, gi\u00fap Qu\u00fd kh\u00e1ch ti\u1ebft ki\u1ec7m chi ph\u00ed v\u00e0 \u0111\u1ea3m b\u1ea3o v\u1ecb tr\u00ed \u0111\u1eafc \u0111\u1ecba nh\u1ea5t.<\/p>\n<\/li>\n<\/ul>\n<hr data-path-to-node=\"13\" \/>\n<h2>III.\u00a0 QUY TR\u00ccNH KI\u1ebeN T\u1ea0O H\u00c0NH TR\u00ccNH HO\u00c0N H\u1ea2O<\/h2>\n<p data-path-to-node=\"15\">\u0110\u1ec3 \u0111\u1ea3m b\u1ea3o m\u1ed7i chuy\u1ebfn \u0111i \u0111\u1ec1u l\u00e0 m\u1ed9t tr\u1ea3i nghi\u1ec7m li\u1ec1n m\u1ea1ch v\u00e0 ch\u1ea5t l\u01b0\u1ee3ng cao, ch\u00fang t\u00f4i \u00e1p d\u1ee5ng quy tr\u00ecnh 5 b\u01b0\u1edbc \u0111\u01b0\u1ee3c ki\u1ec3m so\u00e1t ch\u1eb7t ch\u1ebd:<\/p>\n<ul data-path-to-node=\"16\">\n<li>\n<p data-path-to-node=\"16,0,0\"><b>B\u01af\u1edaC 1: TI\u1ebeP NH\u1eacN &amp; TH\u1ea4U HI\u1ec2U (\u0110\u1ea7u Vi\u1ec7t Nam)<\/b><\/p>\n<ul data-path-to-node=\"16,0,1\">\n<li>\n<p data-path-to-node=\"16,0,1,0,0\"><b>Nam A Travel<\/b> (\u0110\u1ed1i t\u00e1c t\u1ea1i Vi\u1ec7t Nam) ti\u1ebfp nh\u1eadn y\u00eau c\u1ea7u, t\u01b0 v\u1ea5n t\u1ed5ng quan, v\u00e0 ho\u00e0n thi\u1ec7n c\u00e1c th\u1ee7 t\u1ee5c h\u1ed3 s\u01a1 c\u01a1 b\u1ea3n (bao g\u1ed3m c\u1ea3 Visa).<\/p>\n<\/li>\n<\/ul>\n<\/li>\n<li>\n<p data-path-to-node=\"16,1,0\"><b>B\u01af\u1edaC 2: THI\u1ebeT K\u1ebe &amp; B\u00c1O GI\u00c1 (Asahi VietLife)<\/b><\/p>\n<ul data-path-to-node=\"16,1,1\">\n<li>\n<p data-path-to-node=\"16,1,1,0,0\"><b>Asahi VietLife<\/b> s\u1eed d\u1ee5ng kinh nghi\u1ec7m \u0111\u1ecba ph\u01b0\u01a1ng \u0111\u1ec3 thi\u1ebft k\u1ebf chi ti\u1ebft h\u00e0nh tr\u00ecnh (<b>t\u1ed1i \u01b0u h\u00f3a l\u1ed9 tr\u00ecnh<\/b>) v\u00e0 t\u00ednh to\u00e1n chi ph\u00ed <b>gi\u00e1 g\u1ed1c<\/b> ch\u00ednh x\u00e1c nh\u1ea5t, sau \u0111\u00f3 g\u1eedi b\u00e1o gi\u00e1 cu\u1ed1i c\u00f9ng \u0111\u1ebfn kh\u00e1ch h\u00e0ng.<\/p>\n<\/li>\n<\/ul>\n<\/li>\n<li>\n<p data-path-to-node=\"16,2,0\"><b>B\u01af\u1edaC 3: K\u00dd K\u1ebeT &amp; HO\u00c0N THI\u1ec6N H\u1eacU C\u1ea6N<\/b><\/p>\n<ul data-path-to-node=\"16,2,1\">\n<li>\n<p data-path-to-node=\"16,2,1,0,0\">Sau khi k\u00fd k\u1ebft, Asahi VietLife th\u1ef1c hi\u1ec7n \u0111\u1eb7t ph\u00f2ng kh\u00e1ch s\u1ea1n, v\u00e9 m\u00e1y bay, Shinkansen v\u00e0 x\u00e1c nh\u1eadn m\u1ecdi d\u1ecbch v\u1ee5 t\u1ea1i Nh\u1eadt B\u1ea3n. M\u1ecdi kh\u00e2u logistics ph\u1ee9c t\u1ea1p \u0111\u01b0\u1ee3c ch\u1ed1t ch\u1eb7n tr\u01b0\u1edbc ng\u00e0y kh\u1edfi h\u00e0nh.<\/p>\n<\/li>\n<\/ul>\n<\/li>\n<li>\n<p data-path-to-node=\"16,3,0\"><b>B\u01af\u1edaC 4: TR\u1ea2I NGHI\u1ec6M &amp; H\u1ed6 TR\u1ee2 24\/7<\/b><\/p>\n<ul data-path-to-node=\"16,3,1\">\n<li>\n<p data-path-to-node=\"16,3,1,0,0\">H\u00e0nh tr\u00ecnh b\u1eaft \u0111\u1ea7u. \u0110\u1ed9i ng\u0169 HDV v\u00e0 \u0111i\u1ec1u h\u00e0nh c\u1ee7a <b>Asahi VietLife<\/b> tr\u1ef1c ti\u1ebfp \u0111\u00f3n ti\u1ebfp, \u0111\u1ed3ng h\u00e0nh v\u00e0 <b>h\u1ed7 tr\u1ee3 kh\u1ea9n c\u1ea5p 24\/7<\/b> t\u1ea1i Nh\u1eadt B\u1ea3n, \u0111\u1ea3m b\u1ea3o m\u1ecdi v\u1ea5n \u0111\u1ec1 \u0111\u01b0\u1ee3c x\u1eed l\u00fd ngay l\u1eadp t\u1ee9c.<\/p>\n<\/li>\n<\/ul>\n<\/li>\n<li>\n<p data-path-to-node=\"16,4,0\"><b>B\u01af\u1edaC 5: H\u1eacU DU L\u1ecaCH<\/b><\/p>\n<ul data-path-to-node=\"16,4,1\">\n<li>\n<p data-path-to-node=\"16,4,1,0,0\">Thu th\u1eadp ph\u1ea3n h\u1ed3i t\u1eeb Qu\u00fd kh\u00e1ch, k\u1ebft th\u00fac d\u1ecbch v\u1ee5 v\u00e0 chu\u1ea9n b\u1ecb cho nh\u1eefng h\u00e0nh tr\u00ecnh ti\u1ebfp theo.<\/p>\n<\/li>\n<\/ul>\n<\/li>\n<\/ul>\n<h3>\u00a0V\u00cd D\u1ee4 TH\u1ef0C T\u1ebe V\u1ec0 KH\u1ea2 N\u0102NG V\u1eacN H\u00c0NH<\/h3>\n<blockquote data-path-to-node=\"18\"><p>Th\u00e1ch th\u1ee9c: T\u1ed5 ch\u1ee9c chuy\u1ebfn \u0111i khen th\u01b0\u1edfng (Incentive Trip) cho \u0111o\u00e0n 150 nh\u00e2n vi\u00ean c\u00f4ng ty c\u00f4ng ngh\u1ec7, y\u00eau c\u1ea7u l\u01b0u tr\u00fa t\u1ea1i 5 kh\u00e1ch s\u1ea1n kh\u00e1c nhau t\u1ea1i Tokyo v\u00e0 Kyoto, v\u00e0 s\u1eafp x\u1ebfp 3 bu\u1ed5i ti\u1ec7c t\u1ed1i Gala Dinner v\u1edbi y\u00eau c\u1ea7u \u1ea9m th\u1ef1c \u0111\u1eb7c bi\u1ec7t.<\/p>\n<p>Gi\u1ea3i ph\u00e1p Asahi VietLife: B\u1eb1ng quy\u1ec1n ki\u1ec3m so\u00e1t d\u1ecbch v\u1ee5 tr\u1ef1c ti\u1ebfp, ch\u00fang t\u00f4i \u0111\u00e3 \u0111i\u1ec1u ph\u1ed1i \u0111\u1ed9i xe 45 ch\u1ed7 \u0111\u1ed3ng b\u1ed9, \u0111\u1ea3m b\u1ea3o HDV \u0111\u01b0\u1ee3c ph\u00e2n b\u1ed5 theo t\u1ef7 l\u1ec7 1:25. Quan tr\u1ecdng nh\u1ea5t, ch\u00fang t\u00f4i \u0111\u00e3 tr\u1ef1c ti\u1ebfp l\u00e0m vi\u1ec7c v\u1edbi c\u00e1c nh\u00e0 cung c\u1ea5p t\u1ea1i Nh\u1eadt B\u1ea3n \u0111\u1ec3 \u0111\u1ea3m b\u1ea3o ch\u1ea5t l\u01b0\u1ee3ng \u1ea9m th\u1ef1c \u0111\u1ed3ng nh\u1ea5t t\u1ea1i c\u1ea3 3 \u0111\u1ecba \u0111i\u1ec3m t\u1ed5 ch\u1ee9c Gala, b\u1ea5t ch\u1ea5p quy m\u00f4 l\u1edbn.<\/p><\/blockquote>\n<hr data-path-to-node=\"19\" \/>\n<h2>IV. ? H\u1ec6 TH\u1ed0NG LI\u00caN H\u1ec6 CH\u00cdNH TH\u1ee8C &amp; CAM K\u1ebeT<\/h2>\n<p data-path-to-node=\"21\">Ch\u00fang t\u00f4i m\u1eddi Qu\u00fd kh\u00e1ch v\u00e0 \u0111\u1ed1i t\u00e1c kh\u00e1m ph\u00e1 s\u1ef1 kh\u00e1c bi\u1ec7t khi \u0111\u1ed3ng h\u00e0nh c\u00f9ng m\u1ed9t c\u00f4ng ty c\u00f3 <b>tr\u1ee5 s\u1edf \u0111i\u1ec1u h\u00e0nh tr\u1ef1c ti\u1ebfp<\/b> t\u1ea1i Nh\u1eadt B\u1ea3n.<\/p>\n<table data-path-to-node=\"22\">\n<thead>\n<tr>\n<td><strong>Tr\u1ee5 s\u1edf<\/strong><\/td>\n<td><strong>Vai tr\u00f2 Ch\u00ednh<\/strong><\/td>\n<td><strong>Th\u00f4ng tin Li\u00ean h\u1ec7<\/strong><\/td>\n<\/tr>\n<\/thead>\n<tbody>\n<tr>\n<td><span data-path-to-node=\"22,1,0,0\"><b>ASAHI VIETLIFE LLC (Nh\u1eadt B\u1ea3n)<\/b><\/span><\/td>\n<td><span data-path-to-node=\"22,1,1,0\"><b>\u0110\u01a1n v\u1ecb \u0111i\u1ec1u h\u00e0nh ch\u00ednh, \u0111\u1ea3m b\u1ea3o ch\u1ea5t l\u01b0\u1ee3ng v\u00e0 h\u1eadu c\u1ea7n t\u1ea1i ch\u1ed7.<\/b><\/span><\/td>\n<td>\n<p data-path-to-node=\"22,1,2,0\"><b>Hotline Kh\u1ea9n c\u1ea5p:<\/b> <b>+8170 \u2013 2794 \u2013 4770<\/b><\/p>\n<p><br data-path-to-node=\"22,1,2,1\" \/><\/p>\n<p data-path-to-node=\"22,1,2,2\"><b>Email:<\/b> Contact@AsahiVietLife.Tokyo<\/p>\n<\/td>\n<\/tr>\n<tr>\n<td><span data-path-to-node=\"22,2,0,0\"><b>NAM A TRAVEL (Vi\u1ec7t Nam)<\/b><\/span><\/td>\n<td><span data-path-to-node=\"22,2,1,0\"><b>\u0110\u1ea7u m\u1ed1i ti\u1ebfp nh\u1eadn h\u1ed3 s\u01a1, t\u01b0 v\u1ea5n v\u00e0 h\u1ed7 tr\u1ee3 th\u1ee7 t\u1ee5c Visa t\u1ea1i Vi\u1ec7t Nam.<\/b><\/span><\/td>\n<td>\n<p data-path-to-node=\"22,2,2,0\"><b>Hotline T\u01b0 v\u1ea5n:<\/b> <b>1900 4692<\/b><\/p>\n<p><br data-path-to-node=\"22,2,2,1\" \/><\/p>\n<p data-path-to-node=\"22,2,2,2\"><b>Email:<\/b> infor.namatravel@gmail.com<\/p>\n<\/td>\n<\/tr>\n<\/tbody>\n<\/table>\n","protected":false},"excerpt":{"rendered":"<p>D\u1ecaCH V\u1ee4 ASAHI VIETLIFE: NG\u01af\u1edcI KI\u1ebeN T\u1ea0O H\u00c0NH TR\u00ccNH HO\u00c0N H\u1ea2O T\u1ea0I NH\u1eacT B\u1ea2N I.\u00a0 TUY\u00caN NG\u00d4N S\u1ee8 M\u1ec6NH: CH\u1ea4T L\u01af\u1ee2NG V\u01af\u1ee2T TR\u1ed8I T\u1eea TR\u1ee4 S\u1ede TOKYO Asahi VietLife LLC, \u0111\u01b0\u1ee3c th\u00e0nh l\u1eadp v\u00e0 v\u1eadn h\u00e0nh tr\u1ef1c ti\u1ebfp t\u1ea1i Th\u1ee7 \u0111\u00f4 Tokyo, kh\u00f4ng ng\u1eebng ki\u1ebfn t\u1ea1o n\u00ean nh\u1eefng gi\u1ea3i ph\u00e1p du l\u1ecbch v\u00e0 s\u1ef1 ki\u1ec7n &hellip; <\/p>\n<p class=\"link-more\"><a href=\"https:\/\/asahivietlife.tokyo\/vi\/dich-vu\/\" class=\"more-link\">\u0110\u1ecdc ti\u1ebfp<span class=\"screen-reader-text\"> &#8220;D\u1ecbch v\u1ee5&#8221;<\/span><\/a><\/p>\n","protected":false},"author":1,"featured_media":0,"parent":0,"menu_order":0,"comment_status":"closed","ping_status":"closed","template":"","meta":{"footnotes":""},"class_list":["post-29","page","type-page","status-publish","hentry"],"yoast_head":"<!-- This site is optimized with the Yoast SEO plugin v14.3 - https:\/\/yoast.com\/wordpress\/plugins\/seo\/ -->\n<title>D\u1ecbch v\u1ee5 - Japan Travel - Asahi VietLife<\/title>\n<meta name=\"robots\" content=\"index, follow\" \/>\n<meta name=\"googlebot\" content=\"index, follow, max-snippet:-1, max-image-preview:large, max-video-preview:-1\" \/>\n<meta name=\"bingbot\" content=\"index, follow, max-snippet:-1, max-image-preview:large, max-video-preview:-1\" \/>\n<link rel=\"canonical\" href=\"https:\/\/asahivietlife.tokyo\/dich-vu\/\" \/>\n<meta property=\"og:locale\" content=\"vi_VN\" \/>\n<meta property=\"og:type\" content=\"article\" \/>\n<meta property=\"og:title\" content=\"[:vi]D\u1ecbch v\u1ee5[:en]Services[:ja]\u30b5\u30fc\u30d3\u30b9[:] - Japan Travel - Asahi VietLife\" \/>\n<meta property=\"og:description\" content=\"D\u1ecaCH V\u1ee4 ASAHI VIETLIFE: NG\u01af\u1edcI KI\u1ebeN T\u1ea0O H\u00c0NH TR\u00ccNH HO\u00c0N H\u1ea2O T\u1ea0I NH\u1eacT B\u1ea2N I.\u00a0 TUY\u00caN NG\u00d4N S\u1ee8 M\u1ec6NH: CH\u1ea4T L\u01af\u1ee2NG V\u01af\u1ee2T TR\u1ed8I T\u1eea TR\u1ee4 S\u1ede TOKYO Asahi VietLife LLC, \u0111\u01b0\u1ee3c th\u00e0nh l\u1eadp v\u00e0 v\u1eadn h\u00e0nh tr\u1ef1c ti\u1ebfp t\u1ea1i Th\u1ee7 \u0111\u00f4 Tokyo, kh\u00f4ng ng\u1eebng ki\u1ebfn t\u1ea1o n\u00ean nh\u1eefng gi\u1ea3i ph\u00e1p du l\u1ecbch v\u00e0 s\u1ef1 ki\u1ec7n &hellip; \u0110\u1ecdc ti\u1ebfp &quot;D\u1ecbch v\u1ee5&quot;\" \/>\n<meta property=\"og:url\" content=\"https:\/\/asahivietlife.tokyo\/dich-vu\/\" \/>\n<meta property=\"og:site_name\" content=\"Japan Travel - Asahi VietLife\" \/>\n<meta property=\"article:modified_time\" content=\"2026-04-08T03:50:48+00:00\" \/>\n<meta name=\"twitter:card\" content=\"summary\" \/>\n<script type=\"application\/ld+json\" class=\"yoast-schema-graph\">{\"@context\":\"https:\/\/schema.org\",\"@graph\":[{\"@type\":\"WebSite\",\"@id\":\"https:\/\/asahivietlife.tokyo\/vi\/#website\",\"url\":\"https:\/\/asahivietlife.tokyo\/vi\/\",\"name\":\"Japan Travel - Asahi VietLife\",\"description\":\"Japan Tour Packages\",\"potentialAction\":[{\"@type\":\"SearchAction\",\"target\":\"https:\/\/asahivietlife.tokyo\/vi\/?s={search_term_string}\",\"query-input\":\"required name=search_term_string\"}],\"inLanguage\":\"vi\"},{\"@type\":\"WebPage\",\"@id\":\"https:\/\/asahivietlife.tokyo\/dich-vu\/#webpage\",\"url\":\"https:\/\/asahivietlife.tokyo\/dich-vu\/\",\"name\":\"[:vi]D\\u1ecbch v\\u1ee5[:en]Services[:ja]\\u30b5\\u30fc\\u30d3\\u30b9[:] - Japan Travel - Asahi VietLife\",\"isPartOf\":{\"@id\":\"https:\/\/asahivietlife.tokyo\/vi\/#website\"},\"datePublished\":\"2020-04-14T06:53:11+00:00\",\"dateModified\":\"2026-04-08T03:50:48+00:00\",\"breadcrumb\":{\"@id\":\"https:\/\/asahivietlife.tokyo\/dich-vu\/#breadcrumb\"},\"inLanguage\":\"vi\",\"potentialAction\":[{\"@type\":\"ReadAction\",\"target\":[\"https:\/\/asahivietlife.tokyo\/dich-vu\/\"]}]},{\"@type\":\"BreadcrumbList\",\"@id\":\"https:\/\/asahivietlife.tokyo\/dich-vu\/#breadcrumb\",\"itemListElement\":[{\"@type\":\"ListItem\",\"position\":1,\"item\":{\"@type\":\"WebPage\",\"@id\":\"https:\/\/asahivietlife.tokyo\/\",\"url\":\"https:\/\/asahivietlife.tokyo\/\",\"name\":\"AsahiVietLife-Explore Japan\"}},{\"@type\":\"ListItem\",\"position\":2,\"item\":{\"@type\":\"WebPage\",\"@id\":\"https:\/\/asahivietlife.tokyo\/dich-vu\/\",\"url\":\"https:\/\/asahivietlife.tokyo\/dich-vu\/\",\"name\":\"Services\"}}]}]}<\/script>\n<!-- \/ Yoast SEO plugin. -->","_links":{"self":[{"href":"https:\/\/asahivietlife.tokyo\/vi\/wp-json\/wp\/v2\/pages\/29","targetHints":{"allow":["GET"]}}],"collection":[{"href":"https:\/\/asahivietlife.tokyo\/vi\/wp-json\/wp\/v2\/pages"}],"about":[{"href":"https:\/\/asahivietlife.tokyo\/vi\/wp-json\/wp\/v2\/types\/page"}],"author":[{"embeddable":true,"href":"https:\/\/asahivietlife.tokyo\/vi\/wp-json\/wp\/v2\/users\/1"}],"replies":[{"embeddable":true,"href":"https:\/\/asahivietlife.tokyo\/vi\/wp-json\/wp\/v2\/comments?post=29"}],"version-history":[{"count":6,"href":"https:\/\/asahivietlife.tokyo\/vi\/wp-json\/wp\/v2\/pages\/29\/revisions"}],"predecessor-version":[{"id":469,"href":"https:\/\/asahivietlife.tokyo\/vi\/wp-json\/wp\/v2\/pages\/29\/revisions\/469"}],"wp:attachment":[{"href":"https:\/\/asahivietlife.tokyo\/vi\/wp-json\/wp\/v2\/media?parent=29"}],"curies":[{"name":"wp","href":"https:\/\/api.w.org\/{rel}","templated":true}]}}