 
{"id":10,"date":"2025-04-14T06:31:20","date_gmt":"2025-04-13T23:31:20","guid":{"rendered":"http:\/\/nt12.chonweb.vn\/?page_id=10"},"modified":"2026-04-14T21:15:19","modified_gmt":"2026-04-14T14:15:19","slug":"ve-chung-toi","status":"publish","type":"page","link":"https:\/\/asahivietlife.tokyo\/vi\/ve-chung-toi\/","title":{"rendered":"V\u1ec1 Ch\u00fang T\u00f4i"},"content":{"rendered":"<p><\/p>\n<h2 data-section-id=\"1fdijxk\" data-start=\"267\" data-end=\"287\"><em><span style=\"color: #000000;\"><strong>V\u1ec1 Asahi VietLife<\/strong><\/span><\/em><\/h2>\n<h3 data-section-id=\"1vhqiss\" data-start=\"289\" data-end=\"345\">H\u00e0nh tr\u00ecnh Nh\u1eadt B\u1ea3n, theo c\u00e1ch ph\u00f9 h\u1ee3p v\u1edbi ri\u00eang b\u1ea1n<\/h3>\n<p data-start=\"347\" data-end=\"494\">Asahi VietLife l\u00e0 \u0111\u01a1n v\u1ecb du l\u1ecbch t\u1ea1i Nh\u1eadt B\u1ea3n, t\u1eadp trung v\u00e0o<span style=\"font-size: 12pt;\"> nh\u1eefng<\/span> h\u00e0nh tr\u00ecnh \u0111\u01b0\u1ee3c thi\u1ebft k\u1ebf linh ho\u1ea1t, ch\u1ec9n chu v\u00e0 th\u1ef1c t\u1ebf h\u01a1n cho t\u1eebng kh\u00e1ch h\u00e0ng.<\/p>\n<p data-start=\"496\" data-end=\"668\">Ch\u00fang t\u00f4i kh\u00f4ng ch\u1ec9 t\u1ea1o ra m\u1ed9t chuy\u1ebfn \u0111i, m\u00e0 h\u01b0\u1edbng \u0111\u1ebfn vi\u1ec7c mang l\u1ea1i m\u1ed9t tr\u1ea3i nghi\u1ec7m r\u00f5 r\u00e0ng, nh\u1eb9 nh\u00e0ng v\u00e0 \u0111\u00e1ng tin c\u1eady ngay t\u1eeb kh\u00e2u t\u01b0 v\u1ea5n cho \u0111\u1ebfn khi h\u00e0nh tr\u00ecnh k\u1ebft th\u00fac.<\/p>\n<p data-start=\"670\" data-end=\"764\"><span style=\"color: #993300;\"><strong data-start=\"670\" data-end=\"764\">M\u1ed9t chuy\u1ebfn \u0111i \u0111\u1eb9p kh\u00f4ng ch\u1ec9 n\u1eb1m \u1edf \u0111i\u1ec3m \u0111\u1ebfn, m\u00e0 c\u00f2n n\u1eb1m \u1edf c\u00e1ch h\u00e0nh tr\u00ecnh \u1ea5y \u0111\u01b0\u1ee3c chu\u1ea9n b\u1ecb.<\/strong><\/span><\/p>\n<hr data-start=\"766\" data-end=\"769\" \/>\n<h3 data-section-id=\"arecmg\" data-start=\"771\" data-end=\"801\"><span style=\"font-family: 'arial black', sans-serif;\"><em><strong>Ch\u00fang t\u00f4i kh\u00e1c bi\u1ec7t \u1edf \u0111\u00e2u?<\/strong><\/em><\/span><\/h3>\n<p data-start=\"803\" data-end=\"964\">Asahi VietLife \u0111\u01b0\u1ee3c x\u00e2y d\u1ef1ng v\u1edbi \u0111\u1ecbnh h\u01b0\u1edbng \u0111\u01a1n gi\u1ea3n:<br data-start=\"856\" data-end=\"859\" \/>gi\u00fap kh\u00e1ch h\u00e0ng kh\u00e1m ph\u00e1 Nh\u1eadt B\u1ea3n m\u1ed9t c\u00e1ch d\u1ec5 hi\u1ec3u h\u01a1n, tho\u1ea3i m\u00e1i h\u01a1n v\u00e0 ph\u00f9 h\u1ee3p h\u01a1n v\u1edbi nhu c\u1ea7u th\u1ef1c t\u1ebf.<\/p>\n<p data-start=\"966\" data-end=\"1184\">Thay v\u00ec nh\u1eefng ch\u01b0\u01a1ng tr\u00ecnh c\u1ee9ng nh\u1eafc, ch\u00fang t\u00f4i \u01b0u ti\u00ean s\u1ef1 linh ho\u1ea1t trong c\u00e1ch x\u00e2y d\u1ef1ng h\u00e0nh tr\u00ecnh.<br data-start=\"1066\" data-end=\"1069\" \/>Thay v\u00ec ch\u1ec9 b\u00e1n tour, ch\u00fang t\u00f4i t\u1eadp trung v\u00e0o vi\u1ec7c \u0111\u1ed3ng h\u00e0nh v\u00e0 \u0111\u1ec1 xu\u1ea5t gi\u1ea3i ph\u00e1p ph\u00f9 h\u1ee3p nh\u1ea5t cho t\u1eebng nh\u00f3m kh\u00e1ch.<\/p>\n<ul data-start=\"1186\" data-end=\"1431\">\n<li data-section-id=\"afwx26\" data-start=\"1186\" data-end=\"1217\">\u0110\u1ed9i ng\u0169 h\u1ed7 tr\u1ee3 t\u1ea1i Nh\u1eadt B\u1ea3n<\/li>\n<li data-section-id=\"xatrap\" data-start=\"1218\" data-end=\"1259\">T\u01b0 v\u1ea5n linh ho\u1ea1t theo nhu c\u1ea7u th\u1ef1c t\u1ebf<\/li>\n<li data-section-id=\"1k1bdce\" data-start=\"1260\" data-end=\"1323\">H\u00e0nh tr\u00ecnh c\u00e1 nh\u00e2n h\u00f3a theo ng\u00e2n s\u00e1ch v\u00e0 phong c\u00e1ch du l\u1ecbch<\/li>\n<li data-section-id=\"1yjqa4v\" data-start=\"1324\" data-end=\"1371\">D\u1ecbch v\u1ee5 r\u00f5 r\u00e0ng, d\u1ec5 trao \u0111\u1ed5i, d\u1ec5 tri\u1ec3n khai<\/li>\n<li data-section-id=\"v7kl3b\" data-start=\"1372\" data-end=\"1431\">Ph\u00f9 h\u1ee3p cho kh\u00e1ch l\u1ebb, gia \u0111\u00ecnh, nh\u00f3m ri\u00eang v\u00e0 \u0111\u1ed1i t\u00e1c B2B<\/li>\n<\/ul>\n<hr data-start=\"1433\" data-end=\"1436\" \/>\n<h3 data-section-id=\"9fsclm\" data-start=\"1438\" data-end=\"1469\"><em><strong><span style=\"font-family: 'arial black', sans-serif;\">Ch\u00fang t\u00f4i mang \u0111\u1ebfn \u0111i\u1ec1u g\u00ec?<\/span><\/strong><\/em><\/h3>\n<p data-start=\"1471\" data-end=\"1564\">Asahi VietLife cung c\u1ea5p c\u00e1c d\u1ecbch v\u1ee5 du l\u1ecbch Nh\u1eadt B\u1ea3n theo h\u01b0\u1edbng g\u1ecdn g\u00e0ng, th\u1ef1c t\u1ebf v\u00e0 \u0111\u1ed3ng b\u1ed9.<\/p>\n<ul data-start=\"1566\" data-end=\"1845\">\n<li data-section-id=\"1yn8osx\" data-start=\"1566\" data-end=\"1616\">Tour ri\u00eang v\u00e0 l\u1ecbch tr\u00ecnh thi\u1ebft k\u1ebf theo y\u00eau c\u1ea7u<\/li>\n<li data-section-id=\"1r0mimu\" data-start=\"1617\" data-end=\"1658\">City tours v\u00e0 c\u00e1c h\u00e0nh tr\u00ecnh theo m\u00f9a<\/li>\n<li data-section-id=\"1t2p3a7\" data-start=\"1659\" data-end=\"1706\">D\u1ecbch v\u1ee5 xe ri\u00eang, kh\u00e1ch s\u1ea1n, h\u01b0\u1edbng d\u1eabn vi\u00ean<\/li>\n<li data-section-id=\"79nccl\" data-start=\"1707\" data-end=\"1740\">H\u1ed7 tr\u1ee3 land tour t\u1ea1i Nh\u1eadt B\u1ea3n<\/li>\n<li data-section-id=\"xybble\" data-start=\"1741\" data-end=\"1794\">T\u01b0 v\u1ea5n l\u1ecbch tr\u00ecnh cho kh\u00e1ch Vi\u1ec7t v\u00e0 kh\u00e1ch qu\u1ed1c t\u1ebf<\/li>\n<li data-section-id=\"oduft7\" data-start=\"1795\" data-end=\"1845\">Gi\u1ea3i ph\u00e1p ph\u00f9 h\u1ee3p cho \u0111\u1ea1i l\u00fd v\u00e0 \u0111\u1ed1i t\u00e1c b\u00e1n tour<\/li>\n<\/ul>\n<p data-start=\"1847\" data-end=\"1944\"><span style=\"color: #993300;\"><strong data-start=\"1847\" data-end=\"1944\">Ch\u00fang t\u00f4i tin r\u1eb1ng m\u1ed7i kh\u00e1ch h\u00e0ng n\u00ean c\u00f3 m\u1ed9t h\u00e0nh tr\u00ecnh ph\u00f9 h\u1ee3p v\u1edbi nh\u1ecbp \u0111i\u1ec7u c\u1ee7a ri\u00eang m\u00ecnh.<\/strong><\/span><\/p>\n<hr data-start=\"1946\" data-end=\"1949\" \/>\n<h3 data-section-id=\"14u5d3r\" data-start=\"1951\" data-end=\"1983\"><span style=\"font-family: 'arial black', sans-serif;\"><em><strong>Tinh th\u1ea7n c\u1ee7a Asahi VietLife<\/strong><\/em><\/span><\/h3>\n<p data-start=\"1985\" data-end=\"2199\">Ch\u00fang t\u00f4i y\u00eau nh\u1eefng h\u00e0nh tr\u00ecnh \u0111\u01b0\u1ee3c chu\u1ea9n b\u1ecb c\u1ea9n th\u1eadn.<br data-start=\"2039\" data-end=\"2042\" \/>Ch\u00fang t\u00f4i \u0111\u1ec1 cao s\u1ef1 ch\u1ec9n chu trong d\u1ecbch v\u1ee5.<br data-start=\"2085\" data-end=\"2088\" \/>V\u00e0 ch\u00fang t\u00f4i tin r\u1eb1ng c\u1ea3m gi\u00e1c y\u00ean t\u00e2m trong su\u1ed1t chuy\u1ebfn \u0111i c\u0169ng quan tr\u1ecdng kh\u00f4ng k\u00e9m nh\u1eefng \u0111i\u1ec3m \u0111\u1ebfn n\u1ed5i ti\u1ebfng.<\/p>\n<p data-start=\"2201\" data-end=\"2251\"><span style=\"color: #000080;\">V\u00ec v\u1eady, Asahi VietLife lu\u00f4n h\u01b0\u1edbng \u0111\u1ebfn tr\u1ea3i nghi\u1ec7m:<\/span><\/p>\n<ul data-start=\"2252\" data-end=\"2323\">\n<li data-section-id=\"g4aq2k\" data-start=\"2252\" data-end=\"2271\">d\u1ec5 ti\u1ebfp c\u1eadn h\u01a1n<\/li>\n<li data-section-id=\"1t838wj\" data-start=\"2272\" data-end=\"2287\">r\u00f5 r\u00e0ng h\u01a1n<\/li>\n<li data-section-id=\"1r6rz26\" data-start=\"2288\" data-end=\"2305\">linh ho\u1ea1t h\u01a1n<\/li>\n<li data-section-id=\"1endwil\" data-start=\"2306\" data-end=\"2323\">v\u00e0 \u0111\u00e1ng nh\u1edb h\u01a1n<\/li>\n<\/ul>\n<hr data-start=\"2325\" data-end=\"2328\" \/>\n<h3 data-section-id=\"zhfi4w\" data-start=\"2330\" data-end=\"2365\"><span style=\"font-family: 'arial black', sans-serif;\"><em><strong>\u0110\u1ed3ng h\u00e0nh c\u00f9ng b\u1ea1n t\u1ea1i Nh\u1eadt B\u1ea3n<\/strong><\/em><\/span><\/h3>\n<p data-start=\"2367\" data-end=\"2612\">D\u00f9 b\u1ea1n \u0111ang t\u00ecm m\u1ed9t chuy\u1ebfn \u0111i \u0111\u1ea7u ti\u00ean \u0111\u1ebfn Nh\u1eadt, m\u1ed9t h\u00e0nh tr\u00ecnh ri\u00eang cho gia \u0111\u00ecnh, m\u1ed9t ch\u01b0\u01a1ng tr\u00ecnh theo m\u00f9a hay m\u1ed9t \u0111\u1ed1i t\u00e1c land tour \u0111\u00e1ng tin c\u1eady, Asahi VietLife lu\u00f4n s\u1eb5n s\u00e0ng \u0111\u1ed3ng h\u00e0nh c\u00f9ng b\u1ea1n b\u1eb1ng s\u1ef1 t\u1eadn t\u00e2m, th\u1ef1c t\u1ebf v\u00e0 am hi\u1ec3u \u0111\u1ecba ph\u01b0\u01a1ng.<\/p>\n<hr data-path-to-node=\"17\" \/>\n<h2><span style=\"font-family: 'arial black', sans-serif; color: #000000; font-size: 14pt;\"><em><strong>LI\u00caN H\u1ec6 V\u1edaI CH\u00daNG T\u00d4I\u00a0<\/strong><\/em><\/span><\/h2>\n<p data-path-to-node=\"19\">C\u00e2u chuy\u1ec7n c\u1ee7a ch\u00fang t\u00f4i \u0111\u00e3 s\u1eb5n s\u00e0ng. H\u00e3y \u0111\u1ec3 ch\u00fang t\u00f4i bi\u1ebfn chuy\u1ebfn \u0111i Nh\u1eadt B\u1ea3n c\u1ee7a b\u1ea1n th\u00e0nh m\u1ed9t ch\u01b0\u01a1ng s\u00e1ch tuy\u1ec7t v\u1eddi!<\/p>\n<table style=\"width: 100%; height: 156px;\" data-path-to-node=\"20\">\n<thead>\n<tr style=\"height: 26px;\">\n<td style=\"width: 46.1045%; height: 26px; text-align: center;\"><strong>K\u00eanh Li\u00ean h\u1ec7<\/strong><\/td>\n<td style=\"width: 53.8955%; height: 26px; text-align: center;\"><strong>Th\u00f4ng tin<\/strong><\/td>\n<\/tr>\n<\/thead>\n<tbody>\n<tr style=\"height: 26px;\">\n<td style=\"width: 46.1045%; height: 26px;\"><span style=\"font-family: arial, helvetica, sans-serif;\" data-path-to-node=\"20,1,0,0\"><b>Email T\u01b0 v\u1ea5n<\/b><\/span><\/td>\n<td style=\"width: 53.8955%; height: 26px;\"><span style=\"color: #0000ff;\" data-path-to-node=\"20,1,1,0\">Contact@asahivietlife.Tokyo | Sale@asahivietlife.Tokyo | Asahivietlifejapantours@gmail.com<\/span><\/td>\n<\/tr>\n<tr style=\"height: 26px;\">\n<td style=\"width: 46.1045%; height: 26px;\"><span style=\"font-family: arial, helvetica, sans-serif;\" data-path-to-node=\"20,2,0,0\"><b>Hotline Nh\u1eadt B\u1ea3n\u00a0<\/b><\/span><\/td>\n<td style=\"width: 53.8955%; height: 26px;\"><span style=\"font-family: arial, helvetica, sans-serif;\"><strong>\u00a0+(81): 03-6675-4977<\/strong><\/span><\/td>\n<\/tr>\n<tr style=\"height: 26px;\">\n<td style=\"width: 46.1045%; height: 26px;\"><span style=\"font-family: arial, helvetica, sans-serif;\" data-path-to-node=\"20,3,0,0\"><b>H\u1ed7 tr\u1ee3 nhanh : Mr. Giang (Zalo\/Whatsapp 24\/7)<\/b><\/span><\/td>\n<td style=\"width: 53.8955%; height: 26px;\"><span style=\"font-family: arial, helvetica, sans-serif;\"><strong>\u00a0+(81): 070-2794-4770<\/strong><\/span><\/td>\n<\/tr>\n<tr style=\"height: 26px;\">\n<td style=\"width: 46.1045%; height: 26px;\"><span style=\"font-family: arial, helvetica, sans-serif;\" data-path-to-node=\"20,4,0,0\"><b>Hotline Vi\u1ec7t Nam : Ms.Huyen<\/b><\/span><\/td>\n<td style=\"width: 53.8955%; height: 26px;\"><span style=\"font-family: arial, helvetica, sans-serif;\"><strong>\u00a0+(84): 03-4739-1998<\/strong><\/span><\/td>\n<\/tr>\n<tr style=\"height: 26px;\">\n<td style=\"width: 46.1045%; height: 26px;\"><span style=\"font-family: arial, helvetica, sans-serif;\" data-path-to-node=\"20,5,0,0\"><b>Quick English support : (Zalo\/Whatsapp 24\/7 Mr. Linh)<\/b><\/span><\/td>\n<td style=\"width: 53.8955%; height: 26px;\"><span style=\"font-family: arial, helvetica, sans-serif;\"><strong>\u00a0+(81): 070-9 188-1073<\/strong><\/span><\/td>\n<\/tr>\n<\/tbody>\n<\/table>\n<h2><\/h2>\n<p><\/p>","protected":false},"excerpt":{"rendered":"<p>V\u1ec1 Asahi VietLife H\u00e0nh tr\u00ecnh Nh\u1eadt B\u1ea3n, theo c\u00e1ch ph\u00f9 h\u1ee3p v\u1edbi ri\u00eang b\u1ea1n Asahi VietLife l\u00e0 \u0111\u01a1n v\u1ecb du l\u1ecbch t\u1ea1i Nh\u1eadt B\u1ea3n, t\u1eadp trung v\u00e0o nh\u1eefng h\u00e0nh tr\u00ecnh \u0111\u01b0\u1ee3c thi\u1ebft k\u1ebf linh ho\u1ea1t, ch\u1ec9n chu v\u00e0 th\u1ef1c t\u1ebf h\u01a1n cho t\u1eebng kh\u00e1ch h\u00e0ng. Ch\u00fang t\u00f4i kh\u00f4ng ch\u1ec9 t\u1ea1o ra m\u1ed9t chuy\u1ebfn \u0111i, m\u00e0 &hellip; <\/p>\n<p class=\"link-more\"><a href=\"https:\/\/asahivietlife.tokyo\/vi\/ve-chung-toi\/\" class=\"more-link\">\u0110\u1ecdc ti\u1ebfp<span class=\"screen-reader-text\"> &#8220;V\u1ec1 Ch\u00fang T\u00f4i&#8221;<\/span><\/a><\/p>\n","protected":false},"author":1,"featured_media":0,"parent":0,"menu_order":0,"comment_status":"closed","ping_status":"closed","template":"","meta":{"footnotes":""},"class_list":["post-10","page","type-page","status-publish","hentry"],"yoast_head":"<!-- This site is optimized with the Yoast SEO plugin v14.3 - https:\/\/yoast.com\/wordpress\/plugins\/seo\/ -->\n<title>V\u1ec1 Ch\u00fang T\u00f4i - Japan Travel - Asahi VietLife<\/title>\n<meta name=\"robots\" content=\"index, follow\" \/>\n<meta name=\"googlebot\" content=\"index, follow, max-snippet:-1, max-image-preview:large, max-video-preview:-1\" \/>\n<meta name=\"bingbot\" content=\"index, follow, max-snippet:-1, max-image-preview:large, max-video-preview:-1\" \/>\n<link rel=\"canonical\" href=\"https:\/\/asahivietlife.tokyo\/about-us\/\" \/>\n<meta property=\"og:locale\" content=\"vi_VN\" \/>\n<meta property=\"og:type\" content=\"article\" \/>\n<meta property=\"og:title\" content=\"[:en]About Us[:vi]V\u1ec1 Ch\u00fang T\u00f4i[:ja]\u79c1\u305f\u3061\u306b\u3064\u3044\u3066[:] - Japan Travel - Asahi VietLife\" \/>\n<meta property=\"og:description\" content=\"V\u1ec1 Asahi VietLife H\u00e0nh tr\u00ecnh Nh\u1eadt B\u1ea3n, theo c\u00e1ch ph\u00f9 h\u1ee3p v\u1edbi ri\u00eang b\u1ea1n Asahi VietLife l\u00e0 \u0111\u01a1n v\u1ecb du l\u1ecbch t\u1ea1i Nh\u1eadt B\u1ea3n, t\u1eadp trung v\u00e0o nh\u1eefng h\u00e0nh tr\u00ecnh \u0111\u01b0\u1ee3c thi\u1ebft k\u1ebf linh ho\u1ea1t, ch\u1ec9n chu v\u00e0 th\u1ef1c t\u1ebf h\u01a1n cho t\u1eebng kh\u00e1ch h\u00e0ng. Ch\u00fang t\u00f4i kh\u00f4ng ch\u1ec9 t\u1ea1o ra m\u1ed9t chuy\u1ebfn \u0111i, m\u00e0 &hellip; \u0110\u1ecdc ti\u1ebfp &quot;V\u1ec1 Ch\u00fang T\u00f4i&quot;\" \/>\n<meta property=\"og:url\" content=\"https:\/\/asahivietlife.tokyo\/about-us\/\" \/>\n<meta property=\"og:site_name\" content=\"Japan Travel - Asahi VietLife\" \/>\n<meta property=\"article:modified_time\" content=\"2026-04-14T14:15:19+00:00\" \/>\n<meta name=\"twitter:card\" content=\"summary\" \/>\n<script type=\"application\/ld+json\" class=\"yoast-schema-graph\">{\"@context\":\"https:\/\/schema.org\",\"@graph\":[{\"@type\":\"WebSite\",\"@id\":\"https:\/\/asahivietlife.tokyo\/vi\/#website\",\"url\":\"https:\/\/asahivietlife.tokyo\/vi\/\",\"name\":\"Japan Travel - Asahi VietLife\",\"description\":\"Japan Tour Packages\",\"potentialAction\":[{\"@type\":\"SearchAction\",\"target\":\"https:\/\/asahivietlife.tokyo\/vi\/?s={search_term_string}\",\"query-input\":\"required name=search_term_string\"}],\"inLanguage\":\"vi\"},{\"@type\":\"WebPage\",\"@id\":\"https:\/\/asahivietlife.tokyo\/about-us\/#webpage\",\"url\":\"https:\/\/asahivietlife.tokyo\/about-us\/\",\"name\":\"[:en]About Us[:vi]V\\u1ec1 Ch\\u00fang T\\u00f4i[:ja]\\u79c1\\u305f\\u3061\\u306b\\u3064\\u3044\\u3066[:] - Japan Travel - Asahi VietLife\",\"isPartOf\":{\"@id\":\"https:\/\/asahivietlife.tokyo\/vi\/#website\"},\"datePublished\":\"2025-04-13T23:31:20+00:00\",\"dateModified\":\"2026-04-14T14:15:19+00:00\",\"breadcrumb\":{\"@id\":\"https:\/\/asahivietlife.tokyo\/about-us\/#breadcrumb\"},\"inLanguage\":\"vi\",\"potentialAction\":[{\"@type\":\"ReadAction\",\"target\":[\"https:\/\/asahivietlife.tokyo\/about-us\/\"]}]},{\"@type\":\"BreadcrumbList\",\"@id\":\"https:\/\/asahivietlife.tokyo\/about-us\/#breadcrumb\",\"itemListElement\":[{\"@type\":\"ListItem\",\"position\":1,\"item\":{\"@type\":\"WebPage\",\"@id\":\"https:\/\/asahivietlife.tokyo\/\",\"url\":\"https:\/\/asahivietlife.tokyo\/\",\"name\":\"AsahiVietLife-Explore Japan\"}},{\"@type\":\"ListItem\",\"position\":2,\"item\":{\"@type\":\"WebPage\",\"@id\":\"https:\/\/asahivietlife.tokyo\/about-us\/\",\"url\":\"https:\/\/asahivietlife.tokyo\/about-us\/\",\"name\":\"About Us\"}}]}]}<\/script>\n<!-- \/ Yoast SEO plugin. -->","_links":{"self":[{"href":"https:\/\/asahivietlife.tokyo\/vi\/wp-json\/wp\/v2\/pages\/10","targetHints":{"allow":["GET"]}}],"collection":[{"href":"https:\/\/asahivietlife.tokyo\/vi\/wp-json\/wp\/v2\/pages"}],"about":[{"href":"https:\/\/asahivietlife.tokyo\/vi\/wp-json\/wp\/v2\/types\/page"}],"author":[{"embeddable":true,"href":"https:\/\/asahivietlife.tokyo\/vi\/wp-json\/wp\/v2\/users\/1"}],"replies":[{"embeddable":true,"href":"https:\/\/asahivietlife.tokyo\/vi\/wp-json\/wp\/v2\/comments?post=10"}],"version-history":[{"count":20,"href":"https:\/\/asahivietlife.tokyo\/vi\/wp-json\/wp\/v2\/pages\/10\/revisions"}],"predecessor-version":[{"id":476,"href":"https:\/\/asahivietlife.tokyo\/vi\/wp-json\/wp\/v2\/pages\/10\/revisions\/476"}],"wp:attachment":[{"href":"https:\/\/asahivietlife.tokyo\/vi\/wp-json\/wp\/v2\/media?parent=10"}],"curies":[{"name":"wp","href":"https:\/\/api.w.org\/{rel}","templated":true}]}}