 
{"id":93,"date":"2025-03-20T01:59:01","date_gmt":"2025-03-19T18:59:01","guid":{"rendered":"http:\/\/nt12.chonweb.vn\/?post_type=product&#038;p=93"},"modified":"2025-12-02T20:48:54","modified_gmt":"2025-12-02T13:48:54","slug":"cung-duong-vang_pho-thong_loai-1_tu-osaka","status":"publish","type":"product","link":"https:\/\/asahivietlife.tokyo\/ja\/tour\/cung-duong-vang_pho-thong_loai-1_tu-osaka\/","title":{"rendered":"Cung \u0110\u01b0\u1eddng V\u00e0ng_Ph\u1ed5 Th\u00f4ng_Lo\u1ea1i 1_T\u1eeb Osaka"},"content":{"rendered":"<div class=\"day active\">\n<div class=\"titDay\">\n<h2>? H\u00e0nh Tr\u00ecnh Nh\u1eadt B\u1ea3n \u0110\u00e1ng Nh\u1edb Nh\u1ea5t \u0110\u1eddi: 6 Ng\u00e0y, 5 \u0110\u00eam<\/h2>\n<p data-path-to-node=\"3\">T\u1eeb nh\u1eefng cung \u0111i\u1ec7n c\u1ed5 k\u00ednh \u0111\u1ebfn nh\u1eefng c\u1ea3nh quan thi\u00ean nhi\u00ean tr\u00e1ng l\u1ec7, h\u00e3y tr\u1ea3i nghi\u1ec7m m\u1ed9t kh\u00eda c\u1ea1nh c\u1ee7a Nh\u1eadt B\u1ea3n m\u00e0 Qu\u00fd kh\u00e1ch ch\u01b0a t\u1eebng t\u01b0\u1edfng t\u01b0\u1ee3ng. \u0110\u00e3 bao gi\u1edd Qu\u00fd kh\u00e1ch m\u01a1 v\u1ec1 m\u1ed9t h\u00e0nh tr\u00ecnh h\u00f2a quy\u1ec7n gi\u1eefa v\u0103n h\u00f3a phong ph\u00fa, s\u1ef1 th\u01b0 gi\u00e3n s\u00e2u l\u1eafng v\u00e0 \u1ea9m th\u1ef1c \u0111\u1eb3ng c\u1ea5p th\u1ebf gi\u1edbi ch\u01b0a?<\/p>\n<p data-path-to-node=\"4\">Tour \u0111\u1ed9c quy\u1ec1n 6 ng\u00e0y, 5 \u0111\u00eam c\u1ee7a ch\u00fang t\u00f4i s\u1ebd \u0111\u01b0a Qu\u00fd kh\u00e1ch \u0111i qua nh\u1eefng \u0111i\u1ec3m \u0111\u1ebfn mang t\u00ednh bi\u1ec3u t\u01b0\u1ee3ng nh\u1ea5t c\u1ee7a Nh\u1eadt B\u1ea3n. Qu\u00fd kh\u00e1ch s\u1ebd du h\u00e0nh t\u1eeb L\u00e2u \u0111\u00e0i Osaka h\u00f9ng v\u0129 v\u00e0 h\u00e0ng ng\u00e0n c\u1ed5ng <i>torii<\/i> huy\u1ec1n tho\u1ea1i c\u1ee7a \u0110\u1ec1n th\u1edd Fushimi Inari, \u0111\u1ebfn c\u1ea3nh s\u1eafc ngo\u1ea1n m\u1ee5c c\u1ee7a <b>N\u00fai Ph\u00fa S\u0129<\/b> ph\u1ee7 tuy\u1ebft v\u00e0 n\u00e9t quy\u1ebfn r\u0169 m\u1ed9c m\u1ea1c c\u1ee7a L\u00e0ng Oshino Hakkai.<\/p>\n<p data-path-to-node=\"5\">\u1ea8m th\u1ef1c Nh\u1eadt B\u1ea3n l\u00e0 trung t\u00e2m c\u1ee7a tr\u1ea3i nghi\u1ec7m n\u00e0y. Qu\u00fd kh\u00e1ch s\u1ebd \u0111\u01b0\u1ee3c th\u01b0\u1edfng th\u1ee9c <b>Th\u1ecbt b\u00f2 Kobe<\/b> n\u1ed5i ti\u1ebfng th\u1ebf gi\u1edbi, n\u1ebfm th\u1eed m\u00f3n <b>Th\u1ecbt n\u01b0\u1edbng BBQ<\/b> Nh\u1eadt B\u1ea3n \u0111\u00edch th\u1ef1c, v\u00e0 \u0111\u1eafm m\u00ecnh trong c\u00e1c truy\u1ec1n th\u1ed1ng nh\u01b0 L\u1ec5 tr\u00e0 \u0111\u1ea1o v\u00e0 t\u1eafm su\u1ed1i n\u01b0\u1edbc n\u00f3ng <i>Onsen<\/i>, trong khi kho\u00e1c l\u00ean m\u00ecnh b\u1ed9 <i>Kimono<\/i> truy\u1ec1n th\u1ed1ng nh\u01b0 ng\u01b0\u1eddi b\u1ea3n x\u1ee9.<\/p>\n<h3>\u00a0 Nh\u1eefng \u0110i\u1ec3m Nh\u1ea5n Kh\u00f4ng Th\u1ec3 B\u1ecf Qua:<\/h3>\n<ul data-path-to-node=\"7\">\n<li>\n<p data-path-to-node=\"7,0,0\"><b>L\u00e2u \u0111\u00e0i Osaka:<\/b> M\u1ed9t bi\u1ec3u t\u01b0\u1ee3ng m\u1ea1nh m\u1ebd c\u1ee7a l\u1ecbch s\u1eed \u0111\u1ee9ng s\u1eebng s\u1eefng trong l\u00f2ng th\u00e0nh ph\u1ed1 hi\u1ec7n \u0111\u1ea1i.<\/p>\n<\/li>\n<li>\n<p data-path-to-node=\"7,1,0\"><b>C\u00f4ng vi\u00ean Nara &amp; Ch\u00f9a Todaiji:<\/b> C\u01a1 h\u1ed9i \u0111\u1ec3 k\u1ebft n\u1ed1i v\u1edbi v\u0103n h\u00f3a Ph\u1eadt gi\u00e1o c\u1ed5 x\u01b0a c\u1ee7a Nh\u1eadt B\u1ea3n v\u00e0 g\u1eb7p g\u1ee1 nh\u1eefng ch\u00fa h\u01b0\u01a1u th\u00e2n thi\u1ec7n n\u1ed5i ti\u1ebfng.<\/p>\n<\/li>\n<li>\n<p data-path-to-node=\"7,2,0\"><b>\u0110\u1ec1n th\u1edd Fushimi Inari:<\/b> L\u1ea1c b\u01b0\u1edbc qua \u0111\u01b0\u1eddng h\u1ea7m ngo\u1ea1n m\u1ee5c \u0111\u01b0\u1ee3c t\u1ea1o n\u00ean t\u1eeb h\u00e0ng ng\u00e0n c\u1ed5ng <i>torii<\/i> m\u00e0u \u0111\u1ecf son r\u1ef1c r\u1ee1.<\/p>\n<\/li>\n<li>\n<p data-path-to-node=\"7,3,0\"><b>R\u1eebng Tre Arashiyama:<\/b> T\u1ea3n b\u1ed9 d\u1ecdc theo m\u1ed9t trong nh\u1eefng &#8220;con \u0111\u01b0\u1eddng \u00e2m thanh&#8221; thanh b\u00ecnh v\u00e0 \u0111\u1eb9p nh\u1ea5t th\u1ebf gi\u1edbi.<\/p>\n<\/li>\n<li>\n<p data-path-to-node=\"7,4,0\"><b>L\u00e0ng Oshino Hakkai &amp; V\u01b0\u1eddn Tr\u00e1i C\u00e2y:<\/b> Kh\u00e1m ph\u00e1 v\u1ebb \u0111\u1eb9p m\u1ed9c m\u1ea1c, gi\u1ea3n d\u1ecb c\u1ee7a v\u00f9ng n\u00f4ng th\u00f4n Nh\u1eadt B\u1ea3n.<\/p>\n<\/li>\n<li>\n<p data-path-to-node=\"7,5,0\"><b>Ch\u00f9a Asakusa, Th\u00e1p Skytree &amp; Akihabara:<\/b> Tr\u1ea3i nghi\u1ec7m n\u0103ng l\u01b0\u1ee3ng s\u00f4i \u0111\u1ed9ng c\u1ee7a Tokyo, n\u01a1i truy\u1ec1n th\u1ed1ng giao thoa v\u1edbi t\u01b0\u01a1ng lai.<\/p>\n<\/li>\n<\/ul>\n<p data-path-to-node=\"8\">Tour n\u00e0y ho\u00e0n h\u1ea3o cho gia \u0111\u00ecnh, b\u1ea1n b\u00e8 v\u00e0 c\u00e1c nh\u00f3m nh\u1ecf. Ch\u00fang t\u00f4i cung c\u1ea5p m\u1ed9t l\u1ecbch tr\u00ecnh linh ho\u1ea1t, c\u00e2n b\u1eb1ng gi\u1eefa ngh\u1ec9 ng\u01a1i v\u00e0 kh\u00e1m ph\u00e1, v\u00e0 \u0111\u1eb7c bi\u1ec7t <b>kh\u00f4ng bao gi\u1edd bao g\u1ed3m c\u00e1c \u0111i\u1ec3m d\u1eebng mua s\u1eafm b\u1eaft bu\u1ed9c<\/b>.<\/p>\n<\/div>\n<\/div>\n","protected":false},"excerpt":{"rendered":"<h2>Kh\u00e1m Ph\u00e1 Tuy\u1ebfn \u0110\u01b0\u1eddng V\u00e0ng C\u1ee7a Nh\u1eadt B\u1ea3n Trong 6 Ng\u00e0y<\/h2>\n<p data-path-to-node=\"3\">H\u00e3y kh\u00e1m ph\u00e1 nh\u1eefng tinh hoa nh\u1ea5t c\u1ee7a Nh\u1eadt B\u1ea3n ch\u1ec9 trong 6 ng\u00e0y v\u1edbi tour Tuy\u1ebfn \u0110\u01b0\u1eddng V\u00e0ng (Golden Route) c\u1ee7a ch\u00fang t\u00f4i. H\u00e0nh tr\u00ecnh kh\u00f3 qu\u00ean n\u00e0y s\u1ebd \u0111\u01b0a Qu\u00fd kh\u00e1ch xuy\u00ean qua tr\u00e1i tim v\u0103n h\u00f3a c\u1ee7a <b>Osaka<\/b> v\u00e0 <b>Kyoto<\/b>, \u0111\u1ebfn v\u1ebb \u0111\u1eb9p mang t\u00ednh bi\u1ec3u t\u01b0\u1ee3ng c\u1ee7a <b>N\u00fai Ph\u00fa S\u0129<\/b>, v\u00e0 h\u00f2a m\u00ecnh v\u00e0o n\u0103ng l\u01b0\u1ee3ng s\u00f4i \u0111\u1ed9ng c\u1ee7a <b>Tokyo<\/b>.<\/p>\n<p data-path-to-node=\"4\">Qu\u00fd kh\u00e1ch s\u1ebd \u0111\u01b0\u1ee3c tr\u1ea3i nghi\u1ec7m chuy\u1ebfn \u0111i \u0111\u1ea7y k\u1ecbch t\u00ednh tr\u00ean t\u00e0u cao t\u1ed1c <b>Shinkansen<\/b> v\u00e0 kh\u00e1m ph\u00e1 nh\u1eefng ng\u00f4i \u0111\u1ec1n c\u1ed5 k\u00ednh. L\u1ecbch tr\u00ecnh nh\u00f3m nh\u1ecf, tho\u1ea3i m\u00e1i c\u1ee7a ch\u00fang t\u00f4i \u0111\u01b0\u1ee3c thi\u1ebft k\u1ebf nh\u1eb1m mang l\u1ea1i tr\u1ea3i nghi\u1ec7m ch\u00e2n th\u1ef1c, s\u00e2u s\u1eafc, v\u00e0 cam k\u1ebft <b>kh\u00f4ng c\u00f3 c\u00e1c \u0111i\u1ec3m d\u1eebng mua s\u1eafm b\u1eaft bu\u1ed9c<\/b>.<\/p>\n","protected":false},"featured_media":345,"comment_status":"open","ping_status":"closed","template":"","meta":[],"product_cat":[20,21,31,77,78],"product_tag":[],"class_list":["post-93","product","type-product","status-publish","has-post-thumbnail","hentry","diem-den-nhat-ban","phuong-tien-moving-by-car","product_cat-multi-day-tours","product_cat-city-tours-nhat-ban","product_cat-du-lich-kanto","product_cat-du-lich-nhat-ban","product_cat-du-lich-van-hoa-thien-nhien-nhat-ban"],"yoast_head":"<!-- This site is optimized with the Yoast SEO plugin v14.3 - https:\/\/yoast.com\/wordpress\/plugins\/seo\/ -->\n<title>Cung \u0110\u01b0\u1eddng V\u00e0ng_Ph\u1ed5 Th\u00f4ng_Lo\u1ea1i 1_T\u1eeb Osaka - Japan Travel - Asahi VietLife<\/title>\n<meta name=\"robots\" content=\"index, follow\" \/>\n<meta name=\"googlebot\" content=\"index, follow, max-snippet:-1, max-image-preview:large, max-video-preview:-1\" \/>\n<meta name=\"bingbot\" content=\"index, follow, max-snippet:-1, max-image-preview:large, max-video-preview:-1\" \/>\n<link rel=\"canonical\" href=\"https:\/\/asahijapantours.com\/tour\/cung-duong-vang_pho-thong_loai-1_tu-osaka\/\" \/>\n<meta property=\"og:locale\" content=\"ja_JP\" \/>\n<meta property=\"og:type\" content=\"article\" \/>\n<meta property=\"og:title\" content=\"Cung \u0110\u01b0\u1eddng V\u00e0ng_Ph\u1ed5 Th\u00f4ng_Lo\u1ea1i 1_T\u1eeb Osaka - Japan Travel - Asahi VietLife\" \/>\n<meta property=\"og:description\" content=\"Kh\u00e1m Ph\u00e1 Tuy\u1ebfn \u0110\u01b0\u1eddng V\u00e0ng C\u1ee7a Nh\u1eadt B\u1ea3n Trong 6 Ng\u00e0y H\u00e3y kh\u00e1m ph\u00e1 nh\u1eefng tinh hoa nh\u1ea5t c\u1ee7a Nh\u1eadt B\u1ea3n ch\u1ec9 trong 6 ng\u00e0y v\u1edbi tour Tuy\u1ebfn \u0110\u01b0\u1eddng V\u00e0ng (Golden Route) c\u1ee7a ch\u00fang t\u00f4i. H\u00e0nh tr\u00ecnh kh\u00f3 qu\u00ean n\u00e0y s\u1ebd \u0111\u01b0a Qu\u00fd kh\u00e1ch xuy\u00ean qua tr\u00e1i tim v\u0103n h\u00f3a c\u1ee7a Osaka v\u00e0 Kyoto, \u0111\u1ebfn v\u1ebb \u0111\u1eb9p mang t\u00ednh bi\u1ec3u t\u01b0\u1ee3ng c\u1ee7a N\u00fai Ph\u00fa S\u0129, v\u00e0 h\u00f2a m\u00ecnh v\u00e0o n\u0103ng l\u01b0\u1ee3ng s\u00f4i \u0111\u1ed9ng c\u1ee7a Tokyo. Qu\u00fd kh\u00e1ch s\u1ebd \u0111\u01b0\u1ee3c tr\u1ea3i nghi\u1ec7m chuy\u1ebfn \u0111i \u0111\u1ea7y k\u1ecbch t\u00ednh tr\u00ean t\u00e0u cao t\u1ed1c Shinkansen v\u00e0 kh\u00e1m ph\u00e1 nh\u1eefng ng\u00f4i \u0111\u1ec1n c\u1ed5 k\u00ednh. L\u1ecbch tr\u00ecnh nh\u00f3m nh\u1ecf, tho\u1ea3i m\u00e1i c\u1ee7a ch\u00fang t\u00f4i \u0111\u01b0\u1ee3c thi\u1ebft k\u1ebf nh\u1eb1m mang l\u1ea1i tr\u1ea3i nghi\u1ec7m ch\u00e2n th\u1ef1c, s\u00e2u s\u1eafc, v\u00e0 cam k\u1ebft kh\u00f4ng c\u00f3 c\u00e1c \u0111i\u1ec3m d\u1eebng mua s\u1eafm b\u1eaft bu\u1ed9c.\" \/>\n<meta property=\"og:url\" content=\"https:\/\/asahijapantours.com\/tour\/cung-duong-vang_pho-thong_loai-1_tu-osaka\/\" \/>\n<meta property=\"og:site_name\" content=\"Japan Travel - Asahi VietLife\" \/>\n<meta property=\"article:modified_time\" content=\"2025-12-02T13:48:54+00:00\" \/>\n<meta property=\"og:image\" content=\"https:\/\/asahivietlife.tokyo\/wp-content\/uploads\/2025\/05\/Ch\u00f9a-ngh\u00ecn-c\u1ed9t-2-1-scaled.jpg\" \/>\n\t<meta property=\"og:image:width\" content=\"2560\" \/>\n\t<meta property=\"og:image:height\" content=\"1501\" \/>\n<meta name=\"twitter:card\" content=\"summary\" \/>\n<script type=\"application\/ld+json\" class=\"yoast-schema-graph\">{\"@context\":\"https:\/\/schema.org\",\"@graph\":[{\"@type\":\"WebSite\",\"@id\":\"https:\/\/asahivietlife.tokyo\/ja\/#website\",\"url\":\"https:\/\/asahivietlife.tokyo\/ja\/\",\"name\":\"Japan Travel - Asahi VietLife\",\"description\":\"Japan Tour Packages\",\"potentialAction\":[{\"@type\":\"SearchAction\",\"target\":\"https:\/\/asahivietlife.tokyo\/ja\/?s={search_term_string}\",\"query-input\":\"required name=search_term_string\"}],\"inLanguage\":\"ja\"},{\"@type\":\"ImageObject\",\"@id\":\"https:\/\/asahijapantours.com\/tour\/cung-duong-vang_pho-thong_loai-1_tu-osaka\/#primaryimage\",\"inLanguage\":\"ja\",\"url\":\"https:\/\/asahivietlife.tokyo\/wp-content\/uploads\/2025\/05\/Ch\\u00f9a-ngh\\u00ecn-c\\u1ed9t-2-1-scaled.jpg\",\"width\":2560,\"height\":1501},{\"@type\":\"WebPage\",\"@id\":\"https:\/\/asahijapantours.com\/tour\/cung-duong-vang_pho-thong_loai-1_tu-osaka\/#webpage\",\"url\":\"https:\/\/asahijapantours.com\/tour\/cung-duong-vang_pho-thong_loai-1_tu-osaka\/\",\"name\":\"Cung \\u0110\\u01b0\\u1eddng V\\u00e0ng_Ph\\u1ed5 Th\\u00f4ng_Lo\\u1ea1i 1_T\\u1eeb Osaka - Japan Travel - Asahi VietLife\",\"isPartOf\":{\"@id\":\"https:\/\/asahivietlife.tokyo\/ja\/#website\"},\"primaryImageOfPage\":{\"@id\":\"https:\/\/asahijapantours.com\/tour\/cung-duong-vang_pho-thong_loai-1_tu-osaka\/#primaryimage\"},\"datePublished\":\"2025-03-19T18:59:01+00:00\",\"dateModified\":\"2025-12-02T13:48:54+00:00\",\"breadcrumb\":{\"@id\":\"https:\/\/asahijapantours.com\/tour\/cung-duong-vang_pho-thong_loai-1_tu-osaka\/#breadcrumb\"},\"inLanguage\":\"ja\",\"potentialAction\":[{\"@type\":\"ReadAction\",\"target\":[\"https:\/\/asahijapantours.com\/tour\/cung-duong-vang_pho-thong_loai-1_tu-osaka\/\"]}]},{\"@type\":\"BreadcrumbList\",\"@id\":\"https:\/\/asahijapantours.com\/tour\/cung-duong-vang_pho-thong_loai-1_tu-osaka\/#breadcrumb\",\"itemListElement\":[{\"@type\":\"ListItem\",\"position\":1,\"item\":{\"@type\":\"WebPage\",\"@id\":\"https:\/\/asahivietlife.tokyo\/\",\"url\":\"https:\/\/asahivietlife.tokyo\/\",\"name\":\"AsahiVietLife-Explore Japan\"}},{\"@type\":\"ListItem\",\"position\":2,\"item\":{\"@type\":\"WebPage\",\"@id\":\"https:\/\/asahivietlife.tokyo\/gio-hang\/\",\"url\":\"https:\/\/asahivietlife.tokyo\/gio-hang\/\",\"name\":\"Cart\"}},{\"@type\":\"ListItem\",\"position\":3,\"item\":{\"@type\":\"WebPage\",\"@id\":\"https:\/\/asahijapantours.com\/tour\/cung-duong-vang_pho-thong_loai-1_tu-osaka\/\",\"url\":\"https:\/\/asahijapantours.com\/tour\/cung-duong-vang_pho-thong_loai-1_tu-osaka\/\",\"name\":\"Cung \\u0110\\u01b0\\u1eddng V\\u00e0ng_Ph\\u1ed5 Th\\u00f4ng_Lo\\u1ea1i 1_T\\u1eeb Osaka\"}}]}]}<\/script>\n<!-- \/ Yoast SEO plugin. -->","_links":{"self":[{"href":"https:\/\/asahivietlife.tokyo\/ja\/wp-json\/wp\/v2\/product\/93","targetHints":{"allow":["GET"]}}],"collection":[{"href":"https:\/\/asahivietlife.tokyo\/ja\/wp-json\/wp\/v2\/product"}],"about":[{"href":"https:\/\/asahivietlife.tokyo\/ja\/wp-json\/wp\/v2\/types\/product"}],"replies":[{"embeddable":true,"href":"https:\/\/asahivietlife.tokyo\/ja\/wp-json\/wp\/v2\/comments?post=93"}],"wp:featuredmedia":[{"embeddable":true,"href":"https:\/\/asahivietlife.tokyo\/ja\/wp-json\/wp\/v2\/media\/345"}],"wp:attachment":[{"href":"https:\/\/asahivietlife.tokyo\/ja\/wp-json\/wp\/v2\/media?parent=93"}],"wp:term":[{"taxonomy":"product_cat","embeddable":true,"href":"https:\/\/asahivietlife.tokyo\/ja\/wp-json\/wp\/v2\/product_cat?post=93"},{"taxonomy":"product_tag","embeddable":true,"href":"https:\/\/asahivietlife.tokyo\/ja\/wp-json\/wp\/v2\/product_tag?post=93"}],"curies":[{"name":"wp","href":"https:\/\/api.w.org\/{rel}","templated":true}]}}