 
{"id":2,"date":"2017-04-10T06:29:09","date_gmt":"2017-04-10T06:29:09","guid":{"rendered":"http:\/\/nt12.chonweb.vn\/?page_id=2"},"modified":"2026-04-08T10:42:41","modified_gmt":"2026-04-08T03:42:41","slug":"trang-chu","status":"publish","type":"page","link":"https:\/\/asahivietlife.tokyo\/ja\/","title":{"rendered":"\u30db\u30fc\u30e0"},"content":{"rendered":"<p>\u0110\u00e2y l\u00e0 trang ch\u1ee7&#8230;&#8230;&#8230;..<\/p>\n","protected":false},"excerpt":{"rendered":"<p>\u0110\u00e2y l\u00e0 trang ch\u1ee7&#8230;&#8230;&#8230;..<\/p>\n","protected":false},"author":1,"featured_media":0,"parent":0,"menu_order":0,"comment_status":"closed","ping_status":"closed","template":"","meta":{"footnotes":""},"class_list":["post-2","page","type-page","status-publish","hentry"],"yoast_head":"<!-- This site is optimized with the Yoast SEO plugin v14.3 - https:\/\/yoast.com\/wordpress\/plugins\/seo\/ -->\n<title>\u30db\u30fc\u30e0  - Japan Travel - Asahi VietLife<\/title>\n<meta name=\"robots\" content=\"index, follow\" \/>\n<meta name=\"googlebot\" content=\"index, follow, max-snippet:-1, max-image-preview:large, max-video-preview:-1\" \/>\n<meta name=\"bingbot\" content=\"index, follow, max-snippet:-1, max-image-preview:large, max-video-preview:-1\" \/>\n<link rel=\"canonical\" href=\"https:\/\/asahivietlife.tokyo\/\" \/>\n<meta property=\"og:locale\" content=\"ja_JP\" \/>\n<meta property=\"og:type\" content=\"article\" \/>\n<meta property=\"og:title\" content=\"[:vi]Trang ch\u1ee7[:en]Home[:ja] \u30db\u30fc\u30e0 [:] - Japan Travel - Asahi VietLife\" \/>\n<meta property=\"og:description\" content=\"\u0110\u00e2y l\u00e0 trang ch\u1ee7&#8230;&#8230;&#8230;..\" \/>\n<meta property=\"og:url\" content=\"https:\/\/asahivietlife.tokyo\/\" \/>\n<meta property=\"og:site_name\" content=\"Japan Travel - Asahi VietLife\" \/>\n<meta property=\"article:modified_time\" content=\"2026-04-08T03:42:41+00:00\" \/>\n<meta name=\"twitter:card\" content=\"summary\" \/>\n<script type=\"application\/ld+json\" class=\"yoast-schema-graph\">{\"@context\":\"https:\/\/schema.org\",\"@graph\":[{\"@type\":\"WebSite\",\"@id\":\"https:\/\/asahivietlife.tokyo\/ja\/#website\",\"url\":\"https:\/\/asahivietlife.tokyo\/ja\/\",\"name\":\"Japan Travel - Asahi VietLife\",\"description\":\"Japan Tour Packages\",\"potentialAction\":[{\"@type\":\"SearchAction\",\"target\":\"https:\/\/asahivietlife.tokyo\/ja\/?s={search_term_string}\",\"query-input\":\"required name=search_term_string\"}],\"inLanguage\":\"ja\"},{\"@type\":\"WebPage\",\"@id\":\"https:\/\/asahivietlife.tokyo\/#webpage\",\"url\":\"https:\/\/asahivietlife.tokyo\/\",\"name\":\"[:vi]Trang ch\\u1ee7[:en]Home[:ja] \\u30db\\u30fc\\u30e0 [:] - Japan Travel - Asahi VietLife\",\"isPartOf\":{\"@id\":\"https:\/\/asahivietlife.tokyo\/ja\/#website\"},\"datePublished\":\"2017-04-10T06:29:09+00:00\",\"dateModified\":\"2026-04-08T03:42:41+00:00\",\"breadcrumb\":{\"@id\":\"https:\/\/asahivietlife.tokyo\/#breadcrumb\"},\"inLanguage\":\"ja\",\"potentialAction\":[{\"@type\":\"ReadAction\",\"target\":[\"https:\/\/asahivietlife.tokyo\/\"]}]},{\"@type\":\"BreadcrumbList\",\"@id\":\"https:\/\/asahivietlife.tokyo\/#breadcrumb\",\"itemListElement\":[{\"@type\":\"ListItem\",\"position\":1,\"item\":{\"@type\":\"WebPage\",\"@id\":\"https:\/\/asahivietlife.tokyo\/\",\"url\":\"https:\/\/asahivietlife.tokyo\/\",\"name\":\"AsahiVietLife-Explore Japan\"}},{\"@type\":\"ListItem\",\"position\":2,\"item\":{\"@type\":\"WebPage\",\"@id\":\"https:\/\/asahivietlife.tokyo\/\",\"url\":\"https:\/\/asahivietlife.tokyo\/\",\"name\":\"Home\"}}]}]}<\/script>\n<!-- \/ Yoast SEO plugin. -->","_links":{"self":[{"href":"https:\/\/asahivietlife.tokyo\/ja\/wp-json\/wp\/v2\/pages\/2","targetHints":{"allow":["GET"]}}],"collection":[{"href":"https:\/\/asahivietlife.tokyo\/ja\/wp-json\/wp\/v2\/pages"}],"about":[{"href":"https:\/\/asahivietlife.tokyo\/ja\/wp-json\/wp\/v2\/types\/page"}],"author":[{"embeddable":true,"href":"https:\/\/asahivietlife.tokyo\/ja\/wp-json\/wp\/v2\/users\/1"}],"replies":[{"embeddable":true,"href":"https:\/\/asahivietlife.tokyo\/ja\/wp-json\/wp\/v2\/comments?post=2"}],"version-history":[{"count":2,"href":"https:\/\/asahivietlife.tokyo\/ja\/wp-json\/wp\/v2\/pages\/2\/revisions"}],"predecessor-version":[{"id":461,"href":"https:\/\/asahivietlife.tokyo\/ja\/wp-json\/wp\/v2\/pages\/2\/revisions\/461"}],"wp:attachment":[{"href":"https:\/\/asahivietlife.tokyo\/ja\/wp-json\/wp\/v2\/media?parent=2"}],"curies":[{"name":"wp","href":"https:\/\/api.w.org\/{rel}","templated":true}]}}