 
{"id":185,"date":"2022-12-29T04:54:51","date_gmt":"2022-12-29T04:54:51","guid":{"rendered":"http:\/\/localhost\/lvtgroup\/?page_id=185"},"modified":"2026-04-08T10:47:16","modified_gmt":"2026-04-08T03:47:16","slug":"dang-ky","status":"publish","type":"page","link":"https:\/\/asahivietlife.tokyo\/ja\/dang-ky\/","title":{"rendered":"\u767b\u9332"},"content":{"rendered":"","protected":false},"excerpt":{"rendered":"","protected":false},"author":1,"featured_media":0,"parent":0,"menu_order":0,"comment_status":"closed","ping_status":"closed","template":"templates\/page-dangky.php","meta":{"footnotes":""},"class_list":["post-185","page","type-page","status-publish","hentry"],"yoast_head":"<!-- This site is optimized with the Yoast SEO plugin v14.3 - https:\/\/yoast.com\/wordpress\/plugins\/seo\/ -->\n<title>\u767b\u9332  - Japan Travel - Asahi VietLife<\/title>\n<meta name=\"robots\" content=\"index, follow\" \/>\n<meta name=\"googlebot\" content=\"index, follow, max-snippet:-1, max-image-preview:large, max-video-preview:-1\" \/>\n<meta name=\"bingbot\" content=\"index, follow, max-snippet:-1, max-image-preview:large, max-video-preview:-1\" \/>\n<link rel=\"canonical\" href=\"https:\/\/asahivietlife.tokyo\/dang-ky\/\" \/>\n<meta property=\"og:locale\" content=\"ja_JP\" \/>\n<meta property=\"og:type\" content=\"article\" \/>\n<meta property=\"og:title\" content=\"[:en] Register [:vi] \u0110\u0103ng k\u00fd [:ja] \u767b\u9332 [:] - Japan Travel - Asahi VietLife\" \/>\n<meta property=\"og:url\" content=\"https:\/\/asahivietlife.tokyo\/dang-ky\/\" \/>\n<meta property=\"og:site_name\" content=\"Japan Travel - Asahi VietLife\" \/>\n<meta property=\"article:modified_time\" content=\"2026-04-08T03:47:16+00:00\" \/>\n<meta name=\"twitter:card\" content=\"summary\" \/>\n<script type=\"application\/ld+json\" class=\"yoast-schema-graph\">{\"@context\":\"https:\/\/schema.org\",\"@graph\":[{\"@type\":\"WebSite\",\"@id\":\"https:\/\/asahivietlife.tokyo\/ja\/#website\",\"url\":\"https:\/\/asahivietlife.tokyo\/ja\/\",\"name\":\"Japan Travel - Asahi VietLife\",\"description\":\"Japan Tour Packages\",\"potentialAction\":[{\"@type\":\"SearchAction\",\"target\":\"https:\/\/asahivietlife.tokyo\/ja\/?s={search_term_string}\",\"query-input\":\"required name=search_term_string\"}],\"inLanguage\":\"ja\"},{\"@type\":\"WebPage\",\"@id\":\"https:\/\/asahivietlife.tokyo\/dang-ky\/#webpage\",\"url\":\"https:\/\/asahivietlife.tokyo\/dang-ky\/\",\"name\":\"[:en] Register [:vi] \\u0110\\u0103ng k\\u00fd [:ja] \\u767b\\u9332 [:] - Japan Travel - Asahi VietLife\",\"isPartOf\":{\"@id\":\"https:\/\/asahivietlife.tokyo\/ja\/#website\"},\"datePublished\":\"2022-12-29T04:54:51+00:00\",\"dateModified\":\"2026-04-08T03:47:16+00:00\",\"breadcrumb\":{\"@id\":\"https:\/\/asahivietlife.tokyo\/dang-ky\/#breadcrumb\"},\"inLanguage\":\"ja\",\"potentialAction\":[{\"@type\":\"ReadAction\",\"target\":[\"https:\/\/asahivietlife.tokyo\/dang-ky\/\"]}]},{\"@type\":\"BreadcrumbList\",\"@id\":\"https:\/\/asahivietlife.tokyo\/dang-ky\/#breadcrumb\",\"itemListElement\":[{\"@type\":\"ListItem\",\"position\":1,\"item\":{\"@type\":\"WebPage\",\"@id\":\"https:\/\/asahivietlife.tokyo\/\",\"url\":\"https:\/\/asahivietlife.tokyo\/\",\"name\":\"AsahiVietLife-Explore Japan\"}},{\"@type\":\"ListItem\",\"position\":2,\"item\":{\"@type\":\"WebPage\",\"@id\":\"https:\/\/asahivietlife.tokyo\/dang-ky\/\",\"url\":\"https:\/\/asahivietlife.tokyo\/dang-ky\/\",\"name\":\"Register\"}}]}]}<\/script>\n<!-- \/ Yoast SEO plugin. -->","_links":{"self":[{"href":"https:\/\/asahivietlife.tokyo\/ja\/wp-json\/wp\/v2\/pages\/185","targetHints":{"allow":["GET"]}}],"collection":[{"href":"https:\/\/asahivietlife.tokyo\/ja\/wp-json\/wp\/v2\/pages"}],"about":[{"href":"https:\/\/asahivietlife.tokyo\/ja\/wp-json\/wp\/v2\/types\/page"}],"author":[{"embeddable":true,"href":"https:\/\/asahivietlife.tokyo\/ja\/wp-json\/wp\/v2\/users\/1"}],"replies":[{"embeddable":true,"href":"https:\/\/asahivietlife.tokyo\/ja\/wp-json\/wp\/v2\/comments?post=185"}],"version-history":[{"count":2,"href":"https:\/\/asahivietlife.tokyo\/ja\/wp-json\/wp\/v2\/pages\/185\/revisions"}],"predecessor-version":[{"id":463,"href":"https:\/\/asahivietlife.tokyo\/ja\/wp-json\/wp\/v2\/pages\/185\/revisions\/463"}],"wp:attachment":[{"href":"https:\/\/asahivietlife.tokyo\/ja\/wp-json\/wp\/v2\/media?parent=185"}],"curies":[{"name":"wp","href":"https:\/\/api.w.org\/{rel}","templated":true}]}}