 
{"id":12,"date":"2024-04-14T06:31:50","date_gmt":"2024-04-13T23:31:50","guid":{"rendered":"http:\/\/nt12.chonweb.vn\/?page_id=12"},"modified":"2026-04-08T10:48:07","modified_gmt":"2026-04-08T03:48:07","slug":"lien-he","status":"publish","type":"page","link":"https:\/\/asahivietlife.tokyo\/ja\/lien-he\/","title":{"rendered":"\u304a\u554f\u3044\u5408\u308f\u305b"},"content":{"rendered":"<div dir=\"auto\">\n<h2>CH\u00cdNH S\u00c1CH D\u1ecaCH V\u1ee4 &amp; TH\u00d4NG TIN LI\u00caN H\u1ec6<\/h2>\n<h3>I. CH\u00cdNH S\u00c1CH \u0110\u1eb6T TOUR &amp; H\u1ee2P T\u00c1C<\/h3>\n<p data-path-to-node=\"4\">\u0110\u1ec3 \u0111\u1ea3m b\u1ea3o quy\u1ec1n l\u1ee3i t\u1ed1t nh\u1ea5t v\u00e0 ch\u1ea5t l\u01b0\u1ee3ng d\u1ecbch v\u1ee5 cao nh\u1ea5t, Qu\u00fd kh\u00e1ch vui l\u00f2ng tham kh\u1ea3o c\u00e1c ch\u00ednh s\u00e1ch sau:<\/p>\n<h4>1. Ch\u00ednh s\u00e1ch \u0110\u1eb7t c\u1ecdc (Deposit)<\/h4>\n<ul data-path-to-node=\"6\">\n<li>\n<p data-path-to-node=\"6,0,0\"><b>M\u1ee9c \u0111\u1eb7t c\u1ecdc:<\/b> Qu\u00fd kh\u00e1ch c\u1ea7n thanh to\u00e1n <b>50%<\/b> t\u1ed5ng gi\u00e1 tr\u1ecb tour \u0111\u1ec3 ch\u00ednh th\u1ee9c x\u00e1c nh\u1eadn \u0111\u1eb7t ch\u1ed7.<\/p>\n<\/li>\n<li>\n<p data-path-to-node=\"6,1,0\"><b>M\u1ee5c \u0111\u00edch:<\/b> Kho\u1ea3n \u0111\u1eb7t c\u1ecdc n\u00e0y nh\u1eb1m \u0111\u1ea3m b\u1ea3o vi\u1ec7c gi\u1eef ch\u1ed7, \u0111\u1eb7t tr\u01b0\u1edbc c\u00e1c d\u1ecbch v\u1ee5 quan tr\u1ecdng (kh\u00e1ch s\u1ea1n, v\u00e9 m\u00e1y bay, xe c\u1ed9) v\u1edbi m\u1ee9c gi\u00e1 v\u00e0 d\u1ecbch v\u1ee5 t\u1ed1t nh\u1ea5t, tr\u00e1nh r\u1ee7i ro bi\u1ebfn \u0111\u1ed9ng gi\u00e1.<\/p>\n<\/li>\n<\/ul>\n<h4>2. Ch\u00ednh s\u00e1ch H\u1ee3p t\u00e1c \u0110\u1ea1i l\u00fd (Agent Partnership)<\/h4>\n<ul data-path-to-node=\"8\">\n<li>\n<p data-path-to-node=\"8,0,0\"><b>\u01afu \u0111\u00e3i:<\/b> Khi h\u1ee3p t\u00e1c v\u1edbi <b>Asahi VietLife<\/b> d\u01b0\u1edbi h\u00ecnh th\u1ee9c \u0110\u1ea1i l\u00fd\/\u0110\u1ed1i t\u00e1c, Qu\u00fd \u0111\u1ed1i t\u00e1c s\u1ebd nh\u1eadn \u0111\u01b0\u1ee3c <b>chi\u1ebft kh\u1ea5u 5% &#8211; 7%<\/b> tr\u00ean t\u1ed5ng chi ph\u00ed tour.<\/p>\n<\/li>\n<li>\n<p data-path-to-node=\"8,1,0\"><b>L\u1ee3i \u00edch:<\/b> C\u01a1 h\u1ed9i kinh doanh du l\u1ecbch Nh\u1eadt B\u1ea3n v\u1edbi ngu\u1ed3n d\u1ecbch v\u1ee5 ch\u1ea5t l\u01b0\u1ee3ng cao, gi\u00e1 c\u1ea3 c\u1ea1nh tranh \u0111\u01b0\u1ee3c ki\u1ec3m so\u00e1t tr\u1ef1c ti\u1ebfp t\u1eeb v\u0103n ph\u00f2ng t\u1ea1i Nh\u1eadt B\u1ea3n.<\/p>\n<\/li>\n<\/ul>\n<hr data-path-to-node=\"9\" \/>\n<h3>II. V\u0102N PH\u00d2NG &amp; TH\u00d4NG TIN LI\u00caN H\u1ec6 T\u1ea0I NH\u1eacT B\u1ea2N<\/h3>\n<p data-path-to-node=\"11\"><b>Asahi VietLife LLC<\/b> cam k\u1ebft h\u1ed7 tr\u1ee3 kh\u00e1ch h\u00e0ng 24\/7 t\u1eeb tr\u1ee5 s\u1edf ch\u00ednh t\u1ea1i Tokyo.<\/p>\n<h4>? \u0110\u1ecba ch\u1ec9 V\u0103n ph\u00f2ng<\/h4>\n<ul data-path-to-node=\"13\">\n<li>\n<p data-path-to-node=\"13,0,0\"><b>\u0110\u1ecba ch\u1ec9:<\/b> 1-35-12 Adachi, Adachi-ku, Tokyo, Japan<\/p>\n<\/li>\n<li>\n<p data-path-to-node=\"13,1,0\"><b>Fanpage:<\/b> Du l\u1ecbch Asahi VietLife &#8211; Japan Travel<\/p>\n<\/li>\n<\/ul>\n<h4>? Email H\u1ed7 tr\u1ee3<\/h4>\n<ul data-path-to-node=\"15\">\n<li>\n<p data-path-to-node=\"15,0,0\">Asahivietlifejapantours@gmail.com<\/p>\n<\/li>\n<li>\n<p data-path-to-node=\"15,1,0\">Contact@asahivietlife.tokyo<\/p>\n<\/li>\n<\/ul>\n<h4>? Hotline H\u1ed7 tr\u1ee3 (Trong n\u01b0\u1edbc v\u00e0 Qu\u1ed1c t\u1ebf)<\/h4>\n<table style=\"width: 100%; height: 184px;\" data-path-to-node=\"17\">\n<thead>\n<tr style=\"height: 26px;\">\n<td style=\"width: 21.9911%; height: 26px;\"><strong>Ng\u01b0\u1eddi Ph\u1ee5 tr\u00e1ch<\/strong><\/td>\n<td style=\"width: 26.8945%; height: 26px;\"><strong>S\u1ed1 \u0111i\u1ec7n tho\u1ea1i (+81)<\/strong><\/td>\n<td style=\"width: 51.1144%; height: 26px;\"><strong>Ng\u00f4n ng\u1eef H\u1ed7 tr\u1ee3<\/strong><\/td>\n<\/tr>\n<\/thead>\n<tbody>\n<tr style=\"height: 53px;\">\n<td style=\"width: 21.9911%; height: 53px;\"><span data-path-to-node=\"17,1,0,0\"><b>Hotline V\u0103n ph\u00f2ng<\/b><\/span><\/td>\n<td style=\"width: 26.8945%; height: 53px;\"><span data-path-to-node=\"17,1,1,0\">03-6675-4977<\/span><\/td>\n<td style=\"width: 51.1144%; height: 53px;\"><span data-path-to-node=\"17,1,2,0\">Ti\u1ebfng Nh\u1eadt, Ti\u1ebfng Vi\u1ec7t<\/span><\/td>\n<\/tr>\n<tr style=\"height: 26px;\">\n<td style=\"width: 21.9911%; height: 26px;\"><span data-path-to-node=\"17,2,0,0\"><b>Mrs. Rina<\/b><\/span><\/td>\n<td style=\"width: 26.8945%; height: 26px;\"><span data-path-to-node=\"17,2,1,0\">070-2813-6693<\/span><\/td>\n<td style=\"width: 51.1144%; height: 26px;\"><span data-path-to-node=\"17,2,2,0\">Ti\u1ebfng Nh\u1eadt (Ph\u1ee5 tr\u00e1ch \u0111\u1ed1i ngo\u1ea1i &amp; d\u1ecbch v\u1ee5)<\/span><\/td>\n<\/tr>\n<tr style=\"height: 26px;\">\n<td style=\"width: 21.9911%; height: 26px;\"><span data-path-to-node=\"17,3,0,0\"><b>Mr. Tr\u01b0\u1eddng Giang<\/b><\/span><\/td>\n<td style=\"width: 26.8945%; height: 26px;\"><span data-path-to-node=\"17,3,1,0\">070-2794-4770<\/span><\/td>\n<td style=\"width: 51.1144%; height: 26px;\"><span data-path-to-node=\"17,3,2,0\">Ti\u1ebfng Vi\u1ec7t (H\u1ed7 tr\u1ee3 kh\u00e1ch h\u00e0ng t\u1ea1i Nh\u1eadt)<\/span><\/td>\n<\/tr>\n<tr style=\"height: 53px;\">\n<td style=\"width: 21.9911%; height: 53px;\"><span data-path-to-node=\"17,4,0,0\"><b>Mr. Linh<\/b><\/span><\/td>\n<td style=\"width: 26.8945%; height: 53px;\"><span data-path-to-node=\"17,4,1,0\">070-9188-1073<\/span><\/td>\n<td style=\"width: 51.1144%; height: 53px;\"><span data-path-to-node=\"17,4,2,0\">Ti\u1ebfng Anh (H\u01b0\u1edbng d\u1eabn vi\u00ean &amp; H\u1ed7 tr\u1ee3 ng\u00f4n ng\u1eef qu\u1ed1c t\u1ebf)<\/span><\/td>\n<\/tr>\n<\/tbody>\n<\/table>\n<p data-path-to-node=\"19,0,0\">\n<ul data-path-to-node=\"19\">\n<li>\n<p data-path-to-node=\"19,1,0\"><i>Qu\u00fd kh\u00e1ch vui l\u00f2ng s\u1eed d\u1ee5ng c\u00e1c \u1ee9ng d\u1ee5ng n\u00e0y \u0111\u1ec3 li\u00ean l\u1ea1c mi\u1ec5n ph\u00ed khi \u0111\u00e3 c\u00f3 m\u1ea1ng t\u1ea1i Nh\u1eadt B\u1ea3n.<\/i><\/p>\n<\/li>\n<\/ul>\n<\/div>\n","protected":false},"excerpt":{"rendered":"<p>CH\u00cdNH S\u00c1CH D\u1ecaCH V\u1ee4 &amp; TH\u00d4NG TIN LI\u00caN H\u1ec6 I. CH\u00cdNH S\u00c1CH \u0110\u1eb6T TOUR &amp; H\u1ee2P T\u00c1C \u0110\u1ec3 \u0111\u1ea3m b\u1ea3o quy\u1ec1n l\u1ee3i t\u1ed1t nh\u1ea5t  &hellip; <\/p>\n<p class=\"link-more\"><a href=\"https:\/\/asahivietlife.tokyo\/ja\/lien-he\/\" class=\"more-link\">Continue reading<span class=\"screen-reader-text\"> &#8220;\u304a\u554f\u3044\u5408\u308f\u305b&#8221;<\/span><\/a><\/p>\n","protected":false},"author":1,"featured_media":0,"parent":0,"menu_order":0,"comment_status":"closed","ping_status":"closed","template":"templates\/page-contact.php","meta":{"footnotes":""},"class_list":["post-12","page","type-page","status-publish","hentry"],"yoast_head":"<!-- This site is optimized with the Yoast SEO plugin v14.3 - https:\/\/yoast.com\/wordpress\/plugins\/seo\/ -->\n<title>\u304a\u554f\u3044\u5408\u308f\u305b  - Japan Travel - Asahi VietLife<\/title>\n<meta name=\"robots\" content=\"index, follow\" \/>\n<meta name=\"googlebot\" content=\"index, follow, max-snippet:-1, max-image-preview:large, max-video-preview:-1\" \/>\n<meta name=\"bingbot\" content=\"index, follow, max-snippet:-1, max-image-preview:large, max-video-preview:-1\" \/>\n<link rel=\"canonical\" href=\"https:\/\/asahivietlife.tokyo\/lien-he\/\" \/>\n<meta property=\"og:locale\" content=\"ja_JP\" \/>\n<meta property=\"og:type\" content=\"article\" \/>\n<meta property=\"og:title\" content=\"[:en] Contact [:vi] Li\u00ean h\u1ec7 [:ja] \u304a\u554f\u3044\u5408\u308f\u305b [:] - Japan Travel - Asahi VietLife\" \/>\n<meta property=\"og:description\" content=\"CH\u00cdNH S\u00c1CH D\u1ecaCH V\u1ee4 &amp; TH\u00d4NG TIN LI\u00caN H\u1ec6 I. CH\u00cdNH S\u00c1CH \u0110\u1eb6T TOUR &amp; H\u1ee2P T\u00c1C \u0110\u1ec3 \u0111\u1ea3m b\u1ea3o quy\u1ec1n l\u1ee3i t\u1ed1t nh\u1ea5t &hellip; Continue reading &quot;\u304a\u554f\u3044\u5408\u308f\u305b&quot;\" \/>\n<meta property=\"og:url\" content=\"https:\/\/asahivietlife.tokyo\/lien-he\/\" \/>\n<meta property=\"og:site_name\" content=\"Japan Travel - Asahi VietLife\" \/>\n<meta property=\"article:modified_time\" content=\"2026-04-08T03:48:07+00:00\" \/>\n<meta name=\"twitter:card\" content=\"summary\" \/>\n<script type=\"application\/ld+json\" class=\"yoast-schema-graph\">{\"@context\":\"https:\/\/schema.org\",\"@graph\":[{\"@type\":\"WebSite\",\"@id\":\"https:\/\/asahivietlife.tokyo\/ja\/#website\",\"url\":\"https:\/\/asahivietlife.tokyo\/ja\/\",\"name\":\"Japan Travel - Asahi VietLife\",\"description\":\"Japan Tour Packages\",\"potentialAction\":[{\"@type\":\"SearchAction\",\"target\":\"https:\/\/asahivietlife.tokyo\/ja\/?s={search_term_string}\",\"query-input\":\"required name=search_term_string\"}],\"inLanguage\":\"ja\"},{\"@type\":\"WebPage\",\"@id\":\"https:\/\/asahivietlife.tokyo\/lien-he\/#webpage\",\"url\":\"https:\/\/asahivietlife.tokyo\/lien-he\/\",\"name\":\"[:en] Contact [:vi] Li\\u00ean h\\u1ec7 [:ja] \\u304a\\u554f\\u3044\\u5408\\u308f\\u305b [:] - Japan Travel - Asahi VietLife\",\"isPartOf\":{\"@id\":\"https:\/\/asahivietlife.tokyo\/ja\/#website\"},\"datePublished\":\"2024-04-13T23:31:50+00:00\",\"dateModified\":\"2026-04-08T03:48:07+00:00\",\"breadcrumb\":{\"@id\":\"https:\/\/asahivietlife.tokyo\/lien-he\/#breadcrumb\"},\"inLanguage\":\"ja\",\"potentialAction\":[{\"@type\":\"ReadAction\",\"target\":[\"https:\/\/asahivietlife.tokyo\/lien-he\/\"]}]},{\"@type\":\"BreadcrumbList\",\"@id\":\"https:\/\/asahivietlife.tokyo\/lien-he\/#breadcrumb\",\"itemListElement\":[{\"@type\":\"ListItem\",\"position\":1,\"item\":{\"@type\":\"WebPage\",\"@id\":\"https:\/\/asahivietlife.tokyo\/\",\"url\":\"https:\/\/asahivietlife.tokyo\/\",\"name\":\"AsahiVietLife-Explore Japan\"}},{\"@type\":\"ListItem\",\"position\":2,\"item\":{\"@type\":\"WebPage\",\"@id\":\"https:\/\/asahivietlife.tokyo\/lien-he\/\",\"url\":\"https:\/\/asahivietlife.tokyo\/lien-he\/\",\"name\":\"Contact\"}}]}]}<\/script>\n<!-- \/ Yoast SEO plugin. -->","_links":{"self":[{"href":"https:\/\/asahivietlife.tokyo\/ja\/wp-json\/wp\/v2\/pages\/12","targetHints":{"allow":["GET"]}}],"collection":[{"href":"https:\/\/asahivietlife.tokyo\/ja\/wp-json\/wp\/v2\/pages"}],"about":[{"href":"https:\/\/asahivietlife.tokyo\/ja\/wp-json\/wp\/v2\/types\/page"}],"author":[{"embeddable":true,"href":"https:\/\/asahivietlife.tokyo\/ja\/wp-json\/wp\/v2\/users\/1"}],"replies":[{"embeddable":true,"href":"https:\/\/asahivietlife.tokyo\/ja\/wp-json\/wp\/v2\/comments?post=12"}],"version-history":[{"count":10,"href":"https:\/\/asahivietlife.tokyo\/ja\/wp-json\/wp\/v2\/pages\/12\/revisions"}],"predecessor-version":[{"id":465,"href":"https:\/\/asahivietlife.tokyo\/ja\/wp-json\/wp\/v2\/pages\/12\/revisions\/465"}],"wp:attachment":[{"href":"https:\/\/asahivietlife.tokyo\/ja\/wp-json\/wp\/v2\/media?parent=12"}],"curies":[{"name":"wp","href":"https:\/\/api.w.org\/{rel}","templated":true}]}}